{"id":6668,"date":"2023-12-11T15:10:36","date_gmt":"2023-12-11T15:10:36","guid":{"rendered":"http:\/\/www.ecosystemassessments.net\/?page_id=6668"},"modified":"2023-12-11T15:10:37","modified_gmt":"2023-12-11T15:10:37","slug":"lequipe","status":"publish","type":"page","link":"https:\/\/www.ecosystemassessments.net\/fr\/lequipe\/","title":{"rendered":"L&#8217;\u00e9quipe"},"content":{"rendered":"<input type=\"text\" id=\"teamMemberSearch\" placeholder=\"Search by name...\">\n<div class=\"blk-TeamMembersContainer\">\n\n\n    \n<div class=\"blk-TeamMember \" data-fullname=\"Juanita Chaves Posada\" data-role=\"Responsable de l&#039;Initiative NEA\">\n    <div>\n        <img decoding=\"async\" src=\"https:\/\/www.ecosystemassessments.net\/content\/\/uploads\/2023\/12\/WCM04182-scaled.jpg\" alt=\"Juanita Chaves Posada\" class=\"blk-TeamMember_Image\">\n        <div class=\"blk-TeamMember_Details\">\n            <div class=\"blk-TeamMember_FullName\">Juanita Chaves Posada<\/div>\n            <div class=\"blk-TeamMember_Role\">Responsable de l&#039;Initiative NEA<\/div>\n        <\/div>\n    <\/div>\n  <\/div>\n    <!-- Popup -->\n    <div class=\"blk-TeamMember_Popup\">\n        <div class=\"blk-TeamMember_Popup_Content\">\n            <img decoding=\"async\" src=\"https:\/\/www.ecosystemassessments.net\/content\/\/uploads\/2023\/12\/WCM04182-scaled.jpg\" alt=\"Juanita Chaves Posada\" class=\"blk-TeamMember_Popup_Image\">\n            <div>\n                <div class=\"blk-TeamMember_Popup_FullName\">Juanita Chaves Posada<\/div>\n                <div class=\"blk-TeamMember_Popup_Role\">Responsable de l&#039;Initiative NEA<\/div><br><br>\n                <div class=\"blk-TeamMember_Popup_About\">Juanita dirige l&#039;Initiative NEA au sein d&#039;UNEP-WCMC. <\/div>\n            <\/div>\n        <\/div>\n        <button class=\"blk-TeamMember_Popup_Close\">X<\/button>\n    <\/div>\n    \n<div class=\"blk-TeamMember \" data-fullname=\"Claire Brown\" data-role=\"Sp\u00e9cialiste Technique Principale\">\n    <div>\n        <img decoding=\"async\" src=\"https:\/\/www.ecosystemassessments.net\/content\/\/uploads\/2023\/12\/1612537350249.jpg\" alt=\"Claire Brown\" class=\"blk-TeamMember_Image\">\n        <div class=\"blk-TeamMember_Details\">\n            <div class=\"blk-TeamMember_FullName\">Claire Brown<\/div>\n            <div class=\"blk-TeamMember_Role\">Sp\u00e9cialiste Technique Principale<\/div>\n        <\/div>\n    <\/div>\n  <\/div>\n    <!-- Popup -->\n    <div class=\"blk-TeamMember_Popup\">\n        <div class=\"blk-TeamMember_Popup_Content\">\n            <img decoding=\"async\" src=\"https:\/\/www.ecosystemassessments.net\/content\/\/uploads\/2023\/12\/1612537350249.jpg\" alt=\"Claire Brown\" class=\"blk-TeamMember_Popup_Image\">\n            <div>\n                <div class=\"blk-TeamMember_Popup_FullName\">Claire Brown<\/div>\n                <div class=\"blk-TeamMember_Popup_Role\">Sp\u00e9cialiste Technique Principale<\/div><br><br>\n                <div class=\"blk-TeamMember_Popup_About\">Claire assure la supervision strat\u00e9gique de l&#039;Initiative NEA d&#039;un point de vue technique et politique. <\/div>\n            <\/div>\n        <\/div>\n        <button class=\"blk-TeamMember_Popup_Close\">X<\/button>\n    <\/div>\n    \n<div class=\"blk-TeamMember \" data-fullname=\"Boipelo Tshwene-Mauchaza \" data-role=\"Charg\u00e9e de Programme\">\n    <div>\n        <img decoding=\"async\" src=\"https:\/\/www.ecosystemassessments.net\/content\/\/uploads\/2023\/12\/WCM04328-scaled.jpg\" alt=\"Boipelo Tshwene-Mauchaza \" class=\"blk-TeamMember_Image\">\n        <div class=\"blk-TeamMember_Details\">\n            <div class=\"blk-TeamMember_FullName\">Boipelo Tshwene-Mauchaza <\/div>\n            <div class=\"blk-TeamMember_Role\">Charg\u00e9e de Programme<\/div>\n        <\/div>\n    <\/div>\n  <\/div>\n    <!-- Popup -->\n    <div class=\"blk-TeamMember_Popup\">\n        <div class=\"blk-TeamMember_Popup_Content\">\n            <img decoding=\"async\" src=\"https:\/\/www.ecosystemassessments.net\/content\/\/uploads\/2023\/12\/WCM04328-scaled.jpg\" alt=\"Boipelo Tshwene-Mauchaza \" class=\"blk-TeamMember_Popup_Image\">\n            <div>\n                <div class=\"blk-TeamMember_Popup_FullName\">Boipelo Tshwene-Mauchaza <\/div>\n                <div class=\"blk-TeamMember_Popup_Role\">Charg\u00e9e de Programme<\/div><br><br>\n                <div class=\"blk-TeamMember_Popup_About\">Boipelo est le point focal de l&#039;\u00e9quipe du Botswana. Elle apporte un soutien technique et administratif au pays dans la r\u00e9alisation d&#039;une \u00e9valuation nationale compl\u00e8te de l&#039;\u00e9cosyst\u00e8me.<\/div>\n            <\/div>\n        <\/div>\n        <button class=\"blk-TeamMember_Popup_Close\">X<\/button>\n    <\/div>\n    \n<div class=\"blk-TeamMember \" data-fullname=\"Carla Bengoa Rojas\" data-role=\"Charg\u00e9e de Programme\">\n    <div>\n        <img decoding=\"async\" src=\"https:\/\/www.ecosystemassessments.net\/content\/\/uploads\/2023\/12\/WCM04268-1-scaled.jpg\" alt=\"Carla Bengoa Rojas\" class=\"blk-TeamMember_Image\">\n        <div class=\"blk-TeamMember_Details\">\n            <div class=\"blk-TeamMember_FullName\">Carla Bengoa Rojas<\/div>\n            <div class=\"blk-TeamMember_Role\">Charg\u00e9e de Programme<\/div>\n        <\/div>\n    <\/div>\n  <\/div>\n    <!-- Popup -->\n    <div class=\"blk-TeamMember_Popup\">\n        <div class=\"blk-TeamMember_Popup_Content\">\n            <img decoding=\"async\" src=\"https:\/\/www.ecosystemassessments.net\/content\/\/uploads\/2023\/12\/WCM04268-1-scaled.jpg\" alt=\"Carla Bengoa Rojas\" class=\"blk-TeamMember_Popup_Image\">\n            <div>\n                <div class=\"blk-TeamMember_Popup_FullName\">Carla Bengoa Rojas<\/div>\n                <div class=\"blk-TeamMember_Popup_Role\">Charg\u00e9e de Programme<\/div><br><br>\n                <div class=\"blk-TeamMember_Popup_About\">Carla est le point focal de l&#039;\u00e9quipe de la R\u00e9publique dominicaine et de l&#039;\u00e9quipe de la Grenade. Elle est \u00e9galement le point focal pour les savoirs autochtones et locaux.<\/div>\n            <\/div>\n        <\/div>\n        <button class=\"blk-TeamMember_Popup_Close\">X<\/button>\n    <\/div>\n    \n<div class=\"blk-TeamMember \" data-fullname=\"Ceire Booth\" data-role=\"Charg\u00e9e de Programme\">\n    <div>\n        <img decoding=\"async\" src=\"https:\/\/www.ecosystemassessments.net\/content\/\/uploads\/2023\/12\/WCM04156-1-scaled.jpg\" alt=\"Ceire Booth\" class=\"blk-TeamMember_Image\">\n        <div class=\"blk-TeamMember_Details\">\n            <div class=\"blk-TeamMember_FullName\">Ceire Booth<\/div>\n            <div class=\"blk-TeamMember_Role\">Charg\u00e9e de Programme<\/div>\n        <\/div>\n    <\/div>\n  <\/div>\n    <!-- Popup -->\n    <div class=\"blk-TeamMember_Popup\">\n        <div class=\"blk-TeamMember_Popup_Content\">\n            <img decoding=\"async\" src=\"https:\/\/www.ecosystemassessments.net\/content\/\/uploads\/2023\/12\/WCM04156-1-scaled.jpg\" alt=\"Ceire Booth\" class=\"blk-TeamMember_Popup_Image\">\n            <div>\n                <div class=\"blk-TeamMember_Popup_FullName\">Ceire Booth<\/div>\n                <div class=\"blk-TeamMember_Popup_Role\">Charg\u00e9e de Programme<\/div><br><br>\n                <div class=\"blk-TeamMember_Popup_About\">En tant que point focal pour la Bosnie-Herz\u00e9govine, Ceire apporte un soutien individuel \u00e0 l&#039;\u00e9quipe d&#039;\u00e9valuation du pays. Elle est \u00e9galement le point focal pour l&#039;\u00e9galit\u00e9 des sexes dans le cadre de l&#039;Initiative NEA. Cela implique de soutenir la mise en \u0153uvre de la strat\u00e9gie de genre de BES-Net et d&#039;int\u00e9grer la dimension de genre dans le portefeuille de travail de l&#039;Initiative NEA. <\/div>\n            <\/div>\n        <\/div>\n        <button class=\"blk-TeamMember_Popup_Close\">X<\/button>\n    <\/div>\n    \n<div class=\"blk-TeamMember \" data-fullname=\"Charlotte Hicks\" data-role=\"Agent Technique Principal\">\n    <div>\n        <img decoding=\"async\" src=\"https:\/\/www.ecosystemassessments.net\/content\/\/uploads\/2023\/12\/charlotte-hicks-1.jpg\" alt=\"Charlotte Hicks\" class=\"blk-TeamMember_Image\">\n        <div class=\"blk-TeamMember_Details\">\n            <div class=\"blk-TeamMember_FullName\">Charlotte Hicks<\/div>\n            <div class=\"blk-TeamMember_Role\">Agent Technique Principal<\/div>\n        <\/div>\n    <\/div>\n  <\/div>\n    <!-- Popup -->\n    <div class=\"blk-TeamMember_Popup\">\n        <div class=\"blk-TeamMember_Popup_Content\">\n            <img decoding=\"async\" src=\"https:\/\/www.ecosystemassessments.net\/content\/\/uploads\/2023\/12\/charlotte-hicks-1.jpg\" alt=\"Charlotte Hicks\" class=\"blk-TeamMember_Popup_Image\">\n            <div>\n                <div class=\"blk-TeamMember_Popup_FullName\">Charlotte Hicks<\/div>\n                <div class=\"blk-TeamMember_Popup_Role\">Agent Technique Principal<\/div><br><br>\n                <div class=\"blk-TeamMember_Popup_About\">Charlotte assure la liaison et offre un soutien technique aux partenaires nationaux et aux \u00e9quipes de l&#039;Initiative NEA dans la r\u00e9gion Asie-Pacifique. Elle apporte son expertise sur les questions et les \u00e9l\u00e9ments cl\u00e9s de l&#039;\u00e9valuation nationale des \u00e9cosyst\u00e8mes, tels que le changement climatique et les contributions de la nature \u00e0 la sant\u00e9 et au bien-\u00eatre.<\/div>\n            <\/div>\n        <\/div>\n        <button class=\"blk-TeamMember_Popup_Close\">X<\/button>\n    <\/div>\n    \n<div class=\"blk-TeamMember \" data-fullname=\"Esther Chinweuba\" data-role=\"Charg\u00e9e de Programme Associ\u00e9e\">\n    <div>\n        <img decoding=\"async\" src=\"https:\/\/www.ecosystemassessments.net\/content\/\/uploads\/2023\/12\/WCM04165-scaled.jpg\" alt=\"Esther Chinweuba\" class=\"blk-TeamMember_Image\">\n        <div class=\"blk-TeamMember_Details\">\n            <div class=\"blk-TeamMember_FullName\">Esther Chinweuba<\/div>\n            <div class=\"blk-TeamMember_Role\">Charg\u00e9e de Programme Associ\u00e9e<\/div>\n        <\/div>\n    <\/div>\n  <\/div>\n    <!-- Popup -->\n    <div class=\"blk-TeamMember_Popup\">\n        <div class=\"blk-TeamMember_Popup_Content\">\n            <img decoding=\"async\" src=\"https:\/\/www.ecosystemassessments.net\/content\/\/uploads\/2023\/12\/WCM04165-scaled.jpg\" alt=\"Esther Chinweuba\" class=\"blk-TeamMember_Popup_Image\">\n            <div>\n                <div class=\"blk-TeamMember_Popup_FullName\">Esther Chinweuba<\/div>\n                <div class=\"blk-TeamMember_Popup_Role\">Charg\u00e9e de Programme Associ\u00e9e<\/div><br><br>\n                <div class=\"blk-TeamMember_Popup_About\">Esther est le point focal du Sub-Global Assessment Network (SGAN), qui vise \u00e0 renforcer la capacit\u00e9 de ses membres, y compris les praticiens, les chercheurs et les d\u00e9cideurs politiques, \u00e0 entreprendre et \u00e0 utiliser les \u00e9valuations nationales des \u00e9cosyst\u00e8mes. Elle participe \u00e0 l&#039;organisation et \u00e0 la r\u00e9alisation de webinaires.<\/div>\n            <\/div>\n        <\/div>\n        <button class=\"blk-TeamMember_Popup_Close\">X<\/button>\n    <\/div>\n    \n<div class=\"blk-TeamMember \" data-fullname=\"Justine Lancelin\" data-role=\"Charg\u00e9e de Programme\">\n    <div>\n        <img decoding=\"async\" src=\"https:\/\/www.ecosystemassessments.net\/content\/\/uploads\/2023\/12\/5e13f2c8-2dde-4932-a654-c979c8362812.jpg\" alt=\"Justine Lancelin\" class=\"blk-TeamMember_Image\">\n        <div class=\"blk-TeamMember_Details\">\n            <div class=\"blk-TeamMember_FullName\">Justine Lancelin<\/div>\n            <div class=\"blk-TeamMember_Role\">Charg\u00e9e de Programme<\/div>\n        <\/div>\n    <\/div>\n  <\/div>\n    <!-- Popup -->\n    <div class=\"blk-TeamMember_Popup\">\n        <div class=\"blk-TeamMember_Popup_Content\">\n            <img decoding=\"async\" src=\"https:\/\/www.ecosystemassessments.net\/content\/\/uploads\/2023\/12\/5e13f2c8-2dde-4932-a654-c979c8362812.jpg\" alt=\"Justine Lancelin\" class=\"blk-TeamMember_Popup_Image\">\n            <div>\n                <div class=\"blk-TeamMember_Popup_FullName\">Justine Lancelin<\/div>\n                <div class=\"blk-TeamMember_Popup_Role\">Charg\u00e9e de Programme<\/div><br><br>\n                <div class=\"blk-TeamMember_Popup_About\">Justine est le point focal pour les plateformes nationales sur la biodiversit\u00e9.<\/div>\n            <\/div>\n        <\/div>\n        <button class=\"blk-TeamMember_Popup_Close\">X<\/button>\n    <\/div>\n    \n<div class=\"blk-TeamMember \" data-fullname=\"Mel Hanley\" data-role=\"Charg\u00e9e d&#039;\u00c9v\u00e9nements\">\n    <div>\n        <img decoding=\"async\" src=\"https:\/\/www.ecosystemassessments.net\/content\/\/uploads\/2023\/12\/NEA-pic.jpg\" alt=\"Mel Hanley\" class=\"blk-TeamMember_Image\">\n        <div class=\"blk-TeamMember_Details\">\n            <div class=\"blk-TeamMember_FullName\">Mel Hanley<\/div>\n            <div class=\"blk-TeamMember_Role\">Charg\u00e9e d&#039;\u00c9v\u00e9nements<\/div>\n        <\/div>\n    <\/div>\n  <\/div>\n    <!-- Popup -->\n    <div class=\"blk-TeamMember_Popup\">\n        <div class=\"blk-TeamMember_Popup_Content\">\n            <img decoding=\"async\" src=\"https:\/\/www.ecosystemassessments.net\/content\/\/uploads\/2023\/12\/NEA-pic.jpg\" alt=\"Mel Hanley\" class=\"blk-TeamMember_Popup_Image\">\n            <div>\n                <div class=\"blk-TeamMember_Popup_FullName\">Mel Hanley<\/div>\n                <div class=\"blk-TeamMember_Popup_Role\">Charg\u00e9e d&#039;\u00c9v\u00e9nements<\/div><br><br>\n                <div class=\"blk-TeamMember_Popup_About\">Mel participe \u00e0 la pr\u00e9paration et \u00e0 la coordination des \u00e9v\u00e9nements de l&#039;Initiative NEA, qu&#039;ils soient virtuels ou en personne, y compris les webinaires, les r\u00e9unions et les ateliers. Cela comprend la gestion des d\u00e9placements, des lieux et de la logistique technique, ainsi que le soutien \u00e0 l&#039;\u00e9quipe NEA afin d&#039;assurer le succ\u00e8s des \u00e9v\u00e9nements.<\/div>\n            <\/div>\n        <\/div>\n        <button class=\"blk-TeamMember_Popup_Close\">X<\/button>\n    <\/div>\n    \n<div class=\"blk-TeamMember \" data-fullname=\"Noor Noor\" data-role=\"Charg\u00e9 de Programme\">\n    <div>\n        <img decoding=\"async\" src=\"https:\/\/www.ecosystemassessments.net\/content\/\/uploads\/2023\/12\/Noor-CBD-scaled.jpg\" alt=\"Noor Noor\" class=\"blk-TeamMember_Image\">\n        <div class=\"blk-TeamMember_Details\">\n            <div class=\"blk-TeamMember_FullName\">Noor Noor<\/div>\n            <div class=\"blk-TeamMember_Role\">Charg\u00e9 de Programme<\/div>\n        <\/div>\n    <\/div>\n  <\/div>\n    <!-- Popup -->\n    <div class=\"blk-TeamMember_Popup\">\n        <div class=\"blk-TeamMember_Popup_Content\">\n            <img decoding=\"async\" src=\"https:\/\/www.ecosystemassessments.net\/content\/\/uploads\/2023\/12\/Noor-CBD-scaled.jpg\" alt=\"Noor Noor\" class=\"blk-TeamMember_Popup_Image\">\n            <div>\n                <div class=\"blk-TeamMember_Popup_FullName\">Noor Noor<\/div>\n                <div class=\"blk-TeamMember_Popup_Role\">Charg\u00e9 de Programme<\/div><br><br>\n                <div class=\"blk-TeamMember_Popup_About\">Noor coordonne le volet &quot;soutien aux capacit\u00e9s&quot; de l&#039;Initiative pour l&#039;\u00e9valuation nationale des \u00e9cosyst\u00e8mes. Il travaille en \u00e9troite collaboration avec les partenaires nationaux, les experts et les praticiens pour les aider \u00e0 mettre en \u0153uvre les \u00e9valuations des \u00e9cosyst\u00e8mes et promouvoir leur utilisation dans les processus nationaux de prise de d\u00e9cision et d&#039;\u00e9laboration des politiques. Noor est \u00e9galement le point focal de l&#039;\u00e9quipe du Malawi.<\/div>\n            <\/div>\n        <\/div>\n        <button class=\"blk-TeamMember_Popup_Close\">X<\/button>\n    <\/div>\n    \n<div class=\"blk-TeamMember \" data-fullname=\"Pratik Tandon\" data-role=\"Charg\u00e9 de Communication\">\n    <div>\n        <img decoding=\"async\" src=\"https:\/\/www.ecosystemassessments.net\/content\/\/uploads\/2023\/12\/Pratik-Photo.jpg\" alt=\"Pratik Tandon\" class=\"blk-TeamMember_Image\">\n        <div class=\"blk-TeamMember_Details\">\n            <div class=\"blk-TeamMember_FullName\">Pratik Tandon<\/div>\n            <div class=\"blk-TeamMember_Role\">Charg\u00e9 de Communication<\/div>\n        <\/div>\n    <\/div>\n  <\/div>\n    <!-- Popup -->\n    <div class=\"blk-TeamMember_Popup\">\n        <div class=\"blk-TeamMember_Popup_Content\">\n            <img decoding=\"async\" src=\"https:\/\/www.ecosystemassessments.net\/content\/\/uploads\/2023\/12\/Pratik-Photo.jpg\" alt=\"Pratik Tandon\" class=\"blk-TeamMember_Popup_Image\">\n            <div>\n                <div class=\"blk-TeamMember_Popup_FullName\">Pratik Tandon<\/div>\n                <div class=\"blk-TeamMember_Popup_Role\">Charg\u00e9 de Communication<\/div><br><br>\n                <div class=\"blk-TeamMember_Popup_About\">Pratik est le point focal pour la communication de l&#039;Initiative NEA. Son r\u00f4le consiste \u00e0 r\u00e9diger du contenu afin de promouvoir le travail et les accomplissements des pays et des partenaires du consortium, ainsi qu&#039;\u00e0 g\u00e9rer le site web du projet.<\/div>\n            <\/div>\n        <\/div>\n        <button class=\"blk-TeamMember_Popup_Close\">X<\/button>\n    <\/div>\n    \n<div class=\"blk-TeamMember \" data-fullname=\"Raymila Naicker\" data-role=\"Responsable Administrative de Projet\">\n    <div>\n        <img decoding=\"async\" src=\"https:\/\/www.ecosystemassessments.net\/content\/\/uploads\/2023\/12\/IMG-20220612-WA0005.jpg\" alt=\"Raymila Naicker\" class=\"blk-TeamMember_Image\">\n        <div class=\"blk-TeamMember_Details\">\n            <div class=\"blk-TeamMember_FullName\">Raymila Naicker<\/div>\n            <div class=\"blk-TeamMember_Role\">Responsable Administrative de Projet<\/div>\n        <\/div>\n    <\/div>\n  <\/div>\n    <!-- Popup -->\n    <div class=\"blk-TeamMember_Popup\">\n        <div class=\"blk-TeamMember_Popup_Content\">\n            <img decoding=\"async\" src=\"https:\/\/www.ecosystemassessments.net\/content\/\/uploads\/2023\/12\/IMG-20220612-WA0005.jpg\" alt=\"Raymila Naicker\" class=\"blk-TeamMember_Popup_Image\">\n            <div>\n                <div class=\"blk-TeamMember_Popup_FullName\">Raymila Naicker<\/div>\n                <div class=\"blk-TeamMember_Popup_Role\">Responsable Administrative de Projet<\/div><br><br>\n                <div class=\"blk-TeamMember_Popup_About\">Raymila soutient la gestion administrative et financi\u00e8re de l&#039;Initiative NEA. Ses principales t\u00e2ches consistent \u00e0 soutenir la gestion financi\u00e8re du portefeuille de projets, y compris la planification budg\u00e9taire, l&#039;\u00e9tablissement de rapports, l&#039;\u00e9laboration de propositions, et \u00e0 agir en tant que point focal administratif et financier pour les partenaires nationaux.<\/div>\n            <\/div>\n        <\/div>\n        <button class=\"blk-TeamMember_Popup_Close\">X<\/button>\n    <\/div>\n    \n<div class=\"blk-TeamMember \" data-fullname=\"Santhuri Naidoo\" data-role=\"Charg\u00e9e de Programme\">\n    <div>\n        <img decoding=\"async\" src=\"https:\/\/www.ecosystemassessments.net\/content\/\/uploads\/2023\/12\/20220423_183939-scaled.jpg\" alt=\"Santhuri Naidoo\" class=\"blk-TeamMember_Image\">\n        <div class=\"blk-TeamMember_Details\">\n            <div class=\"blk-TeamMember_FullName\">Santhuri Naidoo<\/div>\n            <div class=\"blk-TeamMember_Role\">Charg\u00e9e de Programme<\/div>\n        <\/div>\n    <\/div>\n  <\/div>\n    <!-- Popup -->\n    <div class=\"blk-TeamMember_Popup\">\n        <div class=\"blk-TeamMember_Popup_Content\">\n            <img decoding=\"async\" src=\"https:\/\/www.ecosystemassessments.net\/content\/\/uploads\/2023\/12\/20220423_183939-scaled.jpg\" alt=\"Santhuri Naidoo\" class=\"blk-TeamMember_Popup_Image\">\n            <div>\n                <div class=\"blk-TeamMember_Popup_FullName\">Santhuri Naidoo<\/div>\n                <div class=\"blk-TeamMember_Popup_Role\">Charg\u00e9e de Programme<\/div><br><br>\n                <div class=\"blk-TeamMember_Popup_About\">Santhuri dirige le volet &quot;Sensibilisation&quot; de l&#039;Initiative NEA ainsi que les volets &quot;Approche Int\u00e9gr\u00e9e&quot;, &quot;Enseignements Tir\u00e9s&quot; et &quot;Liens Internationaux&quot;. Elle apporte \u00e9galement son soutien \u00e0 l&#039;Azerba\u00efdjan ainsi qu&#039;aux pays partenaires de l&#039;Initiative en Asie-Pacifique. <\/div>\n            <\/div>\n        <\/div>\n        <button class=\"blk-TeamMember_Popup_Close\">X<\/button>\n    <\/div>\n","protected":false},"excerpt":{"rendered":"","protected":false},"author":1,"featured_media":0,"parent":0,"menu_order":0,"comment_status":"closed","ping_status":"closed","template":"","meta":{"_acf_changed":false,"om_disable_all_campaigns":false,"_monsterinsights_skip_tracking":false,"_monsterinsights_sitenote_active":false,"_monsterinsights_sitenote_note":"","_monsterinsights_sitenote_category":0,"footnotes":""},"class_list":["post-6668","page","type-page","status-publish","hentry"],"acf":{"back_button_url":"","back_button_text":"","hero_title":"","hero_opacity":"10","hero_text":""},"aioseo_notices":[],"_links":{"self":[{"href":"https:\/\/www.ecosystemassessments.net\/fr\/wp-json\/wp\/v2\/pages\/6668"}],"collection":[{"href":"https:\/\/www.ecosystemassessments.net\/fr\/wp-json\/wp\/v2\/pages"}],"about":[{"href":"https:\/\/www.ecosystemassessments.net\/fr\/wp-json\/wp\/v2\/types\/page"}],"author":[{"embeddable":true,"href":"https:\/\/www.ecosystemassessments.net\/fr\/wp-json\/wp\/v2\/users\/1"}],"replies":[{"embeddable":true,"href":"https:\/\/www.ecosystemassessments.net\/fr\/wp-json\/wp\/v2\/comments?post=6668"}],"version-history":[{"count":2,"href":"https:\/\/www.ecosystemassessments.net\/fr\/wp-json\/wp\/v2\/pages\/6668\/revisions"}],"predecessor-version":[{"id":6670,"href":"https:\/\/www.ecosystemassessments.net\/fr\/wp-json\/wp\/v2\/pages\/6668\/revisions\/6670"}],"wp:attachment":[{"href":"https:\/\/www.ecosystemassessments.net\/fr\/wp-json\/wp\/v2\/media?parent=6668"}],"curies":[{"name":"wp","href":"https:\/\/api.w.org\/{rel}","templated":true}]}}