{"id":2349,"date":"2022-03-31T09:31:32","date_gmt":"2022-03-31T08:31:32","guid":{"rendered":"http:\/\/www.ecosystemassessments.net\/?page_id=2349"},"modified":"2022-05-05T14:41:47","modified_gmt":"2022-05-05T13:41:47","slug":"que-sont-les-evaluations-nationales-des-ecosystemes%e2%80%af","status":"publish","type":"page","link":"https:\/\/www.ecosystemassessments.net\/fr\/evaluation\/que-sont-les-evaluations-nationales-des-ecosystemes%e2%80%af\/","title":{"rendered":"Que sont les \u00e9valuations nationales des \u00e9cosyst\u00e8mes\u202f?"},"content":{"rendered":"\n<h4 class=\"wp-block-heading\">Que sont les \u00e9valuations nationales des \u00e9cosyst\u00e8mes\u202f?&nbsp;<\/h4>\n\n\n\n<p>Une \u00e9valuation nationale des \u00e9cosyst\u00e8mes est un processus men\u00e9 \u00e0 l\u2019\u00e9chelle nationale visant \u00e0 \u00e9laborer une synth\u00e8se actualis\u00e9e, compl\u00e8te et critique des connaissances sur la biodiversit\u00e9 et les services \u00e9cosyst\u00e9miques et leurs liens avec la population. Ce type d\u2019\u00e9valuation est contextualis\u00e9e pour r\u00e9pondre aux besoins nationaux et \u00e0 des questions strat\u00e9giques pr\u00e9cises.&nbsp;<br>&nbsp;<br>Les \u00e9valuations nationales des \u00e9cosyst\u00e8mes d\u00e9crivent la situation et les tendances en mati\u00e8re de biodiversit\u00e9 et de services \u00e9cosyst\u00e9miques dans un pays donn\u00e9, les facteurs de changement dans ces domaines, les impacts actuels et futurs de ces facteurs, les cons\u00e9quences pour les personnes qui d\u00e9pendent de la nature et l\u2019efficacit\u00e9 des interventions et des r\u00e9ponses visant \u00e0 contrer la perte de biodiversit\u00e9.&nbsp;<br>&nbsp;<br>Les \u00e9valuations nationales des \u00e9cosyst\u00e8mes aspirent \u00e0 \u00eatre cr\u00e9dibles, l\u00e9gitimes et pertinentes en rassemblant plusieurs types de connaissances et en mobilisant un large \u00e9ventail de parties prenantes. Elles visent \u00e0 traiter des questions strat\u00e9giques sp\u00e9cifiques en vue de tenir pleinement compte de la valeur de la nature dans l\u2019\u00e9laboration des politiques publiques.&nbsp;<br>&nbsp;<br>L\u2019Initiative NEA aide les pays \u00e0 adapter <a rel=\"noreferrer noopener\" href=\"https:\/\/ipbes.net\/sites\/default\/files\/180719_ipbes_assessment_guide_summary_hi-res.pdf\" target=\"_blank\">le processus<\/a> mis au point par la Plateforme intergouvernementale scientifique et politique sur la biodiversit\u00e9 et les services \u00e9cosyst\u00e9miques\u202f(<a rel=\"noreferrer noopener\" href=\"https:\/\/ipbes.net\/fr\" target=\"_blank\">IPBES<\/a>) pour effectuer les \u00e9valuations nationales de leurs \u00e9cosyst\u00e8mes. L\u2019objectif est d\u2019adapter les \u00e9valuations nationales des \u00e9cosyst\u00e8mes aux circonstances et aux besoins propres \u00e0 chaque pays, ce qui permet de mieux appuyer la prise de d\u00e9cision.<\/p>\n\n\n\n<div style=\"height:28px\" aria-hidden=\"true\" class=\"wp-block-spacer\"><\/div>\n\n\n\n<hr class=\"wp-block-separator\"\/>\n\n\n\n<div style=\"height:28px\" aria-hidden=\"true\" class=\"wp-block-spacer\"><\/div>\n\n\n\n<p><\/p>\n\n\n\n<h4 class=\"wp-block-heading\"><strong>\u00c9tapes de l\u2019\u00e9valuation<\/strong><\/h4>\n\n\n\n<p>Le processus d\u2019\u00e9valuation nationale des \u00e9cosyst\u00e8mes se d\u00e9cline en quatre grandes \u00e9tapes\u202f:<\/p>\n\n\n\n<ol class=\"wp-block-list\"><li><strong>Le cadrage\u202f:<\/strong> Cette premi\u00e8re \u00e9tape du processus se penche sur la raison d\u2019\u00eatre de l\u2019\u00e9valuation et la mani\u00e8re de l\u2019appr\u00e9hender, tout en d\u00e9finissant les questions strat\u00e9giques cl\u00e9s \u00e0 aborder. \u00c0 l\u2019issue de cette \u00e9tape, un rapport de cadrage est \u00e9labor\u00e9.&nbsp;<\/li><li><strong>L\u2019\u00e9valuation\u202f<\/strong>: C\u2019est \u00e0 cette \u00e9tape qu\u2019a lieu l\u2019\u00e9valuation proprement dite des connaissances existantes sur la biodiversit\u00e9 et les services \u00e9cosyst\u00e9miques, \u00e0 partir des questions strat\u00e9giques cl\u00e9s d\u00e9finies au cours de la phase de cadrage. \u00c0 l\u2019issue de cette \u00e9tape, un rapport technique et un r\u00e9sum\u00e9 \u00e0 l\u2019intention des d\u00e9cideurs publics sont \u00e9labor\u00e9s.&nbsp;<\/li><li><strong>L\u2019approbation\u202f:<\/strong> Lors de cette \u00e9tape, les parties prenantes, en particulier les pouvoirs publics, acceptent le rapport technique et approuvent le r\u00e9sum\u00e9 \u00e9labor\u00e9 \u00e0 l\u2019intention des d\u00e9cideurs. Cela augmente la probabilit\u00e9 que les messages cl\u00e9s soient utilis\u00e9s pour \u00e9clairer les processus d\u2019\u00e9laboration des politiques publiques.&nbsp;<\/li><li><strong>L\u2019utilisation des conclusions d\u2019\u00e9valuation\u202f:<\/strong> Une fois l\u2019\u00e9valuation approuv\u00e9e, un plan d\u2019action est \u00e9labor\u00e9 afin de promouvoir la prise en compte des conclusions de l\u2019\u00e9valuation dans la prise de d\u00e9cision. C\u2019est \u00e0 ce stade que commence le travail pour encourager la prise en compte de la valeur de la nature dans l\u2019\u00e9laboration des politiques publiques.&nbsp;<\/li><\/ol>\n\n\n\n<figure class=\"block-full-width-image\">\n  <img decoding=\"async\"\n    src=\"https:\/\/www.ecosystemassessments.net\/content\/\/uploads\/2021\/09\/Timeline-01-Main-e1630765417252.png\"\n    alt=\"\"\n    class=\"block-full-width-image__image\"\n  >\n  <\/figure>\n","protected":false},"excerpt":{"rendered":"Que sont les \u00e9valuations nationales des \u00e9cosyst\u00e8mes\u202f?&nbsp; Une \u00e9valuation nationale des \u00e9cosyst\u00e8mes est un processus men\u00e9 \u00e0 l\u2019\u00e9chelle nationale visant \u00e0 \u00e9laborer une synth\u00e8se actualis\u00e9e, compl\u00e8te et critique des connaissances sur la biodiversit\u00e9 et les services \u00e9cosyst\u00e9miques et leurs liens avec la population. Ce type d\u2019\u00e9valuation est contextualis\u00e9e pour r\u00e9pondre aux besoins nationaux et \u00e0&#8230; \n","protected":false},"author":1,"featured_media":2309,"parent":2347,"menu_order":0,"comment_status":"closed","ping_status":"closed","template":"page-simple-hero.php","meta":{"_acf_changed":false,"om_disable_all_campaigns":false,"_monsterinsights_skip_tracking":false,"_monsterinsights_sitenote_active":false,"_monsterinsights_sitenote_note":"","_monsterinsights_sitenote_category":0,"footnotes":""},"class_list":["post-2349","page","type-page","status-publish","has-post-thumbnail","hentry"],"acf":{"back_button_url":"","back_button_text":"","hero_title":"","hero_opacity":"10","hero_text":""},"aioseo_notices":[],"_links":{"self":[{"href":"https:\/\/www.ecosystemassessments.net\/fr\/wp-json\/wp\/v2\/pages\/2349"}],"collection":[{"href":"https:\/\/www.ecosystemassessments.net\/fr\/wp-json\/wp\/v2\/pages"}],"about":[{"href":"https:\/\/www.ecosystemassessments.net\/fr\/wp-json\/wp\/v2\/types\/page"}],"author":[{"embeddable":true,"href":"https:\/\/www.ecosystemassessments.net\/fr\/wp-json\/wp\/v2\/users\/1"}],"replies":[{"embeddable":true,"href":"https:\/\/www.ecosystemassessments.net\/fr\/wp-json\/wp\/v2\/comments?post=2349"}],"version-history":[{"count":2,"href":"https:\/\/www.ecosystemassessments.net\/fr\/wp-json\/wp\/v2\/pages\/2349\/revisions"}],"predecessor-version":[{"id":2715,"href":"https:\/\/www.ecosystemassessments.net\/fr\/wp-json\/wp\/v2\/pages\/2349\/revisions\/2715"}],"up":[{"embeddable":true,"href":"https:\/\/www.ecosystemassessments.net\/fr\/wp-json\/wp\/v2\/pages\/2347"}],"wp:featuredmedia":[{"embeddable":true,"href":"https:\/\/www.ecosystemassessments.net\/fr\/wp-json\/wp\/v2\/media\/2309"}],"wp:attachment":[{"href":"https:\/\/www.ecosystemassessments.net\/fr\/wp-json\/wp\/v2\/media?parent=2349"}],"curies":[{"name":"wp","href":"https:\/\/api.w.org\/{rel}","templated":true}]}}