{"id":2347,"date":"2022-03-31T09:31:01","date_gmt":"2022-03-31T08:31:01","guid":{"rendered":"http:\/\/www.ecosystemassessments.net\/?page_id=2347"},"modified":"2023-12-11T16:35:31","modified_gmt":"2023-12-11T16:35:31","slug":"evaluation","status":"publish","type":"page","link":"https:\/\/www.ecosystemassessments.net\/fr\/evaluation\/","title":{"rendered":"Le processus d&#8217;\u00e9valuation"},"content":{"rendered":"\n<div class=\"blk-Introductory\">\n  <div class=\"blk-Introductory_Text\">\n    <p>Les \u00e9valuations nationales des \u00e9cosyst\u00e8mes fournissent une synth\u00e8se critique des connaissances sur la biodiversit\u00e9 et les services \u00e9cosyst\u00e9miques dans un pays, ainsi que de leurs avantages pour la population. Il s\u2019agit d\u2019un processus dirig\u00e9 par les pays pour r\u00e9pondre \u00e0 des questions de politique g\u00e9n\u00e9rale, avec la contribution d\u2019un \u00e9ventail de d\u00e9tenteurs de savoirs.<\/p>\n  <\/div>\n      <a\n      href=\"\/assessment-process\/what-are-neas\/\"\n            class=\"blk-Introductory_Button\"\n    >\n      Que sont les \u00e9valuations nationales des \u00e9cosyst\u00e8mes\u202f?          <\/a>\n  <\/div>\n\n\n\n<div class=\"process-cards\">\n  <div class=\"process-cards__inner\">\n    <div class=\"process-cards__header\">\n      <h3 class=\"process-cards__title\">\n        Les \u00e9tapes de l\u2019\u00e9valuation\u202f:      <\/h3>\n    <\/div>\n\n    <div class=\"process-cards__body\">\n\n              <ul class=\"process-cards__items\">\n\n          \n            <li class=\"process-cards__item\">\n              \n<article id=\"post-2800\" class=\"card-listing__card\">\n\t<header class=\"card-listing__header\">\n    <div class=\"card-listing__image-wrap\">\n      <img decoding=\"async\"\n        src=\"https:\/\/www.ecosystemassessments.net\/content\/\/uploads\/2021\/08\/corey-serravite-92t_L8cEmvk-unsplash-e1629294636819-250x250.jpg\"\n        alt=\"\u00c9valuation Experte\"\n        class=\"card-listing__image\"\n      \/>\n    <\/div>\n\t<\/header>\n\t<div class=\"card-listing__body\">\n\t\t<div class=\"card-listing__content\">\n      <h3 class=\"card-listing__title\">\u00c9valuation Experte<\/h3>\n\t\t<\/div>\n\t<\/div>\n  <a class=\"card-listing__fauxlink\" href=\"https:\/\/www.ecosystemassessments.net\/fr\/process\/evaluation\/\" title=\"\u00c9valuation Experte\"><\/a>\n<\/article><!-- #post-## -->\n            <\/li>\n\n          \n        <\/ul>\n          <\/div>\n  <\/div>\n<\/div>\n\n\n\n<p><\/p>\n","protected":false},"excerpt":{"rendered":"","protected":false},"author":1,"featured_media":2309,"parent":0,"menu_order":0,"comment_status":"closed","ping_status":"closed","template":"page-fullwidth.php","meta":{"_acf_changed":false,"om_disable_all_campaigns":false,"_monsterinsights_skip_tracking":false,"_monsterinsights_sitenote_active":false,"_monsterinsights_sitenote_note":"","_monsterinsights_sitenote_category":0,"footnotes":""},"class_list":["post-2347","page","type-page","status-publish","has-post-thumbnail","hentry"],"acf":{"back_button_url":"","back_button_text":"","hero_title":"","hero_opacity":"10","hero_text":""},"aioseo_notices":[],"_links":{"self":[{"href":"https:\/\/www.ecosystemassessments.net\/fr\/wp-json\/wp\/v2\/pages\/2347"}],"collection":[{"href":"https:\/\/www.ecosystemassessments.net\/fr\/wp-json\/wp\/v2\/pages"}],"about":[{"href":"https:\/\/www.ecosystemassessments.net\/fr\/wp-json\/wp\/v2\/types\/page"}],"author":[{"embeddable":true,"href":"https:\/\/www.ecosystemassessments.net\/fr\/wp-json\/wp\/v2\/users\/1"}],"replies":[{"embeddable":true,"href":"https:\/\/www.ecosystemassessments.net\/fr\/wp-json\/wp\/v2\/comments?post=2347"}],"version-history":[{"count":3,"href":"https:\/\/www.ecosystemassessments.net\/fr\/wp-json\/wp\/v2\/pages\/2347\/revisions"}],"predecessor-version":[{"id":6681,"href":"https:\/\/www.ecosystemassessments.net\/fr\/wp-json\/wp\/v2\/pages\/2347\/revisions\/6681"}],"wp:featuredmedia":[{"embeddable":true,"href":"https:\/\/www.ecosystemassessments.net\/fr\/wp-json\/wp\/v2\/media\/2309"}],"wp:attachment":[{"href":"https:\/\/www.ecosystemassessments.net\/fr\/wp-json\/wp\/v2\/media?parent=2347"}],"curies":[{"name":"wp","href":"https:\/\/api.w.org\/{rel}","templated":true}]}}