{"id":2343,"date":"2022-03-31T09:30:45","date_gmt":"2022-03-31T08:30:45","guid":{"rendered":"http:\/\/www.ecosystemassessments.net\/?page_id=2343"},"modified":"2022-05-05T14:41:58","modified_gmt":"2022-05-05T13:41:58","slug":"ressources","status":"publish","type":"page","link":"https:\/\/www.ecosystemassessments.net\/fr\/ressources\/","title":{"rendered":"Ressources"},"content":{"rendered":"\n<div class=\"blk-Introductory\">\n  <div class=\"blk-Introductory_Text\">\n    <p>Parcourez notre large \u00e9ventail de ressources sur les \u00e9valuations nationales des \u00e9cosyst\u00e8mes, qui vous guideront \u00e0 chaque \u00e9tape du processus. Vous pouvez les filtrer par type (webinaires, guides pratiques, \u00e9tudes de cas, rapports) ou par \u00e9tape de l\u2019\u00e9valuation.<\/p>\n  <\/div>\n  <\/div>\n\n\n\n<div class=\"link-tiles\">\n  <div class=\"link-tiles__inner\">\n    <div class=\"link-tiles__header\">\n      <h3 class=\"link-tiles__title\">\n        Consultez nos ressources      <\/h3>\n    <\/div>\n    <div class=\"link-tiles__body\">\n              <ul class=\"link-tiles__items\">\n\n          \n            <li class=\"link-tiles__item\">\n              <div class=\"link-tile\">\n                                  <h4 class=\"link-tile__title\">\n                    Ressources d&#8217;Introduction                  <\/h4>\n                \n                                                    <img decoding=\"async\" class=\"link-tile__image\" src=\"https:\/\/www.ecosystemassessments.net\/content\/\/uploads\/2021\/03\/AdobeStock_208741351.jpeg\" alt=\"Ressources d'Introduction\">\n                  <div class=\"link-tile__image-overlay\"><\/div>\n                \n                                  <a class=\"link-tile__fauxlink\" href=\"\/resource-list\/?stage=introductory-resources\"><\/a>\n                              <\/div>\n            <\/li>\n\n          \n            <li class=\"link-tiles__item\">\n              <div class=\"link-tile\">\n                                  <h4 class=\"link-tile__title\">\n                    Cadrage                  <\/h4>\n                \n                                                    <img decoding=\"async\" class=\"link-tile__image\" src=\"https:\/\/www.ecosystemassessments.net\/content\/\/uploads\/2021\/03\/zinko-hein-PQZY7mgSaHs-unsplash.jpg\" alt=\"Cadrage\">\n                  <div class=\"link-tile__image-overlay\"><\/div>\n                \n                                  <a class=\"link-tile__fauxlink\" href=\"\/resource-list\/?stage=scoping\"><\/a>\n                              <\/div>\n            <\/li>\n\n          \n            <li class=\"link-tiles__item\">\n              <div class=\"link-tile\">\n                                  <h4 class=\"link-tile__title\">\n                    \u00c9valuation                  <\/h4>\n                \n                                                    <img decoding=\"async\" class=\"link-tile__image\" src=\"https:\/\/www.ecosystemassessments.net\/content\/\/uploads\/2021\/03\/Fishermen-Guillaume-Coupy-scaled-e1630766430828.jpg\" alt=\"\u00c9valuation\">\n                  <div class=\"link-tile__image-overlay\"><\/div>\n                \n                                  <a class=\"link-tile__fauxlink\" href=\"\/resource-list\/?stage=evaluation\"><\/a>\n                              <\/div>\n            <\/li>\n\n          \n            <li class=\"link-tiles__item\">\n              <div class=\"link-tile\">\n                                  <h4 class=\"link-tile__title\">\n                    Approbation et utilisation des \u00e9valuations                  <\/h4>\n                \n                                                    <img decoding=\"async\" class=\"link-tile__image\" src=\"https:\/\/www.ecosystemassessments.net\/content\/\/uploads\/2021\/03\/zeynep-gokalp-LQTivMjK-dY-unsplash.jpg\" alt=\"Approbation et utilisation des \u00e9valuations\">\n                  <div class=\"link-tile__image-overlay\"><\/div>\n                \n                                  <a class=\"link-tile__fauxlink\" href=\"\/resource-list\/?stage=approval-use\"><\/a>\n                              <\/div>\n            <\/li>\n\n          \n        <\/ul>\n          <\/div>\n\n      <\/div>\n<\/div>\n\n\n<div class=\"icon-link-tiles\">\n  <div class=\"icon-link-tiles__header\">\n    <h3 class=\"icon-link-tiles__title\">\n      Types de ressources    <\/h3>\n  <\/div>\n  <div class=\"icon-link-tiles__body\">\n          <ul class=\"icon-link-tiles__items\">\n\n        \n          <li class=\"icon-link-tiles__item\">\n\n            <div class=\"icon-link-tile\">\n              <div class=\"icon-link-tile__content\">\n                                  <h4 class=\"icon-link-tile__title\">\n                    Webinaires                  <\/h4>\n                \n                                  <div class=\"icon-link-tile__icon\">\n                    <svg version=\"1.1\" id=\"svg20\" xmlns=\"http:\/\/www.w3.org\/2000\/svg\" x=\"0\" y=\"0\" viewBox=\"0 0 97.7 81\" xml:space=\"preserve\">\n  <g id=\"g18\" transform=\"translate(-4452.712 -3483.44)\">\n    <path id=\"path10\" fill=\"currentColor\" d=\"M4544 3553.3h-84.9c-3.5 0-6.4-2.9-6.4-6.4v-57.1c0-3.5 2.9-6.4 6.4-6.4h84.9c3.5 0 6.4 2.9 6.4 6.4v57.1c0 3.6-2.9 6.4-6.4 6.4zm-84.9-67.2c-2.1 0-3.7 1.7-3.7 3.7v57.1c0 2.1 1.7 3.7 3.7 3.7h84.9c2.1 0 3.7-1.7 3.7-3.7v-57.1c0-2.1-1.7-3.7-3.7-3.7h-84.9z\"\/>\n    <path id=\"path12\" fill=\"currentColor\" d=\"M4470.6 3561.8h61.8v2.7h-61.8v-2.7z\"\/>\n    <path id=\"path14\" fill=\"currentColor\" d=\"M4530.8 3552h-2.7c0-11.8-11.9-21.4-26.5-21.4s-26.5 9.6-26.5 21.4h-2.7c0-13.3 13.1-24.1 29.2-24.1s29.2 10.8 29.2 24.1z\"\/>\n    <path id=\"path16\" fill=\"currentColor\" d=\"M4501.6 3519.9c-6.6 0-12-5.4-12-12s5.4-12 12-12 12 5.4 12 12-5.4 11.9-12 12zm0-21.4c-5.2 0-9.3 4.2-9.4 9.4 0 5.2 4.2 9.3 9.4 9.4 5.2 0 9.3-4.2 9.4-9.4-.1-5.2-4.3-9.4-9.4-9.4z\"\/>\n  <\/g>\n<\/svg>\n                  <\/div>\n                \n                                  <a class=\"icon-link-tile__fauxlink\" href=\"\/resource-list\/?type=webinar\"><\/a>\n                              <\/div>\n            <\/div>\n\n          <\/li>\n\n        \n          <li class=\"icon-link-tiles__item\">\n\n            <div class=\"icon-link-tile\">\n              <div class=\"icon-link-tile__content\">\n                                  <h4 class=\"icon-link-tile__title\">\n                    Guides                  <\/h4>\n                \n                                  <div class=\"icon-link-tile__icon\">\n                    <svg version=\"1.1\" id=\"svg18\" xmlns=\"http:\/\/www.w3.org\/2000\/svg\" x=\"0\" y=\"0\" viewBox=\"0 0 97.6 81.5\" xml:space=\"preserve\">\n  <g id=\"g16\" transform=\"translate(-4773.461 -3483.44)\">\n    <g id=\"g12\">\n      <path id=\"path10\" fill=\"currentColor\" d=\"M4820 3522.1c0-1 .2-2.1.5-3 .3-.9.8-1.7 1.3-2.4s1.2-1.4 1.8-2.1c.7-.7 1.3-1.3 1.9-2 .9-.8 1.6-1.7 2.3-2.7.7-1.2 1.1-2.5 1-3.9.1-1.6-.4-3.3-1.5-4.5-1.2-1.2-2.9-1.8-4.7-1.7-1.8-.1-3.6.4-5.1 1.5-1.3 1.3-2.2 3-2.6 4.8l-4.1-.7c.2-1.2.6-2.4 1.2-3.6.5-1.1 1.3-2.2 2.2-3 1-.9 2.2-1.6 3.5-2.1 1.6-.6 3.3-.8 5-.8 1.6 0 3.1.2 4.6.7 1.2.4 2.4 1.1 3.4 2 .9.9 1.6 1.9 2.1 3.1.5 1.2.7 2.5.7 3.8.1 1.8-.4 3.6-1.2 5.1-.8 1.3-1.8 2.5-2.9 3.6l-1.8 1.8c-.6.6-1.1 1.2-1.6 1.8-.5.6-.8 1.3-1.1 2-.3.7-.5 1.5-.4 2.4v.7h-4.4l-.1-.8zm-.3 5.4h5v6h-5v-6z\"\/>\n    <\/g>\n    <path id=\"path14\" fill=\"currentColor\" d=\"M4869.7 3565H4784c-5.8 0-10.5-4.7-10.5-10.5v-64.6c0-3.5 2.9-6.4 6.4-6.4h84.8c3.5 0 6.4 2.9 6.4 6.4v50.3c0 3.5-2.9 6.4-6.4 6.4H4784c-4.3 0-7.9 3.5-7.9 7.9 0 4.3 3.5 7.9 7.9 7.9h85.7v2.6zm-89.8-78.9c-2.1 0-3.7 1.7-3.7 3.7v57.6c2-2.2 4.9-3.5 7.9-3.5h80.6c2.1 0 3.7-1.7 3.7-3.7v-50.3c0-2.1-1.7-3.7-3.7-3.7h-84.8z\"\/>\n  <\/g>\n<\/svg>\n                  <\/div>\n                \n                                  <a class=\"icon-link-tile__fauxlink\" href=\"\/resource-list\/?type=guide\"><\/a>\n                              <\/div>\n            <\/div>\n\n          <\/li>\n\n        \n          <li class=\"icon-link-tiles__item\">\n\n            <div class=\"icon-link-tile\">\n              <div class=\"icon-link-tile__content\">\n                                  <h4 class=\"icon-link-tile__title\">\n                    \u00c9tudes de cas                  <\/h4>\n                \n                                  <div class=\"icon-link-tile__icon\">\n                    <svg version=\"1.1\" id=\"svg16\" xmlns=\"http:\/\/www.w3.org\/2000\/svg\" x=\"0\" y=\"0\" viewBox=\"0 0 93.1 81\" xml:space=\"preserve\">\n  <g id=\"g14\" transform=\"translate(-5091.461 -3483.44)\">\n    <path id=\"path10\" fill=\"currentColor\" d=\"M5178.1 3564.5h-80.3c-3.5 0-6.4-2.9-6.4-6.4v-62.6h86.7c3.5 0 6.4 2.9 6.4 6.4v56.2c0 3.5-2.8 6.4-6.4 6.4zm-84-66.3v59.9c0 2.1 1.7 3.7 3.7 3.7h80.3c2.1 0 3.7-1.7 3.7-3.7v-56.2c0-2.1-1.7-3.7-3.7-3.7h-84z\"\/>\n    <path id=\"path12\" fill=\"currentColor\" d=\"M5136.1 3498.2h-44.6v-8.3c0-3.5 2.9-6.4 6.4-6.4h30.3c1.6 0 3.1 1 3.7 2.6l4.2 12.1zm-42-2.7h38.2l-3-8.6c-.2-.5-.6-.8-1.1-.8h-30.3c-2.1 0-3.7 1.7-3.7 3.7l-.1 5.7z\"\/>\n  <\/g>\n<\/svg>\n                  <\/div>\n                \n                                  <a class=\"icon-link-tile__fauxlink\" href=\"\/resource-list\/?type=case-study\"><\/a>\n                              <\/div>\n            <\/div>\n\n          <\/li>\n\n        \n          <li class=\"icon-link-tiles__item\">\n\n            <div class=\"icon-link-tile\">\n              <div class=\"icon-link-tile__content\">\n                                  <h4 class=\"icon-link-tile__title\">\n                    Rapports                  <\/h4>\n                \n                                  <div class=\"icon-link-tile__icon\">\n                    <svg version=\"1.1\" id=\"svg32\" xmlns=\"http:\/\/www.w3.org\/2000\/svg\" x=\"0\" y=\"0\" viewBox=\"0 0 71.2 81\" xml:space=\"preserve\">\n  <g id=\"g30\" transform=\"translate(-5409.461 -3483.44)\">\n    <g id=\"g12\">\n      <path id=\"path10\" fill=\"currentColor\" d=\"M5474.5 3564.5h-58.8c-3.4 0-6.2-2.8-6.2-6.2v-68.6c0-3.4 2.8-6.2 6.2-6.2h43.6v2.7h-43.6c-2 0-3.6 1.6-3.6 3.6v68.6c0 2 1.6 3.6 3.6 3.6h58.8c2 0 3.5-1.6 3.5-3.6V3505h2.7v53.4c0 3.3-2.8 6.1-6.2 6.1z\"\/>\n    <\/g>\n    <g id=\"g16\">\n      <path id=\"path14\" fill=\"currentColor\" d=\"M5479.4 3506.2h-15.9c-3 0-5.5-2.4-5.5-5.5v-15.9c0-.5.3-1 .8-1.2.5-.2 1.1-.1 1.5.3l20.1 20.1c.4.4.5 1 .3 1.5-.3.3-.8.7-1.3.7zm-18.8-18.2v12.7c0 1.5 1.3 2.8 2.8 2.8h12.7l-15.5-15.5z\"\/>\n    <\/g>\n    <path id=\"path18\" fill=\"currentColor\" d=\"M5423.9 3550.1h42.3v2.7h-42.3v-2.7z\"\/>\n    <path id=\"path20\" fill=\"currentColor\" d=\"M5423.9 3540.5h42.3v2.7h-42.3v-2.7z\"\/>\n    <path id=\"path22\" fill=\"currentColor\" d=\"M5466.2 3532.2H5424c-.7 0-1.3-.6-1.3-1.3v-28.5h2.7v27.1h40.9v2.7z\"\/>\n    <path id=\"path24\" fill=\"currentColor\" d=\"M5454.5 3517.7h2.7v5.2h-2.7v-5.2z\"\/>\n    <path id=\"path26\" fill=\"currentColor\" d=\"M5444.1 3502.4h2.7v20.5h-2.7v-20.5z\"\/>\n    <path id=\"path28\" fill=\"currentColor\" d=\"M5433.7 3511.4h2.7v11.4h-2.7v-11.4z\"\/>\n  <\/g>\n<\/svg>\n                  <\/div>\n                \n                                  <a class=\"icon-link-tile__fauxlink\" href=\"\/resource-list\/?type=report\"><\/a>\n                              <\/div>\n            <\/div>\n\n          <\/li>\n\n        \n      <\/ul>\n      <\/div>\n<\/div>\n","protected":false},"excerpt":{"rendered":"","protected":false},"author":1,"featured_media":0,"parent":0,"menu_order":0,"comment_status":"closed","ping_status":"closed","template":"","meta":{"_acf_changed":false,"om_disable_all_campaigns":false,"_monsterinsights_skip_tracking":false,"_monsterinsights_sitenote_active":false,"_monsterinsights_sitenote_note":"","_monsterinsights_sitenote_category":0,"footnotes":""},"class_list":["post-2343","page","type-page","status-publish","hentry"],"acf":{"back_button_url":"","back_button_text":"","hero_title":"","hero_opacity":"10","hero_text":""},"aioseo_notices":[],"_links":{"self":[{"href":"https:\/\/www.ecosystemassessments.net\/fr\/wp-json\/wp\/v2\/pages\/2343"}],"collection":[{"href":"https:\/\/www.ecosystemassessments.net\/fr\/wp-json\/wp\/v2\/pages"}],"about":[{"href":"https:\/\/www.ecosystemassessments.net\/fr\/wp-json\/wp\/v2\/types\/page"}],"author":[{"embeddable":true,"href":"https:\/\/www.ecosystemassessments.net\/fr\/wp-json\/wp\/v2\/users\/1"}],"replies":[{"embeddable":true,"href":"https:\/\/www.ecosystemassessments.net\/fr\/wp-json\/wp\/v2\/comments?post=2343"}],"version-history":[{"count":1,"href":"https:\/\/www.ecosystemassessments.net\/fr\/wp-json\/wp\/v2\/pages\/2343\/revisions"}],"predecessor-version":[{"id":2345,"href":"https:\/\/www.ecosystemassessments.net\/fr\/wp-json\/wp\/v2\/pages\/2343\/revisions\/2345"}],"wp:attachment":[{"href":"https:\/\/www.ecosystemassessments.net\/fr\/wp-json\/wp\/v2\/media?parent=2343"}],"curies":[{"name":"wp","href":"https:\/\/api.w.org\/{rel}","templated":true}]}}