{"id":2330,"date":"2022-03-31T09:28:17","date_gmt":"2022-03-31T08:28:17","guid":{"rendered":"http:\/\/www.ecosystemassessments.net\/?page_id=2330"},"modified":"2022-05-05T14:42:40","modified_gmt":"2022-05-05T13:42:40","slug":"donateurs","status":"publish","type":"page","link":"https:\/\/www.ecosystemassessments.net\/fr\/donateurs\/","title":{"rendered":"Donateurs"},"content":{"rendered":"\n<h6 class=\"wp-block-heading\">L\u2019Initiative internationale pour le climat\u202f(IKI) du minist\u00e8re f\u00e9d\u00e9ral allemand de l\u2019Environnement, de la Protection de la nature et de la S\u00fbret\u00e9 nucl\u00e9aire appuie financi\u00e8rement l\u2019Initiative NEA. Le Fonds japonais pour la biodiversit\u00e9, l\u2019Agence norv\u00e9gienne pour l\u2019environnement et le programme SwedBio du Centre de r\u00e9silience de Stockholm apportent eux aussi un soutien financier.<\/h6>\n\n\n\n<figure class=\"wp-block-image size-large is-resized\"><img loading=\"lazy\" decoding=\"async\" src=\"http:\/\/www.ecosystemassessments.net\/content\/\/uploads\/2021\/09\/Donors-02-full-1-1024x576.png\" alt=\"\" class=\"wp-image-2250\" width=\"590\" height=\"332\" srcset=\"https:\/\/www.ecosystemassessments.net\/content\/\/uploads\/2021\/09\/Donors-02-full-1-1024x576.png 1024w, https:\/\/www.ecosystemassessments.net\/content\/\/uploads\/2021\/09\/Donors-02-full-1-300x169.png 300w, https:\/\/www.ecosystemassessments.net\/content\/\/uploads\/2021\/09\/Donors-02-full-1-768x432.png 768w, https:\/\/www.ecosystemassessments.net\/content\/\/uploads\/2021\/09\/Donors-02-full-1.png 1280w\" sizes=\"(max-width: 590px) 100vw, 590px\" \/><\/figure>\n\n\n\n<hr class=\"wp-block-separator is-style-wide\"\/>\n\n\n\n<div style=\"height:27px\" aria-hidden=\"true\" class=\"wp-block-spacer\"><\/div>\n\n\n\n<div style=\"height:43px\" aria-hidden=\"true\" class=\"wp-block-spacer\"><\/div>\n\n\n\n<h3 class=\"wp-block-heading\"><strong>Initiative internationale pour le climat (IKI)<\/strong>&nbsp;<\/h3>\n\n\n\n<p>L\u2019Initiative internationale pour le climat (IKI) du minist\u00e8re f\u00e9d\u00e9ral de l\u2019Environnement, de la Protection de la nature et de la S\u00fbret\u00e9 nucl\u00e9aire de la R\u00e9publique f\u00e9d\u00e9rale d\u2019Allemagne apporte un soutien financier \u00e0 l\u2019Initiative NEA et au R\u00e9seau BES-Net.&nbsp;<\/p>\n\n\n\n<p>L\u2019IKI est l\u2019un des principaux instruments du minist\u00e8re f\u00e9d\u00e9ral allemand de l\u2019Environnement, de la Protection de la nature et de la S\u00fbret\u00e9 nucl\u00e9aire pour le financement international des activit\u00e9s en faveur de la biodiversit\u00e9 et de l\u2019att\u00e9nuation des effets des changements climatiques.&nbsp;<\/p>\n\n\n\n<p>Les interventions de l\u2019IKI s\u2019inscrivent dans la Convention-Cadre des Nations Unies sur les Changements Climatiques (CCNUCC) et la Convention sur la Diversit\u00e9 Biologique (CDB). L\u2019IKI finance les activit\u00e9s d\u2019att\u00e9nuation des effets des changements climatiques et la protection de la biodiversit\u00e9 dans les pays en d\u00e9veloppement, \u00e9mergents et en transition. Entre 2008 et 2020, l\u2019IKI a approuv\u00e9 plus de 750\u202fprojets relatifs au climat et \u00e0 la biodiversit\u00e9, pour un volume de financement total d\u00e9passant les 4,5\u202fmilliards d\u2019euros, dans plus de 60\u202fpays.&nbsp;<\/p>\n\n\n\n<p>Site internet\u202f: <a rel=\"noreferrer noopener\" href=\"https:\/\/www.international-climate-initiative.com\/en\" target=\"_blank\">https:\/\/www.international-climate-initiative.com\/en<\/a>&nbsp;<\/p>\n\n\n\n<div class=\"wp-block-image\"><figure class=\"alignleft size-large is-resized\"><img decoding=\"async\" src=\"https:\/\/www.ecosystemassessments.net\/content\/\/uploads\/2021\/09\/Germany-removebg-preview-edited.png\" alt=\"\" class=\"wp-image-1614\" width=\"587\" height=\"184.15686274509804\" srcset=\"https:\/\/www.ecosystemassessments.net\/content\/\/uploads\/2021\/09\/Germany-removebg-preview-edited.png 487w, https:\/\/www.ecosystemassessments.net\/content\/\/uploads\/2021\/09\/Germany-removebg-preview-edited-300x94.png 300w\" sizes=\"(max-width: 487px) 100vw, 487px\" \/><\/figure><\/div>\n\n\n\n<p> <\/p>\n\n\n\n<p> <\/p>\n\n\n\n<p><\/p>\n\n\n\n<hr class=\"wp-block-separator is-style-wide\"\/>\n\n\n\n<div style=\"height:47px\" aria-hidden=\"true\" class=\"wp-block-spacer\"><\/div>\n\n\n\n<h3 class=\"wp-block-heading\"><strong>SwedBio<\/strong>&nbsp;<\/h3>\n\n\n\n<p>SwedBio est un programme pour la biodiversit\u00e9 et le d\u00e9veloppement \u00e9quitable en harmonie avec la nature, si\u00e9geant au Centre de r\u00e9silience de Stockholm.&nbsp;<\/p>\n\n\n\n<p>SwedBio s\u2019emploie \u00e0 promouvoir une gouvernance durable et \u00e9quitable des connaissances et des politiques en mati\u00e8re de biodiversit\u00e9. SwedBio s\u2019int\u00e9resse depuis longtemps aux processus cl\u00e9s associ\u00e9s \u00e0 la biodiversit\u00e9 \u00e0 l\u2019\u00e9chelle mondiale, en \u00e9troite collaboration avec son r\u00e9seau de partenaires.&nbsp;<\/p>\n\n\n\n<p>SwedBio s\u2019investit dans la lutte contre la perte de biodiversit\u00e9 et la d\u00e9gradation des \u00e9cosyst\u00e8mes. La perte de biodiversit\u00e9 et la d\u00e9gradation des \u00e9cosyst\u00e8mes portent atteinte aux droits des personnes \u00e0 un d\u00e9veloppement durable et \u00e9quitable. Celles qui vivent dans la pauvret\u00e9 sont particuli\u00e8rement vuln\u00e9rables. Les in\u00e9galit\u00e9s, les conflits, la production et la consommation non durables ainsi que les changements climatiques sont autant de facteurs qui aggravent la situation. Les r\u00e9ponses \u00e0 ces \u00e9cueils ne prennent souvent pas suffisamment en compte les relations entre les \u00eatres humains et la nature, ce qui entra\u00eene des lacunes dans les connaissances et conduit \u00e0 des politiques et une mise en \u0153uvre inadapt\u00e9es.&nbsp;<\/p>\n\n\n\n<p>Site internet\u202f: <a rel=\"noreferrer noopener\" href=\"https:\/\/swed.bio\/about\/\" target=\"_blank\">https:\/\/swed.bio\/about\/<\/a>&nbsp;<\/p>\n\n\n\n<div class=\"wp-block-image\"><figure class=\"aligncenter size-large\"><img decoding=\"async\" src=\"https:\/\/www.ecosystemassessments.net\/content\/\/uploads\/2021\/09\/SwedBio-small.png\" alt=\"\" class=\"wp-image-1604\"\/><\/figure><\/div>\n\n\n\n<hr class=\"wp-block-separator\"\/>\n\n\n\n<div style=\"height:48px\" aria-hidden=\"true\" class=\"wp-block-spacer\"><\/div>\n\n\n\n<h3 class=\"wp-block-heading\"><strong>Agence norv\u00e9gienne pour l\u2019environnement<\/strong>&nbsp;<\/h3>\n\n\n\n<p>L\u2019Agence norv\u00e9gienne pour l\u2019environnement est un organisme public qui d\u00e9pend du minist\u00e8re du Climat et de l\u2019Environnement.&nbsp;<\/p>\n\n\n\n<p>Elle oriente la d\u00e9finition de la politique climatique et environnementale et la met en \u0153uvre. Parmi ses fonctions principales figurent la collecte et la diffusion d\u2019informations sur l\u2019environnement, l\u2019exercice de l\u2019autorit\u00e9 r\u00e9glementaire, la supervision et l\u2019orientation au niveau des autorit\u00e9s r\u00e9gionales et locales, la fourniture de conseils professionnels et techniques, mais aussi la participation \u00e0 des activit\u00e9s internationales en mati\u00e8re d\u2019 \u2019environnement.&nbsp;<\/p>\n\n\n\n<p>Site internet\u202f: <a rel=\"noreferrer noopener\" href=\"https:\/\/www.environmentagency.no\/\" target=\"_blank\">https:\/\/www.environmentagency.no\/<\/a>&nbsp;<\/p>\n\n\n\n<div class=\"wp-block-image\"><figure class=\"alignleft size-large\"><img decoding=\"async\" src=\"https:\/\/www.ecosystemassessments.net\/content\/\/uploads\/2021\/09\/Norway-01.png\" alt=\"\" class=\"wp-image-1596\"\/><\/figure><\/div>\n\n\n\n<p><\/p>\n\n\n\n<div style=\"height:30px\" aria-hidden=\"true\" class=\"wp-block-spacer\"><\/div>\n\n\n\n<hr class=\"wp-block-separator\"\/>\n\n\n\n<div style=\"height:46px\" aria-hidden=\"true\" class=\"wp-block-spacer\"><\/div>\n\n\n\n<h3 class=\"wp-block-heading\"><strong>Fonds japonais pour la biodiversit\u00e9<\/strong>&nbsp;<\/h3>\n\n\n\n<p>Le Fonds japonais pour la biodiversit\u00e9 a \u00e9t\u00e9 cr\u00e9\u00e9 par la pr\u00e9sidence de la<a rel=\"noreferrer noopener\" href=\"https:\/\/www.cbd.int\/cop10\" target=\"_blank\"> dixi\u00e8me conf\u00e9rence des parties (COP\u202f10)<\/a> afin de soutenir la mise en \u0153uvre de la Convention sur la Diversit\u00e9 Biologique. Le Fonds japonais pour la biodiversit\u00e9 a apport\u00e9 un soutien financier au projet <em>\u00ab\u202fSoutenir la mise en \u0153uvre de la CDB par des \u00e9valuations nationales des \u00e9cosyst\u00e8mes dans la r\u00e9gion Asie-Pacifique\u202f\u00bb.<\/em><\/p>\n\n\n\n<div class=\"wp-block-image\"><figure class=\"aligncenter size-large\"><img loading=\"lazy\" decoding=\"async\" width=\"200\" height=\"200\" src=\"http:\/\/www.ecosystemassessments.net\/content\/\/uploads\/2021\/09\/Japan_Biodiversity_Fund_logo-1-e1630687985100.jpg\" alt=\"JBF Small?\" class=\"wp-image-2333\"\/><\/figure><\/div>\n","protected":false},"excerpt":{"rendered":"L\u2019Initiative internationale pour le climat\u202f(IKI) du minist\u00e8re f\u00e9d\u00e9ral allemand de l\u2019Environnement, de la Protection de la nature et de la S\u00fbret\u00e9 nucl\u00e9aire appuie financi\u00e8rement l\u2019Initiative NEA. Le Fonds japonais pour la biodiversit\u00e9, l\u2019Agence norv\u00e9gienne pour l\u2019environnement et le programme SwedBio du Centre de r\u00e9silience de Stockholm apportent eux aussi un soutien financier. Initiative internationale pour&#8230; \n","protected":false},"author":1,"featured_media":2338,"parent":0,"menu_order":0,"comment_status":"closed","ping_status":"closed","template":"","meta":{"_acf_changed":false,"om_disable_all_campaigns":false,"_monsterinsights_skip_tracking":false,"_monsterinsights_sitenote_active":false,"_monsterinsights_sitenote_note":"","_monsterinsights_sitenote_category":0,"footnotes":""},"class_list":["post-2330","page","type-page","status-publish","has-post-thumbnail","hentry"],"acf":{"back_button_url":"","back_button_text":"","hero_title":"","hero_opacity":"10","hero_text":""},"aioseo_notices":[],"_links":{"self":[{"href":"https:\/\/www.ecosystemassessments.net\/fr\/wp-json\/wp\/v2\/pages\/2330"}],"collection":[{"href":"https:\/\/www.ecosystemassessments.net\/fr\/wp-json\/wp\/v2\/pages"}],"about":[{"href":"https:\/\/www.ecosystemassessments.net\/fr\/wp-json\/wp\/v2\/types\/page"}],"author":[{"embeddable":true,"href":"https:\/\/www.ecosystemassessments.net\/fr\/wp-json\/wp\/v2\/users\/1"}],"replies":[{"embeddable":true,"href":"https:\/\/www.ecosystemassessments.net\/fr\/wp-json\/wp\/v2\/comments?post=2330"}],"version-history":[{"count":5,"href":"https:\/\/www.ecosystemassessments.net\/fr\/wp-json\/wp\/v2\/pages\/2330\/revisions"}],"predecessor-version":[{"id":2355,"href":"https:\/\/www.ecosystemassessments.net\/fr\/wp-json\/wp\/v2\/pages\/2330\/revisions\/2355"}],"wp:featuredmedia":[{"embeddable":true,"href":"https:\/\/www.ecosystemassessments.net\/fr\/wp-json\/wp\/v2\/media\/2338"}],"wp:attachment":[{"href":"https:\/\/www.ecosystemassessments.net\/fr\/wp-json\/wp\/v2\/media?parent=2330"}],"curies":[{"name":"wp","href":"https:\/\/api.w.org\/{rel}","templated":true}]}}