{"id":2327,"date":"2022-03-31T09:29:18","date_gmt":"2022-03-31T08:29:18","guid":{"rendered":"http:\/\/www.ecosystemassessments.net\/?page_id=2327"},"modified":"2022-05-05T14:42:30","modified_gmt":"2022-05-05T13:42:30","slug":"reseau-devaluation-inframondiale","status":"publish","type":"page","link":"https:\/\/www.ecosystemassessments.net\/fr\/reseau-devaluation-inframondiale\/","title":{"rendered":"R\u00e9seau d\u2019\u00e9valuation inframondiale"},"content":{"rendered":"\n<figure class=\"wp-block-image size-large\"><img loading=\"lazy\" decoding=\"async\" width=\"1049\" height=\"600\" src=\"https:\/\/www.ecosystemassessments.net\/content\/\/uploads\/2021\/09\/SGAN-small.png-edited.png\" alt=\"\" class=\"wp-image-1666\" srcset=\"https:\/\/www.ecosystemassessments.net\/content\/\/uploads\/2021\/09\/SGAN-small.png-edited.png 1049w, https:\/\/www.ecosystemassessments.net\/content\/\/uploads\/2021\/09\/SGAN-small.png-edited-300x172.png 300w, https:\/\/www.ecosystemassessments.net\/content\/\/uploads\/2021\/09\/SGAN-small.png-edited-1024x586.png 1024w, https:\/\/www.ecosystemassessments.net\/content\/\/uploads\/2021\/09\/SGAN-small.png-edited-768x439.png 768w\" sizes=\"(max-width: 1049px) 100vw, 1049px\" \/><\/figure>\n\n\n\n<p>Le r\u00e9seau d\u2019\u00e9valuation inframondiale (SGA) a pour vocation de renforcer la capacit\u00e9 de ses membres, notamment les praticiens, les chercheurs et les d\u00e9cideurs, \u00e0 entreprendre des \u00e9valuations des \u00e9cosyst\u00e8mes et \u00e0 utiliser les conclusions de celles-ci.&nbsp;<br>&nbsp;<br>Ce r\u00e9seau vise \u00e0 r\u00e9unir une communaut\u00e9 de pratique qui renforce les capacit\u00e9s et partage des exp\u00e9riences autour des \u00e9valuations des \u00e9cosyst\u00e8mes \u00e0 une \u00e9chelle inframondiale. Il rassemble des praticiens, des chercheurs et des d\u00e9cideurs.&nbsp;<br>&nbsp;<\/p>\n\n\n\n<hr class=\"wp-block-separator\"\/>\n\n\n\n<p><br>&nbsp;<br>En 2007, le Programme des Nations Unies pour l\u2019environnement\u202f(PNUE), en collaboration avec un consortium de partenaires, a mis sur pied le SGA afin de fournir un soutien continu aux \u00e9valuations r\u00e9alis\u00e9es \u00e0 une \u00e9chelle inframondiale, lanc\u00e9es dans le cadre de l\u2019\u00c9valuation des \u00e9cosyst\u00e8mes pour le&nbsp; mill\u00e9naire ou de son suivi .&nbsp;<br>&nbsp;<br>L\u2019UNEP-WCMC se r\u00e9jouit de r\u00e9unir \u00e0 nouveau les membres du SGA et d\u2019accueillir de nouveaux partenaires au sein de ce r\u00e9seau. L\u2019objectif est de renforcer les activit\u00e9s du r\u00e9seau en adoptant les mesures suivantes\u202f:&nbsp;<\/p>\n\n\n\n<ul class=\"wp-block-list\"><li>&nbsp;Soutenir les \u00e9valuations nationales des \u00e9cosyst\u00e8mes&nbsp;<\/li><li>Encourager et favoriser le partage des connaissances entre les \u00e9valuations inframondiales&nbsp;<\/li><li>Offrir des possibilit\u00e9s de formation ayant trait aux outils, aux approches et aux proc\u00e9dures d\u2019\u00e9valuation&nbsp;<\/li><\/ul>\n\n\n\n<p><br>En conjuguant l\u2019Initiative NEA et le SGA, l\u2019UNEP-WCMC vise \u00e0 accro\u00eetre le soutien aux pays qui entreprennent des \u00e9valuations de leurs \u00e9cosyst\u00e8mes et \u00e0 favoriser le partage des connaissances et le renforcement des capacit\u00e9s chez les diff\u00e9rents acteurs impliqu\u00e9s dans les \u00e9valuations.&nbsp;<\/p>\n\n\n\n<div style=\"height:56px\" aria-hidden=\"true\" class=\"wp-block-spacer\"><\/div>\n\n\n\n<p><strong>Cliquez sur le bouton ci-dessous pour rejoindre le R\u00e9seau d\u2019\u00e9valuation inframondiale, recevoir les derni\u00e8res actualit\u00e9s et d\u00e9couvrir de nouvelles ressources\u202f:&nbsp;<\/strong><\/p>\n\n\n\n<div class=\"wp-block-buttons is-layout-flex wp-block-buttons-is-layout-flex\">\n<div class=\"wp-block-button\"><a class=\"wp-block-button__link\" href=\"\" target=\"_blank\" rel=\"noreferrer noopener\">Rejoindre le SGA<\/a><\/div>\n<\/div>\n\n\n\n<div style=\"height:39px\" aria-hidden=\"true\" class=\"wp-block-spacer\"><\/div>\n\n\n\n<figure class=\"block-full-width-image\">\n  <img decoding=\"async\"\n    src=\"https:\/\/www.ecosystemassessments.net\/content\/\/uploads\/2021\/09\/SGAN-IMAGE-03-LONG.png\"\n    alt=\"\"\n    class=\"block-full-width-image__image\"\n  >\n  <\/figure>\n","protected":false},"excerpt":{"rendered":"Le r\u00e9seau d\u2019\u00e9valuation inframondiale (SGA) a pour vocation de renforcer la capacit\u00e9 de ses membres, notamment les praticiens, les chercheurs et les d\u00e9cideurs, \u00e0 entreprendre des \u00e9valuations des \u00e9cosyst\u00e8mes et \u00e0 utiliser les conclusions de celles-ci.&nbsp;&nbsp;Ce r\u00e9seau vise \u00e0 r\u00e9unir une communaut\u00e9 de pratique qui renforce les capacit\u00e9s et partage des exp\u00e9riences autour des \u00e9valuations&#8230; \n","protected":false},"author":1,"featured_media":2205,"parent":0,"menu_order":0,"comment_status":"closed","ping_status":"closed","template":"","meta":{"_acf_changed":false,"om_disable_all_campaigns":false,"_monsterinsights_skip_tracking":false,"_monsterinsights_sitenote_active":false,"_monsterinsights_sitenote_note":"","_monsterinsights_sitenote_category":0,"footnotes":""},"class_list":["post-2327","page","type-page","status-publish","has-post-thumbnail","hentry"],"acf":{"back_button_url":"","back_button_text":"","hero_title":"","hero_opacity":"10","hero_text":""},"aioseo_notices":[],"_links":{"self":[{"href":"https:\/\/www.ecosystemassessments.net\/fr\/wp-json\/wp\/v2\/pages\/2327"}],"collection":[{"href":"https:\/\/www.ecosystemassessments.net\/fr\/wp-json\/wp\/v2\/pages"}],"about":[{"href":"https:\/\/www.ecosystemassessments.net\/fr\/wp-json\/wp\/v2\/types\/page"}],"author":[{"embeddable":true,"href":"https:\/\/www.ecosystemassessments.net\/fr\/wp-json\/wp\/v2\/users\/1"}],"replies":[{"embeddable":true,"href":"https:\/\/www.ecosystemassessments.net\/fr\/wp-json\/wp\/v2\/comments?post=2327"}],"version-history":[{"count":4,"href":"https:\/\/www.ecosystemassessments.net\/fr\/wp-json\/wp\/v2\/pages\/2327\/revisions"}],"predecessor-version":[{"id":2710,"href":"https:\/\/www.ecosystemassessments.net\/fr\/wp-json\/wp\/v2\/pages\/2327\/revisions\/2710"}],"wp:featuredmedia":[{"embeddable":true,"href":"https:\/\/www.ecosystemassessments.net\/fr\/wp-json\/wp\/v2\/media\/2205"}],"wp:attachment":[{"href":"https:\/\/www.ecosystemassessments.net\/fr\/wp-json\/wp\/v2\/media?parent=2327"}],"curies":[{"name":"wp","href":"https:\/\/api.w.org\/{rel}","templated":true}]}}