{"id":2316,"date":"2022-03-31T09:32:39","date_gmt":"2022-03-31T08:32:39","guid":{"rendered":"http:\/\/www.ecosystemassessments.net\/?page_id=2316"},"modified":"2022-05-05T14:41:25","modified_gmt":"2022-05-05T13:41:25","slug":"qui-sommes-nous","status":"publish","type":"page","link":"https:\/\/www.ecosystemassessments.net\/fr\/a-propos\/qui-sommes-nous\/","title":{"rendered":"Qui sommes-nous?"},"content":{"rendered":"\n<figure class=\"wp-block-image size-large is-resized\"><img decoding=\"async\" src=\"https:\/\/www.ecosystemassessments.net\/content\/\/uploads\/2021\/08\/NEA_LOGO_COLOUR-edited.png\" alt=\"\" class=\"wp-image-1269\" width=\"323\" height=\"123.017578125\" srcset=\"https:\/\/www.ecosystemassessments.net\/content\/\/uploads\/2021\/08\/NEA_LOGO_COLOUR-edited.png 3152w, https:\/\/www.ecosystemassessments.net\/content\/\/uploads\/2021\/08\/NEA_LOGO_COLOUR-edited-300x114.png 300w, https:\/\/www.ecosystemassessments.net\/content\/\/uploads\/2021\/08\/NEA_LOGO_COLOUR-edited-1024x389.png 1024w, https:\/\/www.ecosystemassessments.net\/content\/\/uploads\/2021\/08\/NEA_LOGO_COLOUR-edited-768x292.png 768w, https:\/\/www.ecosystemassessments.net\/content\/\/uploads\/2021\/08\/NEA_LOGO_COLOUR-edited-1536x584.png 1536w, https:\/\/www.ecosystemassessments.net\/content\/\/uploads\/2021\/08\/NEA_LOGO_COLOUR-edited-2048x778.png 2048w\" sizes=\"(max-width: 3152px) 100vw, 3152px\" \/><\/figure>\n\n\n\n<p>L\u2019Initiative NEA, consacr\u00e9e aux \u00e9valuations nationales des \u00e9cosyst\u00e8mes, est h\u00e9berg\u00e9e par le Centre mondial de surveillance pour la conservation du Programme des Nations Unies pour l\u2019environnement (UNEP-WCMC). Nous appuyons les pays qui proc\u00e8dent \u00e0 des \u00e9valuations nationales de leurs \u00e9cosyst\u00e8mes afin de pouvoir prendre pleinement en compte la valeur de la nature dans leurs processus d\u00e9cisionnels.&nbsp;<\/p>\n\n\n\n<p>Depuis 2017, l\u2019Initiative NEA a travaill\u00e9 avec <a rel=\"noreferrer noopener\" href=\"https:\/\/www.ecosystemassessments.net\/partner-list\/?type=country-partner\" target=\"_blank\">14\u202fpays<\/a> pour les aider \u00e0 r\u00e9aliser ou \u00e0 cadrer les \u00e9valuations de leurs \u00e9cosyst\u00e8mes. Nous fournissons notre appui en collaboration avec le Programme des Nations Unies pour le d\u00e9veloppement\u202f(PNUD) et l\u2019Organisation des Nations Unies pour l\u2019\u00e9ducation, la science et la culture\u202f(UNESCO), par le biais du R\u00e9seau sur la biodiversit\u00e9 et les services \u00e9cosyst\u00e9miques\u202f(BES-Net).&nbsp;<\/p>\n\n\n\n<p>L\u2019initiative NEA vise \u00e0 renforcer les capacit\u00e9s, fournir un appui et favoriser l\u2019\u00e9change de connaissances gr\u00e2ce \u00e0 une \u00e9quipe multiculturelle et pluridisciplinaire de praticiens et de partenaires hautement qualifi\u00e9s. Notre d\u00e9marche s\u2019adapte aux besoins sp\u00e9cifiques des pays et nous permet de cr\u00e9er une communaut\u00e9 de pratique sur les cinq continents.&nbsp;<\/p>\n\n\n\n<div style=\"height:20px\" aria-hidden=\"true\" class=\"wp-block-spacer\"><\/div>\n\n\n\n<hr class=\"wp-block-separator\"\/>\n\n\n\n<div style=\"height:20px\" aria-hidden=\"true\" class=\"wp-block-spacer\"><\/div>\n\n\n\n<p>L\u2019Initiative internationale pour le climat\u202f(IKI) du minist\u00e8re f\u00e9d\u00e9ral allemand de l\u2019Environnement, de la Protection de la nature et de la S\u00fbret\u00e9 nucl\u00e9aire appuie financi\u00e8rement l\u2019Initiative NEA. Le Fonds japonais pour la biodiversit\u00e9, l\u2019Agence norv\u00e9gienne pour l\u2019environnement et le programme SwedBio du Centre de r\u00e9silience de Stockholm apportent eux aussi un soutien financier.<\/p>\n\n\n\n<figure class=\"wp-block-image size-large\"><img loading=\"lazy\" decoding=\"async\" width=\"986\" height=\"615\" src=\"http:\/\/www.ecosystemassessments.net\/content\/\/uploads\/2021\/09\/Donors-04-full.png\" alt=\"\" class=\"wp-image-2322\" srcset=\"https:\/\/www.ecosystemassessments.net\/content\/\/uploads\/2021\/09\/Donors-04-full.png 986w, https:\/\/www.ecosystemassessments.net\/content\/\/uploads\/2021\/09\/Donors-04-full-300x187.png 300w, https:\/\/www.ecosystemassessments.net\/content\/\/uploads\/2021\/09\/Donors-04-full-768x479.png 768w\" sizes=\"(max-width: 986px) 100vw, 986px\" \/><\/figure>\n\n\n\n<div style=\"height:30px\" aria-hidden=\"true\" class=\"wp-block-spacer\"><\/div>\n\n\n\n<hr class=\"wp-block-separator\"\/>\n\n\n\n<div style=\"height:87px\" aria-hidden=\"true\" class=\"wp-block-spacer\"><\/div>\n\n\n\n<div class=\"wp-block-buttons is-layout-flex wp-block-buttons-is-layout-flex\">\n<div class=\"wp-block-button\"><a class=\"wp-block-button__link\" href=\"\/partners\">Partenaires de l\u2019Initiative NEA<\/a><\/div>\n<\/div>\n","protected":false},"excerpt":{"rendered":"L\u2019Initiative NEA, consacr\u00e9e aux \u00e9valuations nationales des \u00e9cosyst\u00e8mes, est h\u00e9berg\u00e9e par le Centre mondial de surveillance pour la conservation du Programme des Nations Unies pour l\u2019environnement (UNEP-WCMC). Nous appuyons les pays qui proc\u00e8dent \u00e0 des \u00e9valuations nationales de leurs \u00e9cosyst\u00e8mes afin de pouvoir prendre pleinement en compte la valeur de la nature dans leurs processus&#8230; \n","protected":false},"author":1,"featured_media":2205,"parent":2274,"menu_order":0,"comment_status":"closed","ping_status":"closed","template":"page-simple-hero.php","meta":{"_acf_changed":false,"om_disable_all_campaigns":false,"_monsterinsights_skip_tracking":false,"_monsterinsights_sitenote_active":false,"_monsterinsights_sitenote_note":"","_monsterinsights_sitenote_category":0,"footnotes":""},"class_list":["post-2316","page","type-page","status-publish","has-post-thumbnail","hentry"],"acf":{"back_button_url":"","back_button_text":"","hero_title":"","hero_opacity":"10","hero_text":""},"aioseo_notices":[],"_links":{"self":[{"href":"https:\/\/www.ecosystemassessments.net\/fr\/wp-json\/wp\/v2\/pages\/2316"}],"collection":[{"href":"https:\/\/www.ecosystemassessments.net\/fr\/wp-json\/wp\/v2\/pages"}],"about":[{"href":"https:\/\/www.ecosystemassessments.net\/fr\/wp-json\/wp\/v2\/types\/page"}],"author":[{"embeddable":true,"href":"https:\/\/www.ecosystemassessments.net\/fr\/wp-json\/wp\/v2\/users\/1"}],"replies":[{"embeddable":true,"href":"https:\/\/www.ecosystemassessments.net\/fr\/wp-json\/wp\/v2\/comments?post=2316"}],"version-history":[{"count":5,"href":"https:\/\/www.ecosystemassessments.net\/fr\/wp-json\/wp\/v2\/pages\/2316\/revisions"}],"predecessor-version":[{"id":2718,"href":"https:\/\/www.ecosystemassessments.net\/fr\/wp-json\/wp\/v2\/pages\/2316\/revisions\/2718"}],"up":[{"embeddable":true,"href":"https:\/\/www.ecosystemassessments.net\/fr\/wp-json\/wp\/v2\/pages\/2274"}],"wp:featuredmedia":[{"embeddable":true,"href":"https:\/\/www.ecosystemassessments.net\/fr\/wp-json\/wp\/v2\/media\/2205"}],"wp:attachment":[{"href":"https:\/\/www.ecosystemassessments.net\/fr\/wp-json\/wp\/v2\/media?parent=2316"}],"curies":[{"name":"wp","href":"https:\/\/api.w.org\/{rel}","templated":true}]}}