{"id":2297,"date":"2022-03-31T09:34:21","date_gmt":"2022-03-31T08:34:21","guid":{"rendered":"http:\/\/www.ecosystemassessments.net\/?page_id=2297"},"modified":"2022-05-05T14:40:45","modified_gmt":"2022-05-05T13:40:45","slug":"conditions-dutilisation","status":"publish","type":"page","link":"https:\/\/www.ecosystemassessments.net\/fr\/conditions-dutilisation\/","title":{"rendered":"Conditions d\u2019utilisation"},"content":{"rendered":"\n<h5 class=\"wp-block-heading\"><strong>Qui sommes-nous?<\/strong><\/h5>\n\n\n\n<p>Consultez notre site Web\u202f: http:\/\/ecosystemassessments.net&nbsp;<\/p>\n\n\n\n<div style=\"height:40px\" aria-hidden=\"true\" class=\"wp-block-spacer\"><\/div>\n\n\n\n<h5 class=\"wp-block-heading\"><strong>Quelles donn\u00e9es personnelles recueillons-nous et pourquoi\u202f?<\/strong><\/h5>\n\n\n\n<div style=\"height:20px\" aria-hidden=\"true\" class=\"wp-block-spacer\"><\/div>\n\n\n\n<h5 class=\"wp-block-heading\"><strong>Commentaires<\/strong><\/h5>\n\n\n\n<p>Lorsque les personnes qui visitent notre site y laissent des commentaires, nous recueillons les donn\u00e9es indiqu\u00e9es dans le formulaire de commentaires, ainsi que l\u2019adresse IP du visiteur et la cha\u00eene de l\u2019agent utilisateur du navigateur pour faciliter la d\u00e9tection des spams.&nbsp;<br>&nbsp;<br>Une cha\u00eene anonymis\u00e9e cr\u00e9\u00e9e \u00e0 partir de votre adresse \u00e9lectronique (\u00e9galement appel\u00e9e \u00ab\u202fhash\u202f\u00bb) peut \u00eatre fournie au service Gravatar pour savoir si vous l\u2019utilisez. Vous pouvez consulter la politique de confidentialit\u00e9 du service Gravatar \u00e0 l\u2019adresse suivante\u202f: https:\/\/automattic.com\/fr\/privacy\/. Une fois votre commentaire approuv\u00e9, votre photo de profil est visible publiquement \u00e0 c\u00f4t\u00e9 de votre commentaire.&nbsp;<\/p>\n\n\n\n<div style=\"height:40px\" aria-hidden=\"true\" class=\"wp-block-spacer\"><\/div>\n\n\n\n<h5 class=\"wp-block-heading\"><strong>M\u00e9dias<\/strong><\/h5>\n\n\n\n<p>Si vous t\u00e9l\u00e9chargez des images sur le site internet, vous devez \u00e9viter de le faire avec des donn\u00e9es de localisation int\u00e9gr\u00e9es (GPS EXIF). Les personnes qui visitent le site internet peuvent t\u00e9l\u00e9charger et extraire n\u2019importe quelle donn\u00e9e de localisation \u00e0 partir des images pr\u00e9sentes sur le site.&nbsp;<\/p>\n\n\n\n<div style=\"height:40px\" aria-hidden=\"true\" class=\"wp-block-spacer\"><\/div>\n\n\n\n<h5 class=\"wp-block-heading\"><strong>Formulaires de contact<\/strong>&nbsp;<\/h5>\n\n\n\n<p>Si vous laissez un commentaire sur notre site, vous pouvez accepter que votre nom, votre adresse \u00e9lectronique et votre site internet&nbsp; soient enregistr\u00e9s dans des cookies. Gr\u00e2ce \u00e0 ces cookies, vous n\u2019aurez pas \u00e0 remplir \u00e0 nouveau vos coordonn\u00e9es la prochaine fois que vous laisserez un commentaire. Ces cookies ont une dur\u00e9e de vie d\u2019un an.<\/p>\n\n\n\n<div style=\"height:40px\" aria-hidden=\"true\" class=\"wp-block-spacer\"><\/div>\n\n\n\n<h5 class=\"wp-block-heading\"><strong>Cookies<\/strong><\/h5>\n\n\n\n<p>Lorsque vous visitez notre page de connexion, nous utilisons un cookie temporaire pour d\u00e9terminer si votre navigateur accepte les cookies. Ce cookie ne contient aucune donn\u00e9e personnelle et est supprim\u00e9 lorsque vous fermez votre navigateur.&nbsp;<br>&nbsp;<br>Lorsque vous vous connectez, nous configurons \u00e9galement plusieurs cookies pour enregistrer vos informations de connexion et vos pr\u00e9f\u00e9rences d\u2019affichage. Les cookies de connexion durent deux jours, et les cookies d\u2019options d\u2019affichage durent un an. Si vous s\u00e9lectionnez \u00ab\u202fM\u00e9moriser mes informations\u202f\u00bb, votre connexion sera maintenue pendant deux semaines. Si vous vous d\u00e9connectez de votre compte, les cookies de connexion seront supprim\u00e9s.&nbsp;<br>&nbsp;<br>Si vous modifiez ou publiez un article, un autre cookie sera enregistr\u00e9 dans votre navigateur. Ce cookie ne comprend aucune donn\u00e9e personnelle et indique simplement l\u2019identifiant de l\u2019article que vous venez de modifier. Il expire au bout d\u2019une journ\u00e9e.&nbsp;<\/p>\n\n\n\n<div style=\"height:40px\" aria-hidden=\"true\" class=\"wp-block-spacer\"><\/div>\n\n\n\n<h5 class=\"wp-block-heading\"><strong>Contenu int\u00e9gr\u00e9 \u00e0 partir d\u2019autres sites internet<\/strong>&nbsp;<\/h5>\n\n\n\n<p>Les articles de ce site peuvent inclure du contenu int\u00e9gr\u00e9 (comme des vid\u00e9os, des images, des articles, etc.). Le contenu int\u00e9gr\u00e9 provenant d\u2019autres sites Web suit exactement le m\u00eame sch\u00e9ma de comportement que si le visiteur s\u2019\u00e9tait rendu sur le site Web en question.&nbsp;<br>&nbsp;<br>Ces sites internet&nbsp; peuvent recueillir des donn\u00e9es vous concernant, utiliser des cookies, int\u00e9grer un suivi suppl\u00e9mentaire par des tiers et surveiller votre interaction avec ce contenu int\u00e9gr\u00e9, y compris le suivi de votre interaction avec le contenu int\u00e9gr\u00e9 si vous avez un compte et que vous \u00eates connect\u00e9 \u00e0 ce site Web.<\/p>\n\n\n\n<div style=\"height:40px\" aria-hidden=\"true\" class=\"wp-block-spacer\"><\/div>\n\n\n\n<h5 class=\"wp-block-heading\"><strong>Combien de temps conservons-nous vos donn\u00e9es\u202f?<\/strong><\/h5>\n\n\n\n<p>&nbsp;Si vous laissez un commentaire, celui-ci et ses m\u00e9tadonn\u00e9es sont conserv\u00e9s ind\u00e9finiment. Cela nous permet de reconna\u00eetre et d\u2019approuver automatiquement les commentaires de suivi au lieu de les mettre en attente \u00e0 des fins de mod\u00e9ration.&nbsp;<br>&nbsp;<br>En ce qui concerne les utilisateurs qui s\u2019inscrivent sur notre site Web (le cas \u00e9ch\u00e9ant), nous stockons \u00e9galement les informations personnelles qu\u2019ils fournissent dans leur profil d\u2019utilisateur. Tous les utilisateurs peuvent voir, modifier ou supprimer leurs informations personnelles \u00e0 tout moment (ils ne peuvent toutefois pas changer leur nom d\u2019utilisateur). Les administrateurs du site Web peuvent \u00e9galement voir et modifier ces informations.<\/p>\n\n\n\n<div style=\"height:40px\" aria-hidden=\"true\" class=\"wp-block-spacer\"><\/div>\n\n\n\n<h5 class=\"wp-block-heading\"><strong>Quels droits avez-vous sur vos donn\u00e9es\u202f?<\/strong><\/h5>\n\n\n\n<p>Si vous avez un compte sur ce site, ou si vous y avez laiss\u00e9 des commentaires, vous pouvez demander \u00e0 recevoir un fichier export\u00e9 des donn\u00e9es personnelles que nous d\u00e9tenons \u00e0 votre sujet, y compris les donn\u00e9es que vous nous avez fournies. Vous pouvez \u00e9galement nous demander d\u2019effacer toutes les donn\u00e9es personnelles que nous d\u00e9tenons \u00e0 votre sujet. Cela ne comprend pas les donn\u00e9es que nous sommes tenus de conserver \u00e0 des fins administratives, juridiques ou de s\u00e9curit\u00e9.<\/p>\n\n\n\n<div style=\"height:39px\" aria-hidden=\"true\" class=\"wp-block-spacer\"><\/div>\n\n\n\n<h5 class=\"wp-block-heading\"><strong>O\u00f9 envoyons-nous vos donn\u00e9es\u202f?<\/strong><\/h5>\n\n\n\n<p>Les commentaires laiss\u00e9s par les visiteurs peuvent \u00eatre v\u00e9rifi\u00e9s au moyen d\u2019un service automatis\u00e9 de d\u00e9tection des spams.<\/p>\n","protected":false},"excerpt":{"rendered":"Qui sommes-nous? Consultez notre site Web\u202f: http:\/\/ecosystemassessments.net&nbsp; Quelles donn\u00e9es personnelles recueillons-nous et pourquoi\u202f? Commentaires Lorsque les personnes qui visitent notre site y laissent des commentaires, nous recueillons les donn\u00e9es indiqu\u00e9es dans le formulaire de commentaires, ainsi que l\u2019adresse IP du visiteur et la cha\u00eene de l\u2019agent utilisateur du navigateur pour faciliter la d\u00e9tection des spams.&nbsp;&nbsp;Une&#8230; \n","protected":false},"author":1,"featured_media":0,"parent":0,"menu_order":0,"comment_status":"closed","ping_status":"open","template":"page-no-hero.php","meta":{"_acf_changed":false,"om_disable_all_campaigns":false,"_monsterinsights_skip_tracking":false,"_monsterinsights_sitenote_active":false,"_monsterinsights_sitenote_note":"","_monsterinsights_sitenote_category":0,"footnotes":""},"class_list":["post-2297","page","type-page","status-publish","hentry"],"acf":{"back_button_url":"","back_button_text":"","hero_title":"","hero_opacity":"10","hero_text":""},"aioseo_notices":[],"_links":{"self":[{"href":"https:\/\/www.ecosystemassessments.net\/fr\/wp-json\/wp\/v2\/pages\/2297"}],"collection":[{"href":"https:\/\/www.ecosystemassessments.net\/fr\/wp-json\/wp\/v2\/pages"}],"about":[{"href":"https:\/\/www.ecosystemassessments.net\/fr\/wp-json\/wp\/v2\/types\/page"}],"author":[{"embeddable":true,"href":"https:\/\/www.ecosystemassessments.net\/fr\/wp-json\/wp\/v2\/users\/1"}],"replies":[{"embeddable":true,"href":"https:\/\/www.ecosystemassessments.net\/fr\/wp-json\/wp\/v2\/comments?post=2297"}],"version-history":[{"count":6,"href":"https:\/\/www.ecosystemassessments.net\/fr\/wp-json\/wp\/v2\/pages\/2297\/revisions"}],"predecessor-version":[{"id":2720,"href":"https:\/\/www.ecosystemassessments.net\/fr\/wp-json\/wp\/v2\/pages\/2297\/revisions\/2720"}],"wp:attachment":[{"href":"https:\/\/www.ecosystemassessments.net\/fr\/wp-json\/wp\/v2\/media?parent=2297"}],"curies":[{"name":"wp","href":"https:\/\/api.w.org\/{rel}","templated":true}]}}