{"id":2293,"date":"2022-03-31T09:33:06","date_gmt":"2022-03-31T08:33:06","guid":{"rendered":"http:\/\/www.ecosystemassessments.net\/?page_id=2293"},"modified":"2023-12-14T11:16:58","modified_gmt":"2023-12-14T11:16:58","slug":"contact","status":"publish","type":"page","link":"https:\/\/www.ecosystemassessments.net\/fr\/contact\/","title":{"rendered":"Contact"},"content":{"rendered":"\n<p>L\u2019Initiative NEA, consacr\u00e9e \u00e0 la promotion des \u00e9valuations nationales des \u00e9cosyst\u00e8mes, aide les pays du monde entier \u00e0 mener ces \u00e9valuations. Contactez-nous pour en savoir plus sur les ressources, les conseils et l\u2019appui que nous pouvons offrir\u202f:\u00a0<\/p>\n\n\n<div role=\"form\" class=\"wpcf7\" id=\"wpcf7-f40-o1\" lang=\"en-US\" dir=\"ltr\">\n<div class=\"screen-reader-response\"><p role=\"status\" aria-live=\"polite\" aria-atomic=\"true\"><\/p> <ul><\/ul><\/div>\n<form action=\"\/fr\/wp-json\/wp\/v2\/pages\/2293#wpcf7-f40-o1\" method=\"post\" class=\"wpcf7-form init form-contact__form\" novalidate=\"novalidate\" data-status=\"init\">\n<div style=\"display: none;\">\n<input type=\"hidden\" name=\"_wpcf7\" value=\"40\" \/>\n<input type=\"hidden\" name=\"_wpcf7_version\" value=\"5.4.2\" \/>\n<input type=\"hidden\" name=\"_wpcf7_locale\" value=\"en_US\" \/>\n<input type=\"hidden\" name=\"_wpcf7_unit_tag\" value=\"wpcf7-f40-o1\" \/>\n<input type=\"hidden\" name=\"_wpcf7_container_post\" value=\"0\" \/>\n<input type=\"hidden\" name=\"_wpcf7_posted_data_hash\" value=\"\" \/>\n<\/div>\n<h3 class=\"form-contact__title\">Get in touch<\/h3>\n\n<label class=\"form-contact__label\">Full name\n    <span class=\"wpcf7-form-control-wrap full-name\"><input type=\"text\" name=\"full-name\" value=\"\" size=\"40\" class=\"wpcf7-form-control wpcf7-text wpcf7-validates-as-required form-contact__input\" aria-required=\"true\" aria-invalid=\"false\" \/><\/span><\/label>\n\n<label class=\"form-contact__label\">Email\n    <span class=\"wpcf7-form-control-wrap your-email\"><input type=\"email\" name=\"your-email\" value=\"\" size=\"40\" class=\"wpcf7-form-control wpcf7-text wpcf7-email wpcf7-validates-as-required wpcf7-validates-as-email form-contact__input\" aria-required=\"true\" aria-invalid=\"false\" \/><\/span><\/label>\n\n<label class=\"form-contact__label\">Organisation\n    <span class=\"wpcf7-form-control-wrap organisation\"><input type=\"text\" name=\"organisation\" value=\"\" size=\"40\" class=\"wpcf7-form-control wpcf7-text wpcf7-validates-as-required form-contact__input\" aria-required=\"true\" aria-invalid=\"false\" \/><\/span><\/label>\n\n<label class=\"form-contact__label\">Reason for contact\n    <span class=\"wpcf7-form-control-wrap reason-for-contact\"><input type=\"text\" name=\"reason-for-contact\" value=\"\" size=\"40\" class=\"wpcf7-form-control wpcf7-text form-contact__input\" aria-invalid=\"false\" \/><\/span><\/label>\n\n<label class=\"form-contact__label\">Your message\n    <span class=\"wpcf7-form-control-wrap your-message\"><textarea name=\"your-message\" cols=\"40\" rows=\"10\" class=\"wpcf7-form-control wpcf7-textarea form-contact__textarea\" aria-invalid=\"false\"><\/textarea><\/span><\/label>\n\n<div class=\"form-contact__submit\">\n    <input type=\"submit\" value=\"Submit\" class=\"wpcf7-form-control wpcf7-submit\" \/><\/div><div class=\"wpcf7-response-output\" aria-hidden=\"true\"><\/div><\/form><\/div>\n\n\n","protected":false},"excerpt":{"rendered":"L\u2019Initiative NEA, consacr\u00e9e \u00e0 la promotion des \u00e9valuations nationales des \u00e9cosyst\u00e8mes, aide les pays du monde entier \u00e0 mener ces \u00e9valuations. Contactez-nous pour en savoir plus sur les ressources, les conseils et l\u2019appui que nous pouvons offrir\u202f:\u00a0\n","protected":false},"author":1,"featured_media":2295,"parent":0,"menu_order":0,"comment_status":"closed","ping_status":"closed","template":"","meta":{"_acf_changed":false,"om_disable_all_campaigns":false,"_monsterinsights_skip_tracking":false,"_monsterinsights_sitenote_active":false,"_monsterinsights_sitenote_note":"","_monsterinsights_sitenote_category":0,"footnotes":""},"class_list":["post-2293","page","type-page","status-publish","has-post-thumbnail","hentry"],"acf":{"back_button_url":"","back_button_text":"","hero_title":"","hero_opacity":"10","hero_text":""},"aioseo_notices":[],"_links":{"self":[{"href":"https:\/\/www.ecosystemassessments.net\/fr\/wp-json\/wp\/v2\/pages\/2293"}],"collection":[{"href":"https:\/\/www.ecosystemassessments.net\/fr\/wp-json\/wp\/v2\/pages"}],"about":[{"href":"https:\/\/www.ecosystemassessments.net\/fr\/wp-json\/wp\/v2\/types\/page"}],"author":[{"embeddable":true,"href":"https:\/\/www.ecosystemassessments.net\/fr\/wp-json\/wp\/v2\/users\/1"}],"replies":[{"embeddable":true,"href":"https:\/\/www.ecosystemassessments.net\/fr\/wp-json\/wp\/v2\/comments?post=2293"}],"version-history":[{"count":4,"href":"https:\/\/www.ecosystemassessments.net\/fr\/wp-json\/wp\/v2\/pages\/2293\/revisions"}],"predecessor-version":[{"id":6690,"href":"https:\/\/www.ecosystemassessments.net\/fr\/wp-json\/wp\/v2\/pages\/2293\/revisions\/6690"}],"wp:featuredmedia":[{"embeddable":true,"href":"https:\/\/www.ecosystemassessments.net\/fr\/wp-json\/wp\/v2\/media\/2295"}],"wp:attachment":[{"href":"https:\/\/www.ecosystemassessments.net\/fr\/wp-json\/wp\/v2\/media?parent=2293"}],"curies":[{"name":"wp","href":"https:\/\/api.w.org\/{rel}","templated":true}]}}