{"id":2274,"date":"2022-03-31T09:32:10","date_gmt":"2022-03-31T08:32:10","guid":{"rendered":"http:\/\/www.ecosystemassessments.net\/?page_id=2274"},"modified":"2023-12-13T12:55:40","modified_gmt":"2023-12-13T12:55:40","slug":"a-propos","status":"publish","type":"page","link":"https:\/\/www.ecosystemassessments.net\/fr\/a-propos\/","title":{"rendered":"\u00c0 propos"},"content":{"rendered":"\n<h6 class=\"wp-block-heading\">L\u2019initiative des \u00e9valuations nationales des \u00e9cosyst\u00e8mes (Initiative NEA) contribue \u00e0 l\u2019av\u00e8nement d\u2019un monde dans lequel les pays sont en mesure de dresser l\u2019\u00e9tat des lieux de la biodiversit\u00e9 sur leur territoire et d\u2019\u00e9valuerles facteurs de changement qui y sont associ\u00e9s, tout en \u00e9tant capables de transformer leurs politiques pour tenir compte des besoins de leurs citoyens et de la nature. L\u2019Initiative constitue une source fiable de conseils et d\u2019appui pour des pays du monde entier qui entreprennent des \u00e9valuations de leurs \u00e9cosyst\u00e8mes.<\/h6>\n\n\n\n<h6 class=\"wp-block-heading\">L\u2019Initiative NEA renforce les capacit\u00e9s et favorise l\u2019\u00e9change de connaissances entre les pays qui proc\u00e8dent \u00e0 des \u00e9valuations nationales de leurs \u00e9cosyst\u00e8mes. \u00c0 travers ces activit\u00e9s, l\u2019Initiative soutient le programme de travail de la Plateforme intergouvernementale scientifique et politique sur la biodiversit\u00e9 et les services \u00e9cosyst\u00e9miques\u202f(IPBES) et son <a rel=\"noreferrer noopener\" href=\"https:\/\/ipbes.net\/sites\/default\/files\/ipbes_capacity-building_rolling_plan_and_executive_summary_0.pdf\" target=\"_blank\">plan \u00e9volutif de renforcement des capacit\u00e9s<\/a>.&nbsp;<\/h6>\n\n\n\n<div class=\"section\">\n  <div class=\"section__inner\">\n\n  \n    <div class=\"section__body\">\n\n              <ul class=\"section__items\">\n\n          \n            <li class=\"section__item\">\n              <div class=\"card-listing__card\">\n                <header class=\"card-listing__header\">\n                                                          <div class=\"card-listing__image-wrap\">\n                      <img decoding=\"async\"\n                        class=\"card-listing__image\"\n                        src=\"https:\/\/www.ecosystemassessments.net\/content\/\/uploads\/2021\/08\/Curioso-Senegal-Mangrove-Forest.jpg\"\n                        alt=\"\"\n                      >\n                    <\/div>\n                                    <\/header>\n                <div class=\"card-listing__body\">\n                  <div class=\"card-listing__content\">\n                                          <h3 class=\"card-listing__title\">\n                        Les \u00e9valuations nationales des \u00e9cosyst\u00e8mes, qu\u2019est-ce que c\u2019est\u202f?                       <\/h3>\n                                      <\/div>\n                <\/div>\n\n                                  <a class=\"card-listing__fauxlink\" href=\"\/assessment-process\/what-are-neas\"><\/a>\n                              <\/div>\n            <\/li>\n\n          \n            <li class=\"section__item\">\n              <div class=\"card-listing__card\">\n                <header class=\"card-listing__header\">\n                                                          <div class=\"card-listing__image-wrap\">\n                      <img decoding=\"async\"\n                        class=\"card-listing__image\"\n                        src=\"https:\/\/www.ecosystemassessments.net\/content\/\/uploads\/2021\/08\/corey-serravite-92t_L8cEmvk-unsplash-e1629294636819.jpg\"\n                        alt=\"\"\n                      >\n                    <\/div>\n                                    <\/header>\n                <div class=\"card-listing__body\">\n                  <div class=\"card-listing__content\">\n                                          <h3 class=\"card-listing__title\">\n                        Qui sommes-nous?                      <\/h3>\n                                      <\/div>\n                <\/div>\n\n                                  <a class=\"card-listing__fauxlink\" href=\"\/about\/who-we-are\"><\/a>\n                              <\/div>\n            <\/li>\n\n          \n            <li class=\"section__item\">\n              <div class=\"card-listing__card\">\n                <header class=\"card-listing__header\">\n                                                          <div class=\"card-listing__image-wrap\">\n                      <img decoding=\"async\"\n                        class=\"card-listing__image\"\n                        src=\"https:\/\/www.ecosystemassessments.net\/content\/\/uploads\/2021\/09\/All-Partners-03.png\"\n                        alt=\"\"\n                      >\n                    <\/div>\n                                    <\/header>\n                <div class=\"card-listing__body\">\n                  <div class=\"card-listing__content\">\n                                          <h3 class=\"card-listing__title\">\n                        Nos partenaires                      <\/h3>\n                                      <\/div>\n                <\/div>\n\n                                  <a class=\"card-listing__fauxlink\" href=\"\/partners\"><\/a>\n                              <\/div>\n            <\/li>\n\n          \n        <\/ul>\n          <\/div>\n  <\/div>\n<\/div>\n\n\n\n<div class=\"statistic-cards\">\n  <div class=\"statistic-cards__body\">\n      <ul class=\"statistic-cards__items\">\n                  <li class=\"statistic-cards__item\">\n          <a href=\"\" style=\"width: 100%; text-decoration: none;\">\n         <div class=\"statistic-card\">\n            \n                <h3 class=\"statistic-card__title\">\n                  14                <\/h3>\n                <p class=\"statistic-card__text\">\n                  Countries                <\/p>\n            \n            <\/div>\n            <\/a>\n          <\/li>\n                          <li class=\"statistic-cards__item\">\n          <a href=\"\" style=\"width: 100%; text-decoration: none;\">\n            <div class=\"statistic-card\">\n                <h3 class=\"statistic-card__title\">\n                  129                <\/h3>\n                <p class=\"statistic-card__text\">\n                  Resources                <\/p>\n            <\/div>\n            <\/a>\n          <\/li>\n                              <li class=\"statistic-cards__item\">\n                      <span style=\"width: 100%; text-decoration: none; cursor: default;\">\n          \n              <div class=\"statistic-card\">\n                  <h3 class=\"statistic-card__title\">\n                    5                  <\/h3>\n                  <p class=\"statistic-card__text\">\n                    Years of operation                  <\/p>\n              <\/div>\n\n                      <\/span>\n                  <\/li>\n          <\/ul>\n  <\/div>\n\n  <\/div>\n\n\n\n\n<div class=\"tiles-icon\">\n  <div class=\"tiles-icon__inner\">\n    <div class=\"tiles-icon__body\">\n              <ul class=\"tiles-icon__items\">\n\n          \n            <li class=\"tiles-icon__item\">\n              <div class=\"tile-icon\">\n                <div class=\"tile-icon__body\">\n                                      <div class=\"tile-icon__icon\">\n                      <svg version=\"1.1\" id=\"Layer_1\" xmlns=\"http:\/\/www.w3.org\/2000\/svg\" x=\"0\" y=\"0\" viewBox=\"0 0 109.4 146.7\" xml:space=\"preserve\">\n  <circle id=\"Ellipse_40\" cx=\"54.7\" cy=\"43.5\" r=\"43.5\" opacity=\".396\" fill=\"#e5a100\"\/>\n  <g id=\"Group_115\" transform=\"translate(-947.436 1073.529)\">\n    <g id=\"Group_79\" transform=\"translate(753.757 117.383)\">\n      <path d=\"M226.6-1153.1c-1.4-1.4-3.2-2.1-5.2-2.1-1.9 0-3.8.8-5.1 2.1-2.9 2.8-2.9 7.5 0 10.3 1.4 1.4 3.2 2.1 5.2 2.1s3.8-.8 5.2-2.1c2.7-2.8 2.7-7.5-.1-10.3zm-2.5 7.8c-.7.7-1.7 1.1-2.7 1.1s-1.9-.4-2.7-1.1c-1.5-1.5-1.5-3.9 0-5.4 1.5-1.5 3.9-1.5 5.4 0s1.5 3.9 0 5.4z\" id=\"Path_503\" fill=\"#27292c\" \/>\n      <path d=\"M241.7-1140.9c-.4.2-.9.1-1.3 0-.4-.2-.8-.5-.9-.9-4.5-13.4-15.3-23.9-28.7-28.2-.9-.3-1.4-1.2-1.1-2.1.1-.4.4-.8.8-1 .4-.2.9-.3 1.3-.1 14.5 4.6 26.1 16 31 30.4.2.7-.2 1.6-1.1 1.9z\" id=\"Path_504\" fill=\"#27292c\" \/>\n      <path d=\"M215.4-1133.6c-.1.4-.4.8-.8 1-.3.2-.6.2-.8.2-.6 0-1.2-.3-1.5-.9-3.3-5.8-9.3-9.8-15.9-10.5-1-.1-1.6-1-1.5-2 .1-.9.9-1.5 1.7-1.5h.2c7.7.9 14.7 5.5 18.6 12.3 0 .5.1 1 0 1.4z\" id=\"Path_505\" fill=\"#27292c\" \/>\n      <path d=\"M287-1170.9c-.2.4-.6.7-1 .8-13.4 4.3-24.2 14.8-28.7 28.2-.2.4-.5.8-.9 1-.2.1-.5.2-.8.2-.2 0-.4 0-.6-.1-.9-.3-1.4-1.3-1.1-2.2 4.9-14.4 16.5-25.8 31-30.4.2-.1.3-.1.5-.1.3 0 .6.1.8.2.4.2.7.6.8 1 .3.5.2 1 0 1.4z\" id=\"Path_506\" fill=\"#27292c\" \/>\n      <path d=\"M300.5-1143.8c-6.6.8-12.6 4.7-15.9 10.6-.5.8-1.5 1.1-2.4.6-.8-.5-1.1-1.6-.6-2.4 3.9-6.8 10.8-11.4 18.5-12.3h.1c.9-.1 1.7.6 1.8 1.5.1 1-.6 1.9-1.5 2z\" id=\"Path_507\" fill=\"#27292c\" \/>\n      <path d=\"M253.5-1167.1c-1.4-1.4-3.2-2.1-5.2-2.1s-3.8.8-5.2 2.1c-2.8 2.8-2.8 7.5 0 10.3 1.4 1.4 3.2 2.1 5.1 2.1 4 0 7.3-3.3 7.3-7.3.1-1.9-.6-3.7-2-5.1zm-2.5 7.8c-.7.7-1.7 1.1-2.7 1.1-1 0-2-.4-2.7-1.1-1.5-1.5-1.5-3.9 0-5.4.7-.7 1.7-1.1 2.7-1.1s2 .4 2.7 1.1c1.5 1.5 1.5 4 0 5.4z\" id=\"Path_508\" fill=\"#27292c\" \/>\n      <path d=\"M279.3-1153.2c-2.8-2.8-7.5-2.8-10.3 0-2.8 2.8-2.8 7.5 0 10.3 2.8 2.8 7.5 2.8 10.3 0 2.9-2.8 2.9-7.5 0-10.3zm-2.4 7.8c-.7.7-1.7 1.1-2.7 1.1-1 0-2-.4-2.7-1.1-1.5-1.5-1.5-3.9 0-5.4 1.5-1.5 3.9-1.5 5.4 0 1.4 1.5 1.4 3.9 0 5.4z\" id=\"Path_509\" fill=\"#27292c\" \/>\n      <path d=\"M297.2-1095.6l-13-8.9 13-8.9c.5-.3.8-.9.8-1.5s-.3-1.1-.8-1.4l-29.6-18.6c-.5-.3-1.2-.4-1.8-.1l-17.4 9.3-17.4-9.3c-.3-.1-.5-.2-.8-.2-.3 0-.6.1-.9.3l-29.6 18.6c-.8.5-1.1 1.6-.5 2.4.1.2.3.4.5.5l13.1 8.9-13.1 8.9c-.4.3-.6.7-.7 1.1-.1.5 0 .9.3 1.3.1.2.3.4.5.5l14.4 9v14c0 3.2 1.6 6 4.3 7.7l25.7 15.4c2.7 1.6 6 1.6 8.7 0l25.8-15.4c2.6-1.6 4.3-4.6 4.2-7.7v-14.1l14.3-8.9c.5-.3.8-.9.8-1.5-.1-.5-.3-1-.8-1.4zm-30.7-35.8l26.5 16.6-12 8.2-.3-.2-28.8-16.9 14.6-7.7zm-62.8 16.6l26.5-16.6 14.6 7.8-29 17-12.1-8.2zm0 20.6l12.1-8.2 29 16.9-14.6 7.9-26.5-16.6zm42.9 45.2l-.8-.5-25.7-15.4c-1.6-1-2.6-2.8-2.6-4.7v-11.8l11.7 7.4c.5.3 1.2.4 1.8.1l15.6-8.5v33.4zm-27.4-55.5l29.2-17.2 29.3 17.2-29.3 17-29.2-17zm60 34.9c0 1.4-.5 2.7-1.4 3.8h.4l-28.1 16.8v-33.4l15.6 8.5c.5.3 1.2.3 1.7-.1l11.8-7.5v11.9zm1.2-16.7l-13.9 8.8-14.6-7.9 29.1-16.9 12 8.2-12.6 7.8z\" id=\"Path_510\" fill=\"#27292c\" \/>\n    <\/g>\n  <\/g>\n<\/svg>\n                    <\/div>\n                  \n                                      <h4 class=\"tile-icon__title\">\n                      Apprendre                    <\/h4>\n                  \n                                      <p class=\"tile-icon__description\">\n                      Apprenez-en plus sur les \u00e9valuations nationales des \u00e9cosyst\u00e8mes                    <\/p>\n                  \n                  <div class=\"tile-icon__links\">\n                                          <a class=\"tile-icon__link\" href=\"\/assessment-process\/what-are-neas\">\n                        Que sont les \u00e9valuations nationales des \u00e9cosyst\u00e8mes?                      <\/a>\n                    \n                                      <\/div>\n                <\/div>\n              <\/div>\n            <\/li>\n\n          \n            <li class=\"tiles-icon__item\">\n              <div class=\"tile-icon\">\n                <div class=\"tile-icon__body\">\n                                      <div class=\"tile-icon__icon\">\n                      <svg xmlns=\"http:\/\/www.w3.org\/2000\/svg\" viewBox=\"0 0 117.147 135.978\">\n  <g data-name=\"Group 118\" transform=\"translate(833.053 -1174)\">\n    <circle data-name=\"Ellipse 39\" cx=\"43.5\" cy=\"43.5\" r=\"43.5\" transform=\"translate(-818 1174)\" fill=\"#c2d9e3\"\/>\n    <g data-name=\"Group 116\" fill=\"#27292c\">\n      <path data-name=\"Path 483\" d=\"M-785.168 1246.696a26.71 26.71 0 00-5.666-5.6 17.882 17.882 0 002.4-8.977 18.131 18.131 0 00-8.657-15.414 10.222 10.222 0 00.982-4.382 10.413 10.413 0 10-19.843 4.382 18.143 18.143 0 00-8.65 15.411 17.882 17.882 0 002.4 8.977 26.44 26.44 0 00-5.787 36.916l.164.227a26.289 26.289 0 0019.893 10.727v17.237h-6.3a1.889 1.889 0 100 3.777h16.373a1.889 1.889 0 100-3.777h-6.3v-17.312a26.265 26.265 0 0018.891-10.639c0-.076.113-.151.2-.3a26.238 26.238 0 005.037-15.477 26.578 26.578 0 00-5.137-15.776zm-2.87 29.047l-.176.264a22.567 22.567 0 01-15.9 9.091v-8.411l11.093-11.092a1.889 1.889 0 00-2.575-2.764q-.049.045-.094.094l-8.431 8.424v-16.217l4.873-4.873a1.9 1.9 0 000-2.669 1.877 1.877 0 00-2.653-.016l-.016.016-2.2 2.2v-18.719a1.889 1.889 0 00-3.777 0v3l-.894-.894a1.9 1.9 0 00-2.669 0 1.877 1.877 0 00-.017 2.647l.016.016 3.563 3.563v22.566l-6.572-6.56a1.889 1.889 0 10-2.764 2.575q.045.049.094.094l9.242 9.2v17.9a22.588 22.588 0 01-16.935-9.254l-.126-.189a22.568 22.568 0 016.423-32.511 1.917 1.917 0 00.856-1.259 1.941 1.941 0 00-.327-1.461 14.147 14.147 0 01-2.745-8.4 14.353 14.353 0 018.31-12.969 1.888 1.888 0 001.032-1.259 1.838 1.838 0 00-.327-1.586 6.635 6.635 0 1110.576 0 1.9 1.9 0 00.4 2.658 1.8 1.8 0 00.314.188 14.253 14.253 0 015.565 21.4 1.889 1.889 0 00.415 2.639c.033.024.067.047.1.068a22.581 22.581 0 016.195 5.729 22.682 22.682 0 01.164 26.818z\"\/>\n      <path data-name=\"Path 484\" d=\"M-724.782 1233.64h-.478a14.29 14.29 0 00-13.951-11.043h-.718a20.624 20.624 0 10-23.872 21.669 10.741 10.741 0 0010.073 7.1h28.959a8.864 8.864 0 000-17.728zm-52.629-9.72a16.846 16.846 0 0133.68-.592 14.328 14.328 0 00-8.071 6.7 10.027 10.027 0 00-1.851-.164 10.766 10.766 0 00-10.74 10.449 16.809 16.809 0 01-13.019-16.394zm52.629 23.671h-28.956a6.976 6.976 0 110-13.951 6.719 6.719 0 012.266.39 1.9 1.9 0 002.367-1.07 10.6 10.6 0 0120.367 3.072 1.863 1.863 0 00.856 1.4 1.892 1.892 0 001.6.239 4.971 4.971 0 011.486-.252 5.087 5.087 0 010 10.173z\"\/>\n      <path data-name=\"Path 485\" d=\"M-726.721 1255.372a1.89 1.89 0 00-2.493.959l-.025.06-.239.579a1.89 1.89 0 00.959 2.493l.06.025a1.846 1.846 0 00.73.151 1.89 1.89 0 001.787-1.17l.239-.579a1.89 1.89 0 00-.959-2.493z\"\/>\n      <path data-name=\"Path 486\" d=\"M-729.139 1261.365a1.9 1.9 0 00-2.5.983l-.015.037-.453 1.1a1.89 1.89 0 00.959 2.493l.06.025a2.1 2.1 0 00.73.138 1.888 1.888 0 001.738-1.171l.453-1.083a1.888 1.888 0 00-.934-2.5z\"\/>\n      <path data-name=\"Path 487\" d=\"M-734.606 1274.371a1.89 1.89 0 00-2.493.959l-.025.06-.441 1.083a1.877 1.877 0 00.936 2.483c.028.013.057.024.084.035a1.829 1.829 0 00.718.151 1.889 1.889 0 001.75-1.171l.453-1.083a1.9 1.9 0 00-.963-2.511z\"\/>\n      <path data-name=\"Path 488\" d=\"M-737.298 1280.868a1.9 1.9 0 00-2.5.983l-.015.037-.448 1.082a1.877 1.877 0 00.936 2.483c.028.013.057.024.084.035a1.829 1.829 0 00.718.151 1.888 1.888 0 001.826-1.221l.441-1.083a1.888 1.888 0 00-1.034-2.463z\"\/>\n      <path data-name=\"Path 489\" d=\"M-731.896 1267.87a1.877 1.877 0 00-2.483.936c-.013.028-.024.057-.035.084l-.453 1.083a1.89 1.89 0 00.959 2.493l.06.025a1.822 1.822 0 00.718.139 1.9 1.9 0 001.75-1.158l.453-1.083a1.9 1.9 0 00-.957-2.513z\"\/>\n      <path data-name=\"Path 490\" d=\"M-739.992 1287.428a1.89 1.89 0 00-2.493.959l-.025.06-.239.579a1.89 1.89 0 00.959 2.493l.06.025a1.838 1.838 0 00.73.138 1.875 1.875 0 001.788-1.259l.239-.578a1.876 1.876 0 00-1.019-2.417z\"\/>\n      <path data-name=\"Path 491\" d=\"M-741.919 1259.438a1.829 1.829 0 00.718.151 1.888 1.888 0 001.75-1.121l.239-.63a1.889 1.889 0 00-3.455-1.527l-.033.079-.239.579a1.877 1.877 0 001 2.459z\"\/>\n      <path data-name=\"Path 492\" d=\"M-742.145 1264.915l.441-1.083a1.89 1.89 0 00-.959-2.493l-.06-.025a1.9 1.9 0 00-2.5.983l-.015.037-.39 1.171a1.89 1.89 0 00.959 2.493l.06.025a2.089 2.089 0 00.718.139 1.889 1.889 0 001.746-1.247z\"\/>\n      <path data-name=\"Path 493\" d=\"M-750.807 1280.868a1.9 1.9 0 00-2.5.983l-.015.037-.453 1.083a1.889 1.889 0 003.455 1.527l.033-.079.445-1.084a1.889 1.889 0 00-.965-2.467z\"\/>\n      <path data-name=\"Path 494\" d=\"M-745.419 1267.87a1.89 1.89 0 00-2.493.959l-.025.06-.441 1.083a1.89 1.89 0 00.959 2.493l.06.025a1.774 1.774 0 00.718.139 1.9 1.9 0 001.75-1.158l.441-1.083a1.876 1.876 0 00-.91-2.492z\"\/>\n      <path data-name=\"Path 495\" d=\"M-748.113 1274.371a1.89 1.89 0 00-2.493.959l-.025.06-.453 1.083a1.894 1.894 0 103.5 1.448l.441-1.083a1.889 1.889 0 00-.97-2.467z\"\/>\n      <path data-name=\"Path 496\" d=\"M-753.502 1287.427a1.877 1.877 0 00-2.483.935c-.013.028-.024.057-.035.084l-.239.579a1.89 1.89 0 00.959 2.493l.06.025a1.825 1.825 0 00.718.138 1.887 1.887 0 001.75-1.158l.239-.579a1.888 1.888 0 00-.934-2.5z\"\/>\n      <path data-name=\"Path 497\" d=\"M-755.428 1259.438a1.786 1.786 0 00.718.151 1.888 1.888 0 001.75-1.121l.239-.579a1.889 1.889 0 00-3.455-1.527l-.033.079-.239.579a1.876 1.876 0 001.02 2.418z\"\/>\n      <path data-name=\"Path 498\" d=\"M-764.322 1280.868a1.89 1.89 0 00-2.493.959l-.025.06-.453 1.083a1.89 1.89 0 00.959 2.493l.06.025a1.829 1.829 0 00.718.151 1.887 1.887 0 001.75-1.171l.453-1.083a1.888 1.888 0 00-.934-2.5z\"\/>\n      <path data-name=\"Path 499\" d=\"M-761.623 1274.371a1.89 1.89 0 00-2.493.959l-.025.06-.453 1.083a1.89 1.89 0 00.959 2.493l.06.025a1.846 1.846 0 00.73.151 1.888 1.888 0 001.738-1.171l.453-1.083a1.888 1.888 0 00-.934-2.5z\"\/>\n      <path data-name=\"Path 500\" d=\"M-755.658 1264.915l.441-1.083a1.89 1.89 0 00-.959-2.493l-.06-.025a1.9 1.9 0 00-2.5.983l-.015.037-.453 1.1a1.9 1.9 0 00.983 2.5l.037.015a2.159 2.159 0 00.73.139 1.888 1.888 0 001.796-1.173z\"\/>\n      <path data-name=\"Path 501\" d=\"M-758.929 1267.87a1.877 1.877 0 00-2.483.936c-.013.028-.024.057-.035.084l-.453 1.083a1.9 1.9 0 00.987 2.507l.037.015a1.9 1.9 0 002.5-.983l.015-.037.448-1.082a1.89 1.89 0 00-.959-2.493z\"\/>\n      <path data-name=\"Path 502\" d=\"M-767.012 1287.428a1.89 1.89 0 00-2.493.959l-.025.06-.239.579a1.9 1.9 0 00.983 2.5l.037.015a1.9 1.9 0 002.5-.983l.015-.037.252-.579a1.9 1.9 0 00-.99-2.5z\"\/>\n    <\/g>\n  <\/g>\n<\/svg>\n                    <\/div>\n                  \n                                      <h4 class=\"tile-icon__title\">\n                      Explorer                    <\/h4>\n                  \n                                      <p class=\"tile-icon__description\">\n                      Acc\u00e9dez \u00e0 nos ressources pour soutenir chaque \u00e9tape du processus d&#8217;\u00e9valuation                    <\/p>\n                  \n                  <div class=\"tile-icon__links\">\n                                          <a class=\"tile-icon__link\" href=\"\/resources\">\n                        Acc\u00e9der aux ressources                       <\/a>\n                    \n                                          <a class=\"tile-icon__link\" href=\"\/assessment-process\">\n                        Acc\u00e9der au processus                      <\/a>\n                                      <\/div>\n                <\/div>\n              <\/div>\n            <\/li>\n\n          \n        <\/ul>\n          <\/div>\n  <\/div>\n<\/div>\n\n\n\n<h2 class=\"wp-block-heading\">Rejoignez le R\u00e9seau d&#8217;Evaluation<\/h2>\n\n\n\n<figure class=\"wp-block-image size-large is-resized\"><img loading=\"lazy\" decoding=\"async\" src=\"http:\/\/www.ecosystemassessments.net\/content\/\/uploads\/2022\/01\/SGAN-small-1.png-edited-1.png\" alt=\"\" class=\"wp-image-2281\" width=\"170\" height=\"97\" srcset=\"https:\/\/www.ecosystemassessments.net\/content\/\/uploads\/2022\/01\/SGAN-small-1.png-edited-1.png 910w, https:\/\/www.ecosystemassessments.net\/content\/\/uploads\/2022\/01\/SGAN-small-1.png-edited-1-300x172.png 300w, https:\/\/www.ecosystemassessments.net\/content\/\/uploads\/2022\/01\/SGAN-small-1.png-edited-1-768x440.png 768w\" sizes=\"(max-width: 170px) 100vw, 170px\" \/><\/figure>\n\n\n\n<div style=\"height:34px\" aria-hidden=\"true\" class=\"wp-block-spacer\"><\/div>\n\n\n\n<div class=\"wp-block-buttons is-layout-flex wp-block-buttons-is-layout-flex\">\n<div class=\"wp-block-button\"><a class=\"wp-block-button__link\">Apprenez-en plus<\/a><\/div>\n<\/div>\n\n\n\n<p><\/p>\n","protected":false},"excerpt":{"rendered":"L\u2019initiative des \u00e9valuations nationales des \u00e9cosyst\u00e8mes (Initiative NEA) contribue \u00e0 l\u2019av\u00e8nement d\u2019un monde dans lequel les pays sont en mesure de dresser l\u2019\u00e9tat des lieux de la biodiversit\u00e9 sur leur territoire et d\u2019\u00e9valuerles facteurs de changement qui y sont associ\u00e9s, tout en \u00e9tant capables de transformer leurs politiques pour tenir compte des besoins de leurs&#8230; \n","protected":false},"author":1,"featured_media":2205,"parent":0,"menu_order":0,"comment_status":"closed","ping_status":"closed","template":"page-fullwidth.php","meta":{"_acf_changed":false,"om_disable_all_campaigns":false,"_monsterinsights_skip_tracking":false,"_monsterinsights_sitenote_active":false,"_monsterinsights_sitenote_note":"","_monsterinsights_sitenote_category":0,"footnotes":""},"class_list":["post-2274","page","type-page","status-publish","has-post-thumbnail","hentry"],"acf":{"back_button_url":"","back_button_text":"","hero_title":"","hero_opacity":"10","hero_text":""},"aioseo_notices":[],"_links":{"self":[{"href":"https:\/\/www.ecosystemassessments.net\/fr\/wp-json\/wp\/v2\/pages\/2274"}],"collection":[{"href":"https:\/\/www.ecosystemassessments.net\/fr\/wp-json\/wp\/v2\/pages"}],"about":[{"href":"https:\/\/www.ecosystemassessments.net\/fr\/wp-json\/wp\/v2\/types\/page"}],"author":[{"embeddable":true,"href":"https:\/\/www.ecosystemassessments.net\/fr\/wp-json\/wp\/v2\/users\/1"}],"replies":[{"embeddable":true,"href":"https:\/\/www.ecosystemassessments.net\/fr\/wp-json\/wp\/v2\/comments?post=2274"}],"version-history":[{"count":7,"href":"https:\/\/www.ecosystemassessments.net\/fr\/wp-json\/wp\/v2\/pages\/2274\/revisions"}],"predecessor-version":[{"id":6685,"href":"https:\/\/www.ecosystemassessments.net\/fr\/wp-json\/wp\/v2\/pages\/2274\/revisions\/6685"}],"wp:featuredmedia":[{"embeddable":true,"href":"https:\/\/www.ecosystemassessments.net\/fr\/wp-json\/wp\/v2\/media\/2205"}],"wp:attachment":[{"href":"https:\/\/www.ecosystemassessments.net\/fr\/wp-json\/wp\/v2\/media?parent=2274"}],"curies":[{"name":"wp","href":"https:\/\/api.w.org\/{rel}","templated":true}]}}