{"id":2207,"date":"2022-03-31T09:29:50","date_gmt":"2022-03-31T08:29:50","guid":{"rendered":"http:\/\/www.ecosystemassessments.net\/?page_id=2207"},"modified":"2022-05-05T14:42:20","modified_gmt":"2022-05-05T13:42:20","slug":"partenaires-de-linitiative-nea","status":"publish","type":"page","link":"https:\/\/www.ecosystemassessments.net\/fr\/partenaires-de-linitiative-nea\/","title":{"rendered":"Partenaires de l&#8217;Initiative NEA"},"content":{"rendered":"\n<figure class=\"wp-block-image size-large\"><img loading=\"lazy\" decoding=\"async\" width=\"1024\" height=\"564\" src=\"http:\/\/www.ecosystemassessments.net\/content\/\/uploads\/2022\/01\/All-Partners-02.cropped-1-1024x564.jpg\" alt=\"\" class=\"wp-image-2208\" srcset=\"https:\/\/www.ecosystemassessments.net\/content\/\/uploads\/2022\/01\/All-Partners-02.cropped-1-1024x564.jpg 1024w, https:\/\/www.ecosystemassessments.net\/content\/\/uploads\/2022\/01\/All-Partners-02.cropped-1-300x165.jpg 300w, https:\/\/www.ecosystemassessments.net\/content\/\/uploads\/2022\/01\/All-Partners-02.cropped-1-768x423.jpg 768w, https:\/\/www.ecosystemassessments.net\/content\/\/uploads\/2022\/01\/All-Partners-02.cropped-1.jpg 1189w\" sizes=\"(max-width: 1024px) 100vw, 1024px\" \/><\/figure>\n\n\n\n<p>L\u2019Initiative NEA travaille en partenariat avec des organisations du monde entier pour soutenir et mettre en \u0153uvre des \u00e9valuations des \u00e9cosyst\u00e8mes \u00e0 l\u2019\u00e9chelle nationale. Cela comprend les pays partenaires qui entreprennent ces \u00e9valuations, les membres du consortium qui soutiennent la mise en \u0153uvre de ces \u00e9valuations et les donateurs qui fournissent un soutien financier.&nbsp;<\/p>\n\n\n\n<div style=\"height:64px\" aria-hidden=\"true\" class=\"wp-block-spacer\"><\/div>\n\n\n\n<h4 class=\"wp-block-heading\">Partenaires du consortium<\/h4>\n\n\n\n<figure class=\"wp-block-image size-large\"><img loading=\"lazy\" decoding=\"async\" width=\"1024\" height=\"339\" src=\"http:\/\/www.ecosystemassessments.net\/content\/\/uploads\/2022\/01\/Consortium-Partners-01-e1630852042310-1024x339.png\" alt=\"\" class=\"wp-image-2211\" srcset=\"https:\/\/www.ecosystemassessments.net\/content\/\/uploads\/2022\/01\/Consortium-Partners-01-e1630852042310-1024x339.png 1024w, https:\/\/www.ecosystemassessments.net\/content\/\/uploads\/2022\/01\/Consortium-Partners-01-e1630852042310-300x99.png 300w, https:\/\/www.ecosystemassessments.net\/content\/\/uploads\/2022\/01\/Consortium-Partners-01-e1630852042310-768x254.png 768w, https:\/\/www.ecosystemassessments.net\/content\/\/uploads\/2022\/01\/Consortium-Partners-01-e1630852042310.png 1129w\" sizes=\"(max-width: 1024px) 100vw, 1024px\" \/><\/figure>\n\n\n\n<p>L\u2019initiative NEA, dirig\u00e9e par l\u2019UNEP-WCMC, fait partie d\u2019un consortium avec le Programme des Nations Unies pour le d\u00e9veloppement\u202f(PNUD) et l\u2019Organisation des Nations Unies pour l\u2019\u00e9ducation, la science et la culture (UNESCO) dans le cadre du R\u00e9seau BES-Net.&nbsp;<br>&nbsp;<br>Par l\u2019interm\u00e9diaire de BES-Net, le PNUD contribue \u00e0 renforcer les capacit\u00e9s au niveau national pour entreprendre des \u00e9valuations des \u00e9cosyst\u00e8mes en collaboration avec les pouvoirs publics, ainsi qu\u2019avec des organisations partenaires du monde entier. Ce travail compl\u00e8te <a rel=\"noreferrer noopener\" href=\"https:\/\/ipbes.net\/global-assessment\" target=\"_blank\">l\u2019\u00e9valuation globale de l\u2019IPBES <\/a>en s\u2019appuyant sur le <a rel=\"noreferrer noopener\" href=\"https:\/\/ipbes.net\/guide-production-assessments\" target=\"_blank\">guide<\/a> de l\u2019IPBES relatif \u00e0 la r\u00e9alisation des \u00e9valuations. Concr\u00e8tement, le PNUD aide les pays partenaires \u00e0 impliquer les parties prenantes au processus d\u2019\u00e9valuation en utilisant une m\u00e9thodologie fond\u00e9e sur le dialogue tripartite entre les diff\u00e9rents acteurs concern\u00e9s (scientifiques, politiques et professionnels) autour des questions cl\u00e9s abord\u00e9es par les \u00e9valuations.&nbsp;<br>&nbsp;<br>Le programme de l\u2019UNESCO \u00ab\u202fSyst\u00e8mes de savoirs locaux et autochtones\u202f\u00bb (<a rel=\"noreferrer noopener\" href=\"https:\/\/fr.unesco.org\/links\" target=\"_blank\">LINKS<\/a>) est l\u2019interlocuteur de r\u00e9f\u00e9rence en mati\u00e8re de savoirs autochtones et locaux pour <a rel=\"noreferrer noopener\" href=\"https:\/\/www.besnet.world\/fr\" target=\"_blank\">BES-Net<\/a>. LINKS fait partie du Secteur des sciences naturelles de la Division des politiques scientifiques et du renforcement des capacit\u00e9s. Le programme h\u00e9berge \u00e9galement le groupe d\u2019appui technique de l\u2019IPBES pour les savoirs autochtones et locaux. LINKS promeut ces savoirs en tant que source importante de donn\u00e9es probantes, et facilite l\u2019inclusion des populations autochtones et des communaut\u00e9s locales dans les d\u00e9marches scientifiques et d\u2019action publique li\u00e9es au climat \u00e0 l\u2019\u00e9chelle mondiale. LINKS a jou\u00e9 un r\u00f4le d\u00e9terminant dans l\u2019int\u00e9gration des populations autochtones et des communaut\u00e9s locales, ainsi que des savoirs qu\u2019elles d\u00e9tiennent, dans les instances scientifiques, politiques et sociales contemporaines sur des questions telles que l\u2019\u00e9valuation et la gestion de la biodiversit\u00e9 et des \u00e9cosyst\u00e8mes (Convention sur la Diversit\u00e9 Biologique, IPBES), l\u2019\u00e9valuation des changements climatiques et l\u2019adaptation \u00e0 ses effets (Groupe d\u2019experts Intergouvernemental sur l\u2019Evolution du Climat, Convention-Cadre des Nations Unies sur les Changements Climatiques), la r\u00e9duction des risques de catastrophe (Bureau des Nations Unies pour la pr\u00e9vention des catastrophes) et le d\u00e9veloppement durable (Rio+20, Future Earth).&nbsp;<\/p>\n\n\n\n<div style=\"height:65px\" aria-hidden=\"true\" class=\"wp-block-spacer\"><\/div>\n\n\n\n<h4 class=\"wp-block-heading\">Pays partenaires<\/h4>\n\n\n\n<p>L\u2019Initiative NEA travaille actuellement avec trois groupes de pays sur les cinq continents, qui mettent en \u0153uvre des \u00e9valuations nationales de leurs \u00e9cosyst\u00e8mes\u202f:&nbsp;<\/p>\n\n\n\n<div style=\"height:66px\" aria-hidden=\"true\" class=\"wp-block-spacer\"><\/div>\n\n\n\n<h5 class=\"wp-block-heading\"><em>Pays de la tranche I<\/em><\/h5>\n\n\n\n<figure class=\"wp-block-image size-large\"><img loading=\"lazy\" decoding=\"async\" width=\"935\" height=\"251\" src=\"http:\/\/www.ecosystemassessments.net\/content\/\/uploads\/2022\/01\/Tranche-1-Group-01.1.png\" alt=\"\" class=\"wp-image-2214\" srcset=\"https:\/\/www.ecosystemassessments.net\/content\/\/uploads\/2022\/01\/Tranche-1-Group-01.1.png 935w, https:\/\/www.ecosystemassessments.net\/content\/\/uploads\/2022\/01\/Tranche-1-Group-01.1-300x81.png 300w, https:\/\/www.ecosystemassessments.net\/content\/\/uploads\/2022\/01\/Tranche-1-Group-01.1-768x206.png 768w\" sizes=\"(max-width: 935px) 100vw, 935px\" \/><\/figure>\n\n\n\n<p>En 2017, le Cameroun, la Colombie, l\u2019\u00c9thiopie et le Viet\u202fNam ont rejoint l\u2019Initiative NEA pour entreprendre une \u00e9valuation nationale de leurs \u00e9cosyst\u00e8mes. Ils lanceront officiellement leurs \u00e9valuations en 2021 et passeront par la suite au stade d\u2019<a rel=\"noreferrer noopener\" href=\"https:\/\/www.ecosystemassessments.net\/process\/endorsement-and-update\/\" target=\"_blank\"><em>utilisation des conclusions<\/em><\/a> de ces \u00e9valuations pour \u00e9tayer leurs politiques et d\u00e9cisions dans les secteurs concern\u00e9s.&nbsp;<\/p>\n\n\n\n<div style=\"height:66px\" aria-hidden=\"true\" class=\"wp-block-spacer\"><\/div>\n\n\n\n<h5 class=\"wp-block-heading\"><em>Pays de la tranche II<\/em><\/h5>\n\n\n\n<figure class=\"wp-block-image size-large\"><img loading=\"lazy\" decoding=\"async\" width=\"1024\" height=\"227\" src=\"http:\/\/www.ecosystemassessments.net\/content\/\/uploads\/2022\/01\/Tranche-2-Group-01.1-1024x227.png\" alt=\"\" class=\"wp-image-2217\" srcset=\"https:\/\/www.ecosystemassessments.net\/content\/\/uploads\/2022\/01\/Tranche-2-Group-01.1-1024x227.png 1024w, https:\/\/www.ecosystemassessments.net\/content\/\/uploads\/2022\/01\/Tranche-2-Group-01.1-300x66.png 300w, https:\/\/www.ecosystemassessments.net\/content\/\/uploads\/2022\/01\/Tranche-2-Group-01.1-768x170.png 768w, https:\/\/www.ecosystemassessments.net\/content\/\/uploads\/2022\/01\/Tranche-2-Group-01.1.png 1178w\" sizes=\"(max-width: 1024px) 100vw, 1024px\" \/><\/figure>\n\n\n\n<p>En 2018, l\u2019Azerba\u00efdjan, la Bosnie-Herz\u00e9govine, le Cambodge et la Grenade se sont joints \u00e0 l\u2019Initiative NEA en vue d\u2019entreprendre l\u2019\u00e9valuation de leurs \u00e9cosyst\u00e8mes. Ils en sont actuellement \u00e0 la deuxi\u00e8me \u00e9tape du processus\u202f: <a rel=\"noreferrer noopener\" href=\"https:\/\/ecosystem.staging.wordpress-linode.linode.unep-wcmc.org\/process\/expert-evaluation\/\" target=\"_blank\"><em>l\u2019\u00e9valuation des connaissances<\/em><\/a> existantes sur la biodiversit\u00e9 et les services \u00e9cosyst\u00e9miques pour r\u00e9pondre aux enjeux strat\u00e9giques d\u00e9finis comme prioritaires par les parties prenantes de l\u2019\u00e9valuation.<\/p>\n\n\n\n<div style=\"height:66px\" aria-hidden=\"true\" class=\"wp-block-spacer\"><\/div>\n\n\n\n<h5 class=\"wp-block-heading\"><em>Pays de la tranche III<\/em><\/h5>\n\n\n\n<figure class=\"wp-block-image size-large\"><img loading=\"lazy\" decoding=\"async\" width=\"1024\" height=\"370\" src=\"http:\/\/www.ecosystemassessments.net\/content\/\/uploads\/2022\/01\/Tranche-3-Group-01-1024x370.png\" alt=\"\" class=\"wp-image-2220\" srcset=\"https:\/\/www.ecosystemassessments.net\/content\/\/uploads\/2022\/01\/Tranche-3-Group-01-1024x370.png 1024w, https:\/\/www.ecosystemassessments.net\/content\/\/uploads\/2022\/01\/Tranche-3-Group-01-300x108.png 300w, https:\/\/www.ecosystemassessments.net\/content\/\/uploads\/2022\/01\/Tranche-3-Group-01-768x277.png 768w, https:\/\/www.ecosystemassessments.net\/content\/\/uploads\/2022\/01\/Tranche-3-Group-01.png 1280w\" sizes=\"(max-width: 1024px) 100vw, 1024px\" \/><\/figure>\n\n\n\n<p>La R\u00e9publique dominicaine, le Malawi et la Tha\u00eflande se sont joints \u00e0 l\u2019Initiative NEA en 2020 pour r\u00e9aliser l\u2019\u00e9valuation de leurs \u00e9cosyst\u00e8mes. \u00c0 l\u2019heure actuelle, ils organisent les \u00e9quipes qui vont se consacrer \u00e0 l\u2019\u00e9valuation et entament la premi\u00e8re \u00e9tape du processus, \u00e0 savoir <a rel=\"noreferrer noopener\" href=\"https:\/\/www.ecosystemassessments.net\/process\/scoping-stage\" target=\"_blank\"><em>le cadrage<\/em><\/a>. \u00c0 travers un dialogue avec les parties prenantes, ils vont cerner les priorit\u00e9s de l\u2019\u00e9valuation, y compris les enjeux strat\u00e9giques cl\u00e9s \u00e0 aborder.<\/p>\n\n\n\n<div style=\"height:66px\" aria-hidden=\"true\" class=\"wp-block-spacer\"><\/div>\n\n\n\n<h5 class=\"wp-block-heading\">Soutien aux pays d\u2019Afrique australe<\/h5>\n\n\n\n<p>L\u2019Initiative NEA aide le Botswana, la Zambie et le Zimbabwe \u00e0 effectuer le <a rel=\"noreferrer noopener\" href=\"https:\/\/www.ecosystemassessments.net\/process\/scoping-stage\" target=\"_blank\"><em>cadrage<\/em><\/a> de leurs besoins et de l\u2019impact potentiel d\u2019une \u00e9valuation nationale de leurs \u00e9cosyst\u00e8mes. Ces travaux sont conduits avec le soutien de l\u2019Agence norv\u00e9gienne pour l\u2019environnement.<\/p>\n\n\n\n<div class=\"wp-block-buttons is-layout-flex wp-block-buttons-is-layout-flex\">\n<div class=\"wp-block-button is-style-fill\"><a class=\"wp-block-button__link\" href=\"https:\/\/www.ecosystemassessments.net\/news-soutehrnafricascoping-april2021\/\" target=\"_blank\" rel=\"noreferrer noopener\">En savoir plus<\/a><\/div>\n<\/div>\n\n\n\n<div style=\"height:55px\" aria-hidden=\"true\" class=\"wp-block-spacer\"><\/div>\n\n\n\n<hr class=\"wp-block-separator\"\/>\n\n\n\n<div style=\"height:46px\" aria-hidden=\"true\" class=\"wp-block-spacer\"><\/div>\n\n\n\n<p><\/p>\n\n\n\n<h4 class=\"wp-block-heading\">Donateurs<\/h4>\n\n\n\n<p>L\u2019Initiative internationale pour le climat\u202f(IKI) du minist\u00e8re f\u00e9d\u00e9ral allemand de l\u2019Environnement, de la Protection de la nature et de la S\u00fbret\u00e9 nucl\u00e9aire appuie financi\u00e8rement l\u2019Initiative NEA. Le Fonds japonais pour la biodiversit\u00e9, l\u2019Agence norv\u00e9gienne pour l\u2019environnement et le programme SwedBio du Centre de r\u00e9silience de Stockholm apportent eux aussi un soutien financier.&nbsp;<\/p>\n\n\n\n<figure class=\"wp-block-image size-large\"><img loading=\"lazy\" decoding=\"async\" width=\"1024\" height=\"576\" src=\"http:\/\/www.ecosystemassessments.net\/content\/\/uploads\/2021\/09\/Donors-02-full-1-1024x576.png\" alt=\"\" class=\"wp-image-2250\" srcset=\"https:\/\/www.ecosystemassessments.net\/content\/\/uploads\/2021\/09\/Donors-02-full-1-1024x576.png 1024w, https:\/\/www.ecosystemassessments.net\/content\/\/uploads\/2021\/09\/Donors-02-full-1-300x169.png 300w, https:\/\/www.ecosystemassessments.net\/content\/\/uploads\/2021\/09\/Donors-02-full-1-768x432.png 768w, https:\/\/www.ecosystemassessments.net\/content\/\/uploads\/2021\/09\/Donors-02-full-1.png 1280w\" sizes=\"(max-width: 1024px) 100vw, 1024px\" \/><\/figure>\n\n\n\n<div style=\"height:51px\" aria-hidden=\"true\" class=\"wp-block-spacer\"><\/div>\n\n\n\n<h4 class=\"wp-block-heading\">Partenaire technique<\/h4>\n\n\n\n<h5 class=\"wp-block-heading\">Centre Helmholtz pour la recherche environnementale \u2013 UFZ<\/h5>\n\n\n\n<p>Le Centre Helmholtz pour la recherche environnementale \u2013 UFZ, est le partenaire technique de l\u2019Initiative\u202fNEA. Il aide les pays partenaires \u00e0 mettre en place ou \u00e0 renforcer leurs plateformes scientifiques et politiques relatives \u00e0 la biodiversit\u00e9 et aux services \u00e9cosyst\u00e9miques.<\/p>\n\n\n\n<figure class=\"wp-block-image size-large\"><img loading=\"lazy\" decoding=\"async\" width=\"1024\" height=\"297\" src=\"http:\/\/www.ecosystemassessments.net\/content\/\/uploads\/2022\/01\/UFZ-1024x297.jpg\" alt=\"\" class=\"wp-image-2224\" srcset=\"https:\/\/www.ecosystemassessments.net\/content\/\/uploads\/2022\/01\/UFZ-1024x297.jpg 1024w, https:\/\/www.ecosystemassessments.net\/content\/\/uploads\/2022\/01\/UFZ-300x87.jpg 300w, https:\/\/www.ecosystemassessments.net\/content\/\/uploads\/2022\/01\/UFZ-768x223.jpg 768w, https:\/\/www.ecosystemassessments.net\/content\/\/uploads\/2022\/01\/UFZ.jpg 1387w\" sizes=\"(max-width: 1024px) 100vw, 1024px\" \/><\/figure>\n","protected":false},"excerpt":{"rendered":"L\u2019Initiative NEA travaille en partenariat avec des organisations du monde entier pour soutenir et mettre en \u0153uvre des \u00e9valuations des \u00e9cosyst\u00e8mes \u00e0 l\u2019\u00e9chelle nationale. Cela comprend les pays partenaires qui entreprennent ces \u00e9valuations, les membres du consortium qui soutiennent la mise en \u0153uvre de ces \u00e9valuations et les donateurs qui fournissent un soutien financier.&nbsp; Partenaires&#8230; \n","protected":false},"author":1,"featured_media":0,"parent":0,"menu_order":0,"comment_status":"closed","ping_status":"closed","template":"page-no-hero.php","meta":{"_acf_changed":false,"om_disable_all_campaigns":false,"_monsterinsights_skip_tracking":false,"_monsterinsights_sitenote_active":false,"_monsterinsights_sitenote_note":"","_monsterinsights_sitenote_category":0,"footnotes":""},"class_list":["post-2207","page","type-page","status-publish","hentry"],"acf":{"back_button_url":"","back_button_text":"","hero_title":"","hero_opacity":"10","hero_text":""},"aioseo_notices":[],"_links":{"self":[{"href":"https:\/\/www.ecosystemassessments.net\/fr\/wp-json\/wp\/v2\/pages\/2207"}],"collection":[{"href":"https:\/\/www.ecosystemassessments.net\/fr\/wp-json\/wp\/v2\/pages"}],"about":[{"href":"https:\/\/www.ecosystemassessments.net\/fr\/wp-json\/wp\/v2\/types\/page"}],"author":[{"embeddable":true,"href":"https:\/\/www.ecosystemassessments.net\/fr\/wp-json\/wp\/v2\/users\/1"}],"replies":[{"embeddable":true,"href":"https:\/\/www.ecosystemassessments.net\/fr\/wp-json\/wp\/v2\/comments?post=2207"}],"version-history":[{"count":16,"href":"https:\/\/www.ecosystemassessments.net\/fr\/wp-json\/wp\/v2\/pages\/2207\/revisions"}],"predecessor-version":[{"id":2269,"href":"https:\/\/www.ecosystemassessments.net\/fr\/wp-json\/wp\/v2\/pages\/2207\/revisions\/2269"}],"wp:attachment":[{"href":"https:\/\/www.ecosystemassessments.net\/fr\/wp-json\/wp\/v2\/media?parent=2207"}],"curies":[{"name":"wp","href":"https:\/\/api.w.org\/{rel}","templated":true}]}}