{"id":2201,"date":"2022-03-31T09:30:15","date_gmt":"2022-03-31T08:30:15","guid":{"rendered":"http:\/\/www.ecosystemassessments.net\/?page_id=2201"},"modified":"2022-05-05T14:42:09","modified_gmt":"2022-05-05T13:42:09","slug":"partenaires","status":"publish","type":"page","link":"https:\/\/www.ecosystemassessments.net\/fr\/partenaires\/","title":{"rendered":"Partenaires"},"content":{"rendered":"\n<p>L\u2019initiative NEA, dirig\u00e9e par l\u2019UNEP-WCMC, fait partie d\u2019un consortium avec le Programme des Nations Unies pour le d\u00e9veloppement\u202f (PNUD) et l\u2019Organisation des Nations Unies pour l\u2019\u00e9ducation, la science et la culture\u202f (UNESCO) dans le cadre du R\u00e9seau BES-Net. Il s\u2019agit d\u2019une collaboration avec les pouvoirs publics et un large \u00e9ventail d\u2019organisations pour soutenir les \u00e9valuations nationales des \u00e9cosyst\u00e8mes.<\/p>\n\n\n\n<p>L\u2019Initiative internationale pour le climat \u202f(IKI) du minist\u00e8re f\u00e9d\u00e9ral allemand de l\u2019Environnement, de la Protection de la nature et de la S\u00fbret\u00e9 nucl\u00e9aire appuie financi\u00e8rement l\u2019Initiative NEA. Le Fonds japonais pour la biodiversit\u00e9, l\u2019Agence norv\u00e9gienne pour l\u2019environnement et le programme SwedBio du Centre de r\u00e9silience de Stockholm apportent eux aussi un soutien financier.<\/p>\n\n\n\n<div style=\"height:60px\" aria-hidden=\"true\" class=\"wp-block-spacer\"><\/div>\n\n\n\n<div class=\"wp-block-buttons is-layout-flex wp-block-buttons-is-layout-flex\">\n<div class=\"wp-block-button\"><a class=\"wp-block-button__link\" href=\"https:\/\/www.ecosystemassessments.net\/?page_id=2207&amp;lang=fr\">Aper\u00e7u des partenaires<\/a><\/div>\n<\/div>\n\n\n\n<p><\/p>\n","protected":false},"excerpt":{"rendered":"L\u2019initiative NEA, dirig\u00e9e par l\u2019UNEP-WCMC, fait partie d\u2019un consortium avec le Programme des Nations Unies pour le d\u00e9veloppement\u202f (PNUD) et l\u2019Organisation des Nations Unies pour l\u2019\u00e9ducation, la science et la culture\u202f (UNESCO) dans le cadre du R\u00e9seau BES-Net. Il s\u2019agit d\u2019une collaboration avec les pouvoirs publics et un large \u00e9ventail d\u2019organisations pour soutenir les \u00e9valuations&#8230; \n","protected":false},"author":1,"featured_media":2205,"parent":0,"menu_order":0,"comment_status":"closed","ping_status":"closed","template":"page-fullwidth.php","meta":{"_acf_changed":false,"om_disable_all_campaigns":false,"_monsterinsights_skip_tracking":false,"_monsterinsights_sitenote_active":false,"_monsterinsights_sitenote_note":"","_monsterinsights_sitenote_category":0,"footnotes":""},"class_list":["post-2201","page","type-page","status-publish","has-post-thumbnail","hentry"],"acf":{"back_button_url":"","back_button_text":"","hero_title":"","hero_opacity":"10","hero_text":""},"aioseo_notices":[],"_links":{"self":[{"href":"https:\/\/www.ecosystemassessments.net\/fr\/wp-json\/wp\/v2\/pages\/2201"}],"collection":[{"href":"https:\/\/www.ecosystemassessments.net\/fr\/wp-json\/wp\/v2\/pages"}],"about":[{"href":"https:\/\/www.ecosystemassessments.net\/fr\/wp-json\/wp\/v2\/types\/page"}],"author":[{"embeddable":true,"href":"https:\/\/www.ecosystemassessments.net\/fr\/wp-json\/wp\/v2\/users\/1"}],"replies":[{"embeddable":true,"href":"https:\/\/www.ecosystemassessments.net\/fr\/wp-json\/wp\/v2\/comments?post=2201"}],"version-history":[{"count":6,"href":"https:\/\/www.ecosystemassessments.net\/fr\/wp-json\/wp\/v2\/pages\/2201\/revisions"}],"predecessor-version":[{"id":5540,"href":"https:\/\/www.ecosystemassessments.net\/fr\/wp-json\/wp\/v2\/pages\/2201\/revisions\/5540"}],"wp:featuredmedia":[{"embeddable":true,"href":"https:\/\/www.ecosystemassessments.net\/fr\/wp-json\/wp\/v2\/media\/2205"}],"wp:attachment":[{"href":"https:\/\/www.ecosystemassessments.net\/fr\/wp-json\/wp\/v2\/media?parent=2201"}],"curies":[{"name":"wp","href":"https:\/\/api.w.org\/{rel}","templated":true}]}}