{"id":2705,"date":"2022-03-31T09:23:28","date_gmt":"2022-03-31T08:23:28","guid":{"rendered":"http:\/\/www.ecosystemassessments.net\/?page_id=2705"},"modified":"2022-05-05T14:45:52","modified_gmt":"2022-05-05T13:45:52","slug":"condiciones-de-uso","status":"publish","type":"page","link":"https:\/\/www.ecosystemassessments.net\/es\/condiciones-de-uso\/","title":{"rendered":"Condiciones de uso"},"content":{"rendered":"\n<h3 class=\"wp-block-heading\"><strong>Qui\u00e9nes somos<\/strong><\/h3>\n\n\n\n<p>La direcci\u00f3n de nuestro sitio web es http:\/\/ecosystemassessments.net.<\/p>\n\n\n\n<h3 class=\"wp-block-heading\"><strong>Qu\u00e9 datos personales recabamos y por qu\u00e9<\/strong>&nbsp;<\/h3>\n\n\n\n<h4 class=\"wp-block-heading\"><em>Comentarios<\/em><\/h4>\n\n\n\n<p>Cuando las personas que visitan el sitio web dejan comentarios, recopilamos los datos que aparecen en el formulario de comentarios, adem\u00e1s de la direcci\u00f3n IP de la persona visitante y la cadena de agente de usuario del navegador, con el objetivo de contribuir a la detecci\u00f3n de correo no deseado.&nbsp;<br><br>Para comprobar si est\u00e1 usted utiliz\u00e1ndola, se puede proporcionar al servicio Gravatar una cadena an\u00f3nima creada a partir de su direcci\u00f3n de correo electr\u00f3nico (tambi\u00e9n llamada <em>hash<\/em>). La pol\u00edtica de privacidad del servicio Gravatar est\u00e1 disponible en https:\/\/automattic.com\/privacy\/. Cuando el comentario se haya aprobado, su foto de perfil resultar\u00e1 visible para el p\u00fablico en el contexto de dicho comentario.&nbsp;<\/p>\n\n\n\n<h4 class=\"wp-block-heading\"><strong>Medios de comunicaci\u00f3n<\/strong><\/h4>\n\n\n\n<p>Si sube im\u00e1genes al sitio web, deber\u00e1 evitar que dichas im\u00e1genes contengan datos de ubicaci\u00f3n (GPS EXIF). Las personas que visitan el sitio pueden descargar y extraer cualquier dato de localizaci\u00f3n de las im\u00e1genes de la web.&nbsp;<\/p>\n\n\n\n<h4 class=\"wp-block-heading\"><strong>Formularios de contacto<\/strong><\/h4>\n\n\n\n<h4 class=\"wp-block-heading\">Cookies<\/h4>\n\n\n\n<p>Si deja un comentario en nuestro sitio web, podr\u00e1 optar por guardar en cookies su nombre, direcci\u00f3n de correo electr\u00f3nico y web. Esto es para su comodidad, de forma que no tenga usted que volver a introducir sus datos cuando deje otro comentario. Dichas cookies tendr\u00e1n una duraci\u00f3n de un a\u00f1o.&nbsp;<br><br>Si accede usted a nuestra p\u00e1gina de inicio de sesi\u00f3n, configuraremos una cookie temporal a fin de determinar si su navegador acepta cookies. Esta cookie no contiene datos personales y se elimina al cerrar el navegador.&nbsp;<br><br>Cuando inicie usted sesi\u00f3n, instalaremos tambi\u00e9n varias cookies para guardar su informaci\u00f3n de inicio de sesi\u00f3n y sus opciones de visualizaci\u00f3n de pantalla. Las cookies de inicio de sesi\u00f3n duran dos d\u00edas, mientras que las correspondientes a las opciones de pantalla se conservan durante un a\u00f1o. Si selecciona usted &#8220;Recordar cuenta&#8221;, su inicio de sesi\u00f3n se mantendr\u00e1 activo durante dos semanas. Si cierra sesi\u00f3n en su cuenta, se eliminar\u00e1n las cookies de inicio de sesi\u00f3n.&nbsp;<br><br>Si edita o publica un art\u00edculo, se guardar\u00e1 una cookie adicional en su navegador. Esta cookie, que caduca en el plazo de un d\u00eda, no incluye datos personales y simplemente indica el ID de publicaci\u00f3n del art\u00edculo que acaba usted de editar. &nbsp;<\/p>\n\n\n\n<h4 class=\"wp-block-heading\"><strong>Contenido incrustado de otros sitios web<\/strong><\/h4>\n\n\n\n<p>Los art\u00edculos de este sitio pueden incluir contenido incrustado (por ejemplo, v\u00eddeos, im\u00e1genes, art\u00edculos, etc.). El contenido incrustado a partir de otras webs se comporta exactamente de la misma manera que si la persona hubiera visitado esas webs.&nbsp;<br><br>Estos sitios web pueden recabar datos sobre usted, utilizar cookies, incrustar un seguimiento adicional de terceros y monitorizar su interacci\u00f3n con ese contenido incrustado, incluido el seguimiento de su interacci\u00f3n con el contenido incrustado si dispone usted de una cuenta y ha iniciado sesi\u00f3n en el correspondiente sitio web.<\/p>\n\n\n\n<h3 class=\"wp-block-heading\"><strong>Cu\u00e1nto tiempo conservamos sus datos<\/strong><\/h3>\n\n\n\n<p>Si deja usted un comentario, dicho comentario y sus metadatos se conservar\u00e1n indefinidamente. Esto es para que podamos reconocer y aprobar comentarios sucesivos autom\u00e1ticamente, en lugar de mantenerlos en una cola de moderaci\u00f3n.&nbsp;<br><br>En el caso de los usuarios que se registran en nuestro sitio web (si los hubiere), tambi\u00e9n almacenamos la informaci\u00f3n personal que proporcionan en su perfil de usuario. Todos los usuarios tienen la posibilidad de ver, editar o eliminar en cualquier momento su informaci\u00f3n personal, excepto en lo que concierne al nombre de usuario, que no se puede modificar. Los administradores del sitio web tambi\u00e9n pueden ver y editar esa informaci\u00f3n.&nbsp;<\/p>\n\n\n\n<h3 class=\"wp-block-heading\"><strong>Qu\u00e9 derechos tiene usted sobre sus datos<\/strong><\/h3>\n\n\n\n<p>Si tiene una cuenta en esta web o ha dejado comentarios, puede solicitar recibir un archivo exportado de sus datos personales de los que disponemos, incluidos los datos que nos haya proporcionado. Tambi\u00e9n puede solicitar que borremos cualquier dato personal que tengamos sobre usted. Esto no incluye ning\u00fan dato que estemos obligados a conservar con fines administrativos, legales o de seguridad.<\/p>\n\n\n\n<h3 class=\"wp-block-heading\"><strong>Ad\u00f3nde enviamos sus datos<\/strong><\/h3>\n\n\n\n<p>Es posible que los comentarios de las personas que visitan la web se revisen a trav\u00e9s de un servicio autom\u00e1tico de detecci\u00f3n de correo no deseado.<\/p>\n","protected":false},"excerpt":{"rendered":"Qui\u00e9nes somos La direcci\u00f3n de nuestro sitio web es http:\/\/ecosystemassessments.net. Qu\u00e9 datos personales recabamos y por qu\u00e9&nbsp; Comentarios Cuando las personas que visitan el sitio web dejan comentarios, recopilamos los datos que aparecen en el formulario de comentarios, adem\u00e1s de la direcci\u00f3n IP de la persona visitante y la cadena de agente de usuario del&#8230; \n","protected":false},"author":1,"featured_media":0,"parent":0,"menu_order":0,"comment_status":"closed","ping_status":"open","template":"page-no-hero.php","meta":{"_acf_changed":false,"om_disable_all_campaigns":false,"_monsterinsights_skip_tracking":false,"_monsterinsights_sitenote_active":false,"_monsterinsights_sitenote_note":"","_monsterinsights_sitenote_category":0,"footnotes":""},"class_list":["post-2705","page","type-page","status-publish","hentry"],"acf":{"back_button_url":"","back_button_text":"","hero_title":"","hero_opacity":"10","hero_text":""},"aioseo_notices":[],"_links":{"self":[{"href":"https:\/\/www.ecosystemassessments.net\/es\/wp-json\/wp\/v2\/pages\/2705"}],"collection":[{"href":"https:\/\/www.ecosystemassessments.net\/es\/wp-json\/wp\/v2\/pages"}],"about":[{"href":"https:\/\/www.ecosystemassessments.net\/es\/wp-json\/wp\/v2\/types\/page"}],"author":[{"embeddable":true,"href":"https:\/\/www.ecosystemassessments.net\/es\/wp-json\/wp\/v2\/users\/1"}],"replies":[{"embeddable":true,"href":"https:\/\/www.ecosystemassessments.net\/es\/wp-json\/wp\/v2\/comments?post=2705"}],"version-history":[{"count":2,"href":"https:\/\/www.ecosystemassessments.net\/es\/wp-json\/wp\/v2\/pages\/2705\/revisions"}],"predecessor-version":[{"id":2721,"href":"https:\/\/www.ecosystemassessments.net\/es\/wp-json\/wp\/v2\/pages\/2705\/revisions\/2721"}],"wp:attachment":[{"href":"https:\/\/www.ecosystemassessments.net\/es\/wp-json\/wp\/v2\/media?parent=2705"}],"curies":[{"name":"wp","href":"https:\/\/api.w.org\/{rel}","templated":true}]}}