{"id":2696,"date":"2022-03-31T09:07:02","date_gmt":"2022-03-31T08:07:02","guid":{"rendered":"http:\/\/www.ecosystemassessments.net\/?page_id=2696"},"modified":"2022-05-05T14:46:29","modified_gmt":"2022-05-05T13:46:29","slug":"los-donantes","status":"publish","type":"page","link":"https:\/\/www.ecosystemassessments.net\/es\/los-donantes\/","title":{"rendered":"Los donantes"},"content":{"rendered":"\n<p><\/p>\n\n\n\n<h6 class=\"wp-block-heading\">La Iniciativa NEA cuenta con el respaldo econ\u00f3mico de la Iniciativa Internacional para el Clima (IKI) del Ministerio Federal de Medio Ambiente, Conservaci\u00f3n de la Naturaleza y Seguridad Nuclear de la Rep\u00fablica Federal de Alemania. El Fondo Japon\u00e9s para la Biodiversidad, la Agencia Noruega de Medio Ambiente y el programa SwedBio del Stockholm Resilience Center proporcionan apoyo adicional.&nbsp;<\/h6>\n\n\n\n<figure class=\"wp-block-image size-large is-resized\"><img loading=\"lazy\" decoding=\"async\" src=\"http:\/\/www.ecosystemassessments.net\/content\/\/uploads\/2021\/09\/Donors-02-full-1-1024x576.png\" alt=\"\" class=\"wp-image-1776\" width=\"590\" height=\"332\" srcset=\"https:\/\/www.ecosystemassessments.net\/content\/\/uploads\/2021\/09\/Donors-02-full-1-1024x576.png 1024w, https:\/\/www.ecosystemassessments.net\/content\/\/uploads\/2021\/09\/Donors-02-full-1-300x169.png 300w, https:\/\/www.ecosystemassessments.net\/content\/\/uploads\/2021\/09\/Donors-02-full-1-768x432.png 768w, https:\/\/www.ecosystemassessments.net\/content\/\/uploads\/2021\/09\/Donors-02-full-1.png 1280w\" sizes=\"(max-width: 590px) 100vw, 590px\" \/><\/figure>\n\n\n\n<hr class=\"wp-block-separator is-style-wide\"\/>\n\n\n\n<div style=\"height:27px\" aria-hidden=\"true\" class=\"wp-block-spacer\"><\/div>\n\n\n\n<div style=\"height:43px\" aria-hidden=\"true\" class=\"wp-block-spacer\"><\/div>\n\n\n\n<h3 class=\"wp-block-heading\"><strong>Iniciativa Internacional para el Clima (IKI)<\/strong>&nbsp;<\/h3>\n\n\n\n<div style=\"height:18px\" aria-hidden=\"true\" class=\"wp-block-spacer\"><\/div>\n\n\n\n<p>La Iniciativa Internacional para el Clima (IKI) del Ministerio Federal de Medio Ambiente, Conservaci\u00f3n de la Naturaleza y Seguridad Nuclear de la Rep\u00fablica Federal de Alemania presta apoyo econ\u00f3mico a la Iniciativa de Evaluaci\u00f3n Nacional de Ecosistemas y a la Red de Diversidad Biol\u00f3gica y Servicios de los Ecosistemas (BES-Net).&nbsp;<\/p>\n\n\n\n<p>La IKI es uno de los instrumentos m\u00e1s importantes del Ministerio Federal alem\u00e1n de Medio Ambiente, Conservaci\u00f3n de la Naturaleza y Seguridad Nuclear (BMU) para la financiaci\u00f3n internacional de la mitigaci\u00f3n del cambio clim\u00e1tico y la biodiversidad.&nbsp;<\/p>\n\n\n\n<p>La IKI opera en el contexto de la Convenci\u00f3n Marco de las Naciones Unidas sobre el Cambio Clim\u00e1tico (CMNUCC) y el Convenio sobre la Diversidad Biol\u00f3gica (CDB), financiando la mitigaci\u00f3n del cambio clim\u00e1tico y la conservaci\u00f3n de la biodiversidad en pa\u00edses en desarrollo, emergentes y en transici\u00f3n. Desde 2008 hasta 2020, la IKI aprob\u00f3 m\u00e1s de 750 proyectos sobre el clima y la biodiversidad con un volumen total de financiaci\u00f3n de m\u00e1s de 4.500\u202fmillones de euros en m\u00e1s de 60 pa\u00edses.&nbsp;<\/p>\n\n\n\n<p>Sitio web: <a href=\"https:\/\/www.international-climate-initiative.com\/en\" target=\"_blank\" rel=\"noreferrer noopener\">https:\/\/www.international-climate-initiative.com\/en<\/a>&nbsp;<\/p>\n\n\n\n<div class=\"wp-block-image\"><figure class=\"alignleft size-large is-resized\"><img decoding=\"async\" src=\"http:\/\/www.ecosystemassessments.net\/content\/\/uploads\/2021\/09\/Germany-removebg-preview-edited.png\" alt=\"\" class=\"wp-image-1616\" width=\"587\" height=\"184.15686274509804\" srcset=\"https:\/\/www.ecosystemassessments.net\/content\/\/uploads\/2021\/09\/Germany-removebg-preview-edited.png 487w, https:\/\/www.ecosystemassessments.net\/content\/\/uploads\/2021\/09\/Germany-removebg-preview-edited-300x94.png 300w\" sizes=\"(max-width: 487px) 100vw, 487px\" \/><\/figure><\/div>\n\n\n\n<div style=\"height:44px\" aria-hidden=\"true\" class=\"wp-block-spacer\"><\/div>\n\n\n\n<hr class=\"wp-block-separator is-style-wide\"\/>\n\n\n\n<hr class=\"wp-block-separator is-style-wide\"\/>\n\n\n\n<div style=\"height:47px\" aria-hidden=\"true\" class=\"wp-block-spacer\"><\/div>\n\n\n\n<h3 class=\"wp-block-heading\">SwedBio<\/h3>\n\n\n\n<p>SwedBio es un programa de biodiversidad y desarrollo equitativo en armon\u00eda con la naturaleza del Stockholm Resilience Centre.&nbsp;<\/p>\n\n\n\n<p>SwedBio trabaja para fomentar la gobernanza sostenible y equitativa del conocimiento y las pol\u00edticas en materia de biodiversidad. SwedBio posee un amplio bagaje de participaci\u00f3n en procesos clave de biodiversidad mundial en estrecha colaboraci\u00f3n con su red de socios.&nbsp;<\/p>\n\n\n\n<p>SwedBio trabaja para combatir la p\u00e9rdida de biodiversidad y la degradaci\u00f3n de los ecosistemas. La p\u00e9rdida de biodiversidad y la degradaci\u00f3n de los ecosistemas menoscaban el derecho de las personas a un desarrollo sostenible y equitativo, y quienes viven en la pobreza son especialmente vulnerables. Esto se ve reforzado por las desigualdades, los conflictos, la producci\u00f3n y el consumo insostenibles y el cambio clim\u00e1tico. Las respuestas a estos retos no suelen considerar en una medida suficiente las relaciones entre el ser humano y la naturaleza, lo que provoca carencias en el conocimiento y conduce a una pol\u00edtica y una ejecuci\u00f3n inadecuadas.&nbsp;<\/p>\n\n\n\n<p>Sitio web: <a href=\"https:\/\/swed.bio\/about\/\" target=\"_blank\" rel=\"noreferrer noopener\">https:\/\/swed.bio\/about\/<\/a>&nbsp;<\/p>\n\n\n\n<div class=\"wp-block-image\"><figure class=\"aligncenter size-large\"><img decoding=\"async\" src=\"https:\/\/www.ecosystemassessments.net\/content\/\/uploads\/2021\/09\/SwedBio-small.png\" alt=\"\" class=\"wp-image-1604\"\/><\/figure><\/div>\n\n\n\n<hr class=\"wp-block-separator\"\/>\n\n\n\n<div style=\"height:48px\" aria-hidden=\"true\" class=\"wp-block-spacer\"><\/div>\n\n\n\n<h3 class=\"wp-block-heading\"><strong>Agencia Noruega de Medio Ambiente<\/strong>&nbsp;<\/h3>\n\n\n\n<p>La Agencia Noruega de Medio Ambiente es un \u00f3rgano gubernamental dependiente del Ministerio de Clima y Medio Ambiente&nbsp;<\/p>\n\n\n\n<p>&nbsp;que ejecuta la pol\u00edtica clim\u00e1tica y ambiental y ofrece asesoramiento en la formulaci\u00f3n de dicha pol\u00edtica. Sus principales funciones son la recopilaci\u00f3n y comunicaci\u00f3n de informaci\u00f3n ambiental, el ejercicio de la autoridad reguladora, la supervisi\u00f3n y orientaci\u00f3n de las administraciones regionales y locales, el asesoramiento profesional y t\u00e9cnico y la participaci\u00f3n en actividades ambientales internacionales.&nbsp;<\/p>\n\n\n\n<p>Sitio web: <a href=\"https:\/\/www.environmentagency.no\/\" target=\"_blank\" rel=\"noreferrer noopener\">https:\/\/www.environmentagency.no\/<\/a>&nbsp;<\/p>\n\n\n\n<div class=\"wp-block-image\"><figure class=\"alignleft size-large\"><img decoding=\"async\" src=\"https:\/\/www.ecosystemassessments.net\/content\/\/uploads\/2021\/09\/Norway-01.png\" alt=\"\" class=\"wp-image-1596\"\/><\/figure><\/div>\n\n\n\n<div style=\"height:14px\" aria-hidden=\"true\" class=\"wp-block-spacer\"><\/div>\n\n\n\n<div style=\"height:30px\" aria-hidden=\"true\" class=\"wp-block-spacer\"><\/div>\n\n\n\n<hr class=\"wp-block-separator\"\/>\n\n\n\n<div style=\"height:46px\" aria-hidden=\"true\" class=\"wp-block-spacer\"><\/div>\n\n\n\n<h3 class=\"wp-block-heading\"><strong>Fondo Japon\u00e9s para la Biodiversidad<\/strong>&nbsp;<\/h3>\n\n\n\n<p>La Presidencia de la <a rel=\"noreferrer noopener\" href=\"https:\/\/www.cbd.int\/cop10\" target=\"_blank\">d\u00e9cima Conferencia de las Partes (COP 10)<\/a> cre\u00f3 el Fondo Japon\u00e9s para la Biodiversidad a fin de respaldar la aplicaci\u00f3n del Convenio sobre la Diversidad Biol\u00f3gica. El Fondo Japon\u00e9s para la Biodiversidad facilit\u00f3 asistencia financiera al proyecto <em>\u201cApoyo a la aplicaci\u00f3n del CDB mediante evaluaciones nacionales de ecosistemas en la regi\u00f3n de Asia y el Pac\u00edfico\u201d.<\/em>&nbsp;<\/p>\n\n\n\n<div class=\"wp-block-image\"><figure class=\"aligncenter size-large\"><img decoding=\"async\" src=\"http:\/\/www.ecosystemassessments.net\/content\/\/uploads\/2021\/09\/Japan_Biodiversity_Fund_logo-1-e1630687985100.jpg\" alt=\"JBF Small?\" class=\"wp-image-1594\"\/><\/figure><\/div>\n","protected":false},"excerpt":{"rendered":"La Iniciativa NEA cuenta con el respaldo econ\u00f3mico de la Iniciativa Internacional para el Clima (IKI) del Ministerio Federal de Medio Ambiente, Conservaci\u00f3n de la Naturaleza y Seguridad Nuclear de la Rep\u00fablica Federal de Alemania. El Fondo Japon\u00e9s para la Biodiversidad, la Agencia Noruega de Medio Ambiente y el programa SwedBio del Stockholm Resilience Center&#8230; \n","protected":false},"author":1,"featured_media":491,"parent":0,"menu_order":0,"comment_status":"closed","ping_status":"closed","template":"","meta":{"_acf_changed":false,"om_disable_all_campaigns":false,"_monsterinsights_skip_tracking":false,"_monsterinsights_sitenote_active":false,"_monsterinsights_sitenote_note":"","_monsterinsights_sitenote_category":0,"footnotes":""},"class_list":["post-2696","page","type-page","status-publish","has-post-thumbnail","hentry"],"acf":{"back_button_url":"","back_button_text":"","hero_title":"","hero_opacity":"10","hero_text":""},"aioseo_notices":[],"_links":{"self":[{"href":"https:\/\/www.ecosystemassessments.net\/es\/wp-json\/wp\/v2\/pages\/2696"}],"collection":[{"href":"https:\/\/www.ecosystemassessments.net\/es\/wp-json\/wp\/v2\/pages"}],"about":[{"href":"https:\/\/www.ecosystemassessments.net\/es\/wp-json\/wp\/v2\/types\/page"}],"author":[{"embeddable":true,"href":"https:\/\/www.ecosystemassessments.net\/es\/wp-json\/wp\/v2\/users\/1"}],"replies":[{"embeddable":true,"href":"https:\/\/www.ecosystemassessments.net\/es\/wp-json\/wp\/v2\/comments?post=2696"}],"version-history":[{"count":3,"href":"https:\/\/www.ecosystemassessments.net\/es\/wp-json\/wp\/v2\/pages\/2696\/revisions"}],"predecessor-version":[{"id":2709,"href":"https:\/\/www.ecosystemassessments.net\/es\/wp-json\/wp\/v2\/pages\/2696\/revisions\/2709"}],"wp:featuredmedia":[{"embeddable":true,"href":"https:\/\/www.ecosystemassessments.net\/es\/wp-json\/wp\/v2\/media\/491"}],"wp:attachment":[{"href":"https:\/\/www.ecosystemassessments.net\/es\/wp-json\/wp\/v2\/media?parent=2696"}],"curies":[{"name":"wp","href":"https:\/\/api.w.org\/{rel}","templated":true}]}}