{"id":2651,"date":"2022-03-31T09:31:29","date_gmt":"2022-03-31T08:31:29","guid":{"rendered":"http:\/\/www.ecosystemassessments.net\/?page_id=2651"},"modified":"2022-05-05T14:44:57","modified_gmt":"2022-05-05T13:44:57","slug":"que-son-las-evaluaciones-nacionales-de-ecosistemas","status":"publish","type":"page","link":"https:\/\/www.ecosystemassessments.net\/es\/proceso-de-evaluacion\/que-son-las-evaluaciones-nacionales-de-ecosistemas\/","title":{"rendered":"\u00bfQu\u00e9 son las evaluaciones nacionales de ecosistemas?"},"content":{"rendered":"\n<p>Una evaluaci\u00f3n nacional de ecosistemas es un proceso impulsado a escala nacional para desarrollar una s\u00edntesis actualizada, exhaustiva y cr\u00edtica de los conocimientos sobre diversidad biol\u00f3gica y servicios de los ecosistemas, as\u00ed como sobre sus interrelaciones con las personas. Estas evaluaciones se contextualizan para adaptarse a las necesidades nacionales y responder a cuestiones espec\u00edficas en materia de pol\u00edticas.&nbsp;<br><br>Las evaluaciones nacionales de ecosistemas exponen el estado y las tendencias en materia de diversidad biol\u00f3gica y servicios de los ecosistemas en un pa\u00eds determinado, sus factores de cambio, los impactos presentes y futuros de esos factores, las implicaciones para quienes dependen de la naturaleza y la eficacia de las intervenciones y respuestas que buscan contrarrestar la p\u00e9rdida de biodiversidad.&nbsp;<br><br>Con el fin de resultar cre\u00edbles, leg\u00edtimas y pertinentes, las evaluaciones de ecosistemas nacionales re\u00fanen una serie de tipos de conocimiento y hacen part\u00edcipes a una amplia gama de partes interesadas. Su objetivo es abordar cuestiones pol\u00edticas espec\u00edficas para potenciar la plena consideraci\u00f3n del valor de la naturaleza en la adopci\u00f3n de decisiones.&nbsp;<br><br>La Iniciativa NEA presta apoyo a los pa\u00edses para que adapten <a href=\"https:\/\/ipbes.net\/sites\/default\/files\/180719_ipbes_assessment_guide_summary_hi-res.pdf\" target=\"_blank\" rel=\"noreferrer noopener\">el proceso<\/a> desarrollado por la Plataforma Intergubernamental Cient\u00edfico-Normativa sobre Diversidad Biol\u00f3gica y Servicios de los Ecosistemas (<a href=\"https:\/\/www.ipbes.net\/\" target=\"_blank\" rel=\"noreferrer noopener\">IPBES<\/a>) con el fin de llevar a cabo evaluaciones de ecosistemas. El objetivo es adaptar las evaluaciones nacionales de ecosistemas a las necesidades y circunstancias espec\u00edficas de cada pa\u00eds, de forma que se facilite un mayor apoyo a la adopci\u00f3n de decisiones.<\/p>\n\n\n\n<div style=\"height:28px\" aria-hidden=\"true\" class=\"wp-block-spacer\"><\/div>\n\n\n\n<hr class=\"wp-block-separator\"\/>\n\n\n\n<div style=\"height:28px\" aria-hidden=\"true\" class=\"wp-block-spacer\"><\/div>\n\n\n\n<h4 class=\"wp-block-heading\"><br><strong>Fases de la evaluaci\u00f3n<\/strong>&nbsp;<\/h4>\n\n\n\n<p>El proceso de evaluaci\u00f3n nacional de ecosistemas consta de cuatro fases fundamentales:<\/p>\n\n\n\n<ol class=\"wp-block-list\"><li><strong><strong>An\u00e1lisis inicial<\/strong>: <\/strong>Esta primera fase del proceso de evaluaci\u00f3n explora c\u00f3mo y por qu\u00e9 podr\u00eda llevarse a cabo una evaluaci\u00f3n y define las preguntas clave que deben abordarse. El principal resultado de esta fase es un informe de an\u00e1lisis inicial.&nbsp;<br><\/li><li><strong><strong>Valoraci\u00f3n<\/strong>: <\/strong>Es la etapa en la que se lleva a cabo la evaluaci\u00f3n de los conocimientos existentes en materia de diversidad biol\u00f3gica y servicios de los ecosistemas, en funci\u00f3n de las preguntas clave identificadas durante la fase de an\u00e1lisis inicial. Los principales resultados de esta fase son un informe t\u00e9cnico y un resumen para los encargados de formular pol\u00edticas.&nbsp;<br><\/li><li><strong><strong>Aprobaci\u00f3n<\/strong>: <\/strong>En esta fase, las partes interesadas, en particular el gobierno, aceptan el informe t\u00e9cnico y aprueban el resumen para los encargados de formular pol\u00edticas. Esto incrementa la probabilidad de que los mensajes clave se utilicen para fundamentar los procesos de toma de decisiones.&nbsp;<br><\/li><li><strong><strong>Uso de los hallazgos de la evaluaci\u00f3n<\/strong>: <\/strong>Una vez aprobada la evaluaci\u00f3n, se desarrolla un plan de acci\u00f3n para facilitar la integraci\u00f3n de los hallazgos de la evaluaci\u00f3n en la toma de decisiones. En este punto arranca la labor de potenciar la consideraci\u00f3n del pleno valor de la naturaleza en los procesos de formulaci\u00f3n de pol\u00edticas.<\/li><\/ol>\n\n\n\n<figure class=\"block-full-width-image\">\n  <img decoding=\"async\"\n    src=\"https:\/\/www.ecosystemassessments.net\/content\/\/uploads\/2021\/09\/Timeline-01-Main-e1630765417252.png\"\n    alt=\"\"\n    class=\"block-full-width-image__image\"\n  >\n  <\/figure>\n\n\n\n<hr class=\"wp-block-separator\"\/>\n","protected":false},"excerpt":{"rendered":"Una evaluaci\u00f3n nacional de ecosistemas es un proceso impulsado a escala nacional para desarrollar una s\u00edntesis actualizada, exhaustiva y cr\u00edtica de los conocimientos sobre diversidad biol\u00f3gica y servicios de los ecosistemas, as\u00ed como sobre sus interrelaciones con las personas. Estas evaluaciones se contextualizan para adaptarse a las necesidades nacionales y responder a cuestiones espec\u00edficas en&#8230; \n","protected":false},"author":1,"featured_media":596,"parent":2649,"menu_order":0,"comment_status":"closed","ping_status":"closed","template":"page-simple-hero.php","meta":{"_acf_changed":false,"om_disable_all_campaigns":false,"_monsterinsights_skip_tracking":false,"_monsterinsights_sitenote_active":false,"_monsterinsights_sitenote_note":"","_monsterinsights_sitenote_category":0,"footnotes":""},"class_list":["post-2651","page","type-page","status-publish","has-post-thumbnail","hentry"],"acf":{"back_button_url":"","back_button_text":"","hero_title":"","hero_opacity":"10","hero_text":""},"aioseo_notices":[],"_links":{"self":[{"href":"https:\/\/www.ecosystemassessments.net\/es\/wp-json\/wp\/v2\/pages\/2651"}],"collection":[{"href":"https:\/\/www.ecosystemassessments.net\/es\/wp-json\/wp\/v2\/pages"}],"about":[{"href":"https:\/\/www.ecosystemassessments.net\/es\/wp-json\/wp\/v2\/types\/page"}],"author":[{"embeddable":true,"href":"https:\/\/www.ecosystemassessments.net\/es\/wp-json\/wp\/v2\/users\/1"}],"replies":[{"embeddable":true,"href":"https:\/\/www.ecosystemassessments.net\/es\/wp-json\/wp\/v2\/comments?post=2651"}],"version-history":[{"count":2,"href":"https:\/\/www.ecosystemassessments.net\/es\/wp-json\/wp\/v2\/pages\/2651\/revisions"}],"predecessor-version":[{"id":2714,"href":"https:\/\/www.ecosystemassessments.net\/es\/wp-json\/wp\/v2\/pages\/2651\/revisions\/2714"}],"up":[{"embeddable":true,"href":"https:\/\/www.ecosystemassessments.net\/es\/wp-json\/wp\/v2\/pages\/2649"}],"wp:featuredmedia":[{"embeddable":true,"href":"https:\/\/www.ecosystemassessments.net\/es\/wp-json\/wp\/v2\/media\/596"}],"wp:attachment":[{"href":"https:\/\/www.ecosystemassessments.net\/es\/wp-json\/wp\/v2\/media?parent=2651"}],"curies":[{"name":"wp","href":"https:\/\/api.w.org\/{rel}","templated":true}]}}