{"id":2649,"date":"2022-03-31T09:31:07","date_gmt":"2022-03-31T08:31:07","guid":{"rendered":"http:\/\/www.ecosystemassessments.net\/?page_id=2649"},"modified":"2022-05-05T14:43:42","modified_gmt":"2022-05-05T13:43:42","slug":"proceso-de-evaluacion","status":"publish","type":"page","link":"https:\/\/www.ecosystemassessments.net\/es\/proceso-de-evaluacion\/","title":{"rendered":"Proceso de evaluaci\u00f3n"},"content":{"rendered":"\n<div class=\"blk-Introductory\">\n  <div class=\"blk-Introductory_Text\">\n    <p>Las evaluaciones nacionales de ecosistemas ofrecen una s\u00edntesis cr\u00edtica de los conocimientos sobre diversidad biol\u00f3gica y servicios de los ecosistemas, as\u00ed como sobre sus beneficios para las personas. Se trata de un proceso impulsado por los pa\u00edses que busca abordar cuestiones pol\u00edticas con la aportaci\u00f3n de una serie de portadores de conocimiento.<\/p>\n  <\/div>\n      <a\n      href=\"\/assessment-process\/what-are-neas\/\"\n            class=\"blk-Introductory_Button\"\n    >\n      \u00bfQu\u00e9 son las evaluaciones nacionales de ecosistemas?          <\/a>\n  <\/div>\n\n\n\n<div class=\"process-cards\">\n  <div class=\"process-cards__inner\">\n    <div class=\"process-cards__header\">\n      <h3 class=\"process-cards__title\">\n        Fases de la evaluaci\u00f3n:      <\/h3>\n    <\/div>\n\n    <div class=\"process-cards__body\">\n\n              <ul class=\"process-cards__items\">\n\n          \n            <li class=\"process-cards__item\">\n              \n<article id=\"post-2796\" class=\"card-listing__card\">\n\t<header class=\"card-listing__header\">\n    <div class=\"card-listing__image-wrap\">\n      <img decoding=\"async\"\n        src=\"https:\/\/www.ecosystemassessments.net\/content\/\/uploads\/2021\/03\/zinko-hein-PQZY7mgSaHs-unsplash-250x250.jpg\"\n        alt=\"An\u00e1lisis inicial\"\n        class=\"card-listing__image\"\n      \/>\n    <\/div>\n\t<\/header>\n\t<div class=\"card-listing__body\">\n\t\t<div class=\"card-listing__content\">\n      <h3 class=\"card-listing__title\">An\u00e1lisis inicial<\/h3>\n\t\t<\/div>\n\t<\/div>\n  <a class=\"card-listing__fauxlink\" href=\"https:\/\/www.ecosystemassessments.net\/es\/process\/analisis-inicial\/\" title=\"An\u00e1lisis inicial\"><\/a>\n<\/article><!-- #post-## -->\n            <\/li>\n\n          \n            <li class=\"process-cards__item\">\n              \n<article id=\"post-2810\" class=\"card-listing__card\">\n\t<header class=\"card-listing__header\">\n    <div class=\"card-listing__image-wrap\">\n      <img decoding=\"async\"\n        src=\"https:\/\/www.ecosystemassessments.net\/content\/\/themes\/ea\/inc\/img\/card-placeholder.jpg\"\n        alt=\"Proceso de evaluacion de expertos\"\n        class=\"card-listing__image\"\n      \/>\n    <\/div>\n\t<\/header>\n\t<div class=\"card-listing__body\">\n\t\t<div class=\"card-listing__content\">\n      <h3 class=\"card-listing__title\">Proceso de evaluacion de expertos<\/h3>\n\t\t<\/div>\n\t<\/div>\n  <a class=\"card-listing__fauxlink\" href=\"https:\/\/www.ecosystemassessments.net\/es\/process\/valoracion\/\" title=\"Proceso de evaluacion de expertos\"><\/a>\n<\/article><!-- #post-## -->\n            <\/li>\n\n          \n        <\/ul>\n          <\/div>\n  <\/div>\n<\/div>\n","protected":false},"excerpt":{"rendered":"","protected":false},"author":1,"featured_media":598,"parent":0,"menu_order":0,"comment_status":"closed","ping_status":"closed","template":"page-fullwidth.php","meta":{"_acf_changed":false,"om_disable_all_campaigns":false,"_monsterinsights_skip_tracking":false,"_monsterinsights_sitenote_active":false,"_monsterinsights_sitenote_note":"","_monsterinsights_sitenote_category":0,"footnotes":""},"class_list":["post-2649","page","type-page","status-publish","has-post-thumbnail","hentry"],"acf":{"hero_title":"","hero_opacity":"10","hero_text":""},"aioseo_notices":[],"_links":{"self":[{"href":"https:\/\/www.ecosystemassessments.net\/es\/wp-json\/wp\/v2\/pages\/2649"}],"collection":[{"href":"https:\/\/www.ecosystemassessments.net\/es\/wp-json\/wp\/v2\/pages"}],"about":[{"href":"https:\/\/www.ecosystemassessments.net\/es\/wp-json\/wp\/v2\/types\/page"}],"author":[{"embeddable":true,"href":"https:\/\/www.ecosystemassessments.net\/es\/wp-json\/wp\/v2\/users\/1"}],"replies":[{"embeddable":true,"href":"https:\/\/www.ecosystemassessments.net\/es\/wp-json\/wp\/v2\/comments?post=2649"}],"version-history":[{"count":1,"href":"https:\/\/www.ecosystemassessments.net\/es\/wp-json\/wp\/v2\/pages\/2649\/revisions"}],"predecessor-version":[{"id":2650,"href":"https:\/\/www.ecosystemassessments.net\/es\/wp-json\/wp\/v2\/pages\/2649\/revisions\/2650"}],"wp:featuredmedia":[{"embeddable":true,"href":"https:\/\/www.ecosystemassessments.net\/es\/wp-json\/wp\/v2\/media\/598"}],"wp:attachment":[{"href":"https:\/\/www.ecosystemassessments.net\/es\/wp-json\/wp\/v2\/media?parent=2649"}],"curies":[{"name":"wp","href":"https:\/\/api.w.org\/{rel}","templated":true}]}}