{"id":2644,"date":"2022-03-31T09:32:44","date_gmt":"2022-03-31T08:32:44","guid":{"rendered":"http:\/\/www.ecosystemassessments.net\/?page_id=2644"},"modified":"2022-05-05T14:43:24","modified_gmt":"2022-05-05T13:43:24","slug":"quienes-somos","status":"publish","type":"page","link":"https:\/\/www.ecosystemassessments.net\/es\/sobre-la-iniciativa\/quienes-somos\/","title":{"rendered":"Qui\u00e9nes somos"},"content":{"rendered":"\n<figure class=\"wp-block-image size-large is-resized\"><img decoding=\"async\" src=\"http:\/\/www.ecosystemassessments.net\/content\/\/uploads\/2021\/08\/NEA_LOGO_COLOUR-edited.png\" alt=\"\" class=\"wp-image-1271\" width=\"323\" height=\"123.017578125\" srcset=\"https:\/\/www.ecosystemassessments.net\/content\/\/uploads\/2021\/08\/NEA_LOGO_COLOUR-edited.png 3152w, https:\/\/www.ecosystemassessments.net\/content\/\/uploads\/2021\/08\/NEA_LOGO_COLOUR-edited-300x114.png 300w, https:\/\/www.ecosystemassessments.net\/content\/\/uploads\/2021\/08\/NEA_LOGO_COLOUR-edited-1024x389.png 1024w, https:\/\/www.ecosystemassessments.net\/content\/\/uploads\/2021\/08\/NEA_LOGO_COLOUR-edited-768x292.png 768w, https:\/\/www.ecosystemassessments.net\/content\/\/uploads\/2021\/08\/NEA_LOGO_COLOUR-edited-1536x584.png 1536w, https:\/\/www.ecosystemassessments.net\/content\/\/uploads\/2021\/08\/NEA_LOGO_COLOUR-edited-2048x778.png 2048w\" sizes=\"(max-width: 3152px) 100vw, 3152px\" \/><\/figure>\n\n\n\n<p>El Centro Mundial de Vigilancia de la Conservaci\u00f3n del Programa de las Naciones Unidas para el Medio Ambiente (UNEP-WCMC) acoge la Iniciativa de Evaluaci\u00f3n Nacional de Ecosistemas (Iniciativa NEA, por sus siglas en ingl\u00e9s). Apoyamos a los pa\u00edses que realizan evaluaciones nacionales de ecosistemas para potenciar la plena consideraci\u00f3n del valor de la naturaleza en la toma de decisiones.&nbsp;<br><br>Desde 2017, la Iniciativa NEA ha trabajado con <a href=\"https:\/\/www.ecosystemassessments.net\/partner-list\/?type=country-partner\" target=\"_blank\" rel=\"noreferrer noopener\">14 pa\u00edses<\/a> para conducir o examinar sus evaluaciones nacionales de ecosistemas. Nuestro apoyo se presta en colaboraci\u00f3n con el Programa de las Naciones Unidas para el Desarrollo (PNUD) y la Organizaci\u00f3n de las Naciones Unidas para la Educaci\u00f3n, la Ciencia y la Cultura (UNESCO) a trav\u00e9s de la Red de Diversidad Biol\u00f3gica y Servicios de los Ecosistemas (BES-Net).&nbsp;<br><br>La Iniciativa NEA crea capacidad, proporciona apoyo y fomenta el intercambio de conocimientos gracias a un equipo de profesionales y asociados altamente cualificado, multicultural e interdisciplinario. Nuestro enfoque se adapta a las necesidades de los pa\u00edses y est\u00e1 formando una comunidad de intercambio de pr\u00e1cticas en los cinco continentes.&nbsp;<\/p>\n\n\n\n<div style=\"height:20px\" aria-hidden=\"true\" class=\"wp-block-spacer\"><\/div>\n\n\n\n<hr class=\"wp-block-separator\"\/>\n\n\n\n<div style=\"height:20px\" aria-hidden=\"true\" class=\"wp-block-spacer\"><\/div>\n\n\n\n<p>La Iniciativa NEA cuenta con el respaldo econ\u00f3mico de la Iniciativa Internacional para el Clima (IKI) del Ministerio Federal de Medio Ambiente, Conservaci\u00f3n de la Naturaleza y Seguridad Nuclear de la Rep\u00fablica Federal de Alemania. El Fondo Japon\u00e9s para la Biodiversidad, la Agencia Noruega de Medio Ambiente y el programa SwedBio del Stockholm Resilience Center proporcionan apoyo adicional.&nbsp;<\/p>\n\n\n\n<figure class=\"wp-block-image size-large\"><img loading=\"lazy\" decoding=\"async\" width=\"986\" height=\"615\" src=\"http:\/\/www.ecosystemassessments.net\/content\/\/uploads\/2021\/09\/Donors-04-full.png\" alt=\"\" class=\"wp-image-1848\" srcset=\"https:\/\/www.ecosystemassessments.net\/content\/\/uploads\/2021\/09\/Donors-04-full.png 986w, https:\/\/www.ecosystemassessments.net\/content\/\/uploads\/2021\/09\/Donors-04-full-300x187.png 300w, https:\/\/www.ecosystemassessments.net\/content\/\/uploads\/2021\/09\/Donors-04-full-768x479.png 768w\" sizes=\"(max-width: 986px) 100vw, 986px\" \/><\/figure>\n\n\n\n<div style=\"height:30px\" aria-hidden=\"true\" class=\"wp-block-spacer\"><\/div>\n\n\n\n<hr class=\"wp-block-separator\"\/>\n\n\n\n<div style=\"height:87px\" aria-hidden=\"true\" class=\"wp-block-spacer\"><\/div>\n\n\n\n<div class=\"wp-block-buttons is-layout-flex wp-block-buttons-is-layout-flex\">\n<div class=\"wp-block-button\"><a class=\"wp-block-button__link\" href=\"\/partners\">Asociados de la Iniciativa NEA<\/a><\/div>\n<\/div>\n","protected":false},"excerpt":{"rendered":"El Centro Mundial de Vigilancia de la Conservaci\u00f3n del Programa de las Naciones Unidas para el Medio Ambiente (UNEP-WCMC) acoge la Iniciativa de Evaluaci\u00f3n Nacional de Ecosistemas (Iniciativa NEA, por sus siglas en ingl\u00e9s). Apoyamos a los pa\u00edses que realizan evaluaciones nacionales de ecosistemas para potenciar la plena consideraci\u00f3n del valor de la naturaleza en&#8230; \n","protected":false},"author":1,"featured_media":1335,"parent":2646,"menu_order":0,"comment_status":"closed","ping_status":"closed","template":"page-simple-hero.php","meta":{"_acf_changed":false,"om_disable_all_campaigns":false,"_monsterinsights_skip_tracking":false,"_monsterinsights_sitenote_active":false,"_monsterinsights_sitenote_note":"","_monsterinsights_sitenote_category":0,"footnotes":""},"class_list":["post-2644","page","type-page","status-publish","has-post-thumbnail","hentry"],"acf":{"back_button_url":"","back_button_text":"","hero_title":"","hero_opacity":"10","hero_text":""},"aioseo_notices":[],"_links":{"self":[{"href":"https:\/\/www.ecosystemassessments.net\/es\/wp-json\/wp\/v2\/pages\/2644"}],"collection":[{"href":"https:\/\/www.ecosystemassessments.net\/es\/wp-json\/wp\/v2\/pages"}],"about":[{"href":"https:\/\/www.ecosystemassessments.net\/es\/wp-json\/wp\/v2\/types\/page"}],"author":[{"embeddable":true,"href":"https:\/\/www.ecosystemassessments.net\/es\/wp-json\/wp\/v2\/users\/1"}],"replies":[{"embeddable":true,"href":"https:\/\/www.ecosystemassessments.net\/es\/wp-json\/wp\/v2\/comments?post=2644"}],"version-history":[{"count":2,"href":"https:\/\/www.ecosystemassessments.net\/es\/wp-json\/wp\/v2\/pages\/2644\/revisions"}],"predecessor-version":[{"id":2648,"href":"https:\/\/www.ecosystemassessments.net\/es\/wp-json\/wp\/v2\/pages\/2644\/revisions\/2648"}],"up":[{"embeddable":true,"href":"https:\/\/www.ecosystemassessments.net\/es\/wp-json\/wp\/v2\/pages\/2646"}],"wp:featuredmedia":[{"embeddable":true,"href":"https:\/\/www.ecosystemassessments.net\/es\/wp-json\/wp\/v2\/media\/1335"}],"wp:attachment":[{"href":"https:\/\/www.ecosystemassessments.net\/es\/wp-json\/wp\/v2\/media?parent=2644"}],"curies":[{"name":"wp","href":"https:\/\/api.w.org\/{rel}","templated":true}]}}