{"id":2642,"date":"2022-03-31T09:30:11","date_gmt":"2022-03-31T08:30:11","guid":{"rendered":"http:\/\/www.ecosystemassessments.net\/?page_id=2642"},"modified":"2022-05-05T14:45:20","modified_gmt":"2022-05-05T13:45:20","slug":"asociados","status":"publish","type":"page","link":"https:\/\/www.ecosystemassessments.net\/es\/asociados\/","title":{"rendered":"Asociados"},"content":{"rendered":"\n<p>La Iniciativa NEA del UNEP-WCMC forma parte de un consorcio con el Programa de las Naciones Unidas para el Desarrollo (PNUD) y la Organizaci\u00f3n de las Naciones Unidas para la Educaci\u00f3n, la Ciencia y la Cultura (UNESCO) en el marco de la Red de Biodiversidad y Servicios de los Ecosistemas (BES-Net). Trabaja con los gobiernos y se asocia con una amplia gama de organizaciones para apoyar las evaluaciones nacionales de ecosistemas.&nbsp;<br><br>La Iniciativa NEA cuenta con el respaldo econ\u00f3mico de la Iniciativa Internacional para el Clima (IKI) del Ministerio Federal de Medio Ambiente, Conservaci\u00f3n de la Naturaleza y Seguridad Nuclear de la Rep\u00fablica Federal de Alemania. El Fondo Japon\u00e9s para la Biodiversidad, la Agencia Noruega de Medio Ambiente y el programa SwedBio del Centro de Resiliencia de Estocolmo proporcionan apoyo adicional.&nbsp;<\/p>\n\n\n\n<div style=\"height:44px\" aria-hidden=\"true\" class=\"wp-block-spacer\"><\/div>\n\n\n\n<div class=\"wp-block-buttons is-layout-flex wp-block-buttons-is-layout-flex\">\n<div class=\"wp-block-button\"><a class=\"wp-block-button__link\" href=\"\/partners-overview\">Descripci\u00f3n de los asociados&nbsp;<\/a><\/div>\n<\/div>\n\n\n\n<div class=\"link-tiles\">\n  <div class=\"link-tiles__inner\">\n    <div class=\"link-tiles__header\">\n      <h3 class=\"link-tiles__title\">\n        Asociados      <\/h3>\n    <\/div>\n    <div class=\"link-tiles__body\">\n              <ul class=\"link-tiles__items\">\n\n          \n            <li class=\"link-tiles__item\">\n              <div class=\"link-tile\">\n                                  <h4 class=\"link-tile__title\">\n                    Miembros del consorcio                  <\/h4>\n                \n                                                    <img decoding=\"async\" class=\"link-tile__image\" src=\"https:\/\/www.ecosystemassessments.net\/content\/\/uploads\/2021\/08\/512px-UN_emblem_blue.svg_.png\" alt=\"Miembros del consorcio\">\n                  <div class=\"link-tile__image-overlay\"><\/div>\n                \n                                  <a class=\"link-tile__fauxlink\" href=\"\/partner-list?type=consortium-partner\"><\/a>\n                              <\/div>\n            <\/li>\n\n          \n            <li class=\"link-tiles__item\">\n              <div class=\"link-tile\">\n                                  <h4 class=\"link-tile__title\">\n                    Pa\u00edses asociados                  <\/h4>\n                \n                                                    <img decoding=\"async\" class=\"link-tile__image\" src=\"https:\/\/www.ecosystemassessments.net\/content\/\/uploads\/2021\/08\/ray-hennessy-yQZgEh4u-Dw-unsplash.jpg\" alt=\"Pa\u00edses asociados\">\n                  <div class=\"link-tile__image-overlay\"><\/div>\n                \n                                  <a class=\"link-tile__fauxlink\" href=\"\/partner-list?type=country-partner\"><\/a>\n                              <\/div>\n            <\/li>\n\n          \n            <li class=\"link-tiles__item\">\n              <div class=\"link-tile\">\n                                  <h4 class=\"link-tile__title\">\n                    Los donantes                  <\/h4>\n                \n                                                    <img decoding=\"async\" class=\"link-tile__image\" src=\"https:\/\/www.ecosystemassessments.net\/content\/\/uploads\/2021\/03\/AdobeStock_208741351.jpeg\" alt=\"Los donantes\">\n                  <div class=\"link-tile__image-overlay\"><\/div>\n                \n                                  <a class=\"link-tile__fauxlink\" href=\"\/donors\"><\/a>\n                              <\/div>\n            <\/li>\n\n          \n        <\/ul>\n          <\/div>\n\n          <div class=\"link-tiles__footer\">\n        <a href=\"\/partner-list\" class=\"link-tiles__link\">\n          Descripci\u00f3n de los asociados           <div class=\"icon-view-more\">\n  <svg xmlns=\"http:\/\/www.w3.org\/2000\/svg\" viewBox=\"0 0 792.049 792.049\"><path d=\"M622.955 342.127L268.424 20.521c-27.36-27.36-71.677-27.36-99.037 0s-27.36 71.676 0 99.037l304.749 276.468-304.749 276.466c-27.36 27.359-27.36 71.676 0 99.036s71.677 27.36 99.037 0l354.531-321.606c14.783-14.783 21.302-34.538 20.084-53.897 1.186-19.36-5.301-39.114-20.084-53.898z\" fill=\"currentColor\" \/><\/svg>  \n<\/div>\n        <\/a>\n      <\/div>\n      <\/div>\n<\/div>","protected":false},"excerpt":{"rendered":"La Iniciativa NEA del UNEP-WCMC forma parte de un consorcio con el Programa de las Naciones Unidas para el Desarrollo (PNUD) y la Organizaci\u00f3n de las Naciones Unidas para la Educaci\u00f3n, la Ciencia y la Cultura (UNESCO) en el marco de la Red de Biodiversidad y Servicios de los Ecosistemas (BES-Net). Trabaja con los gobiernos&#8230; \n","protected":false},"author":1,"featured_media":1335,"parent":0,"menu_order":0,"comment_status":"closed","ping_status":"closed","template":"page-fullwidth.php","meta":{"_acf_changed":false,"om_disable_all_campaigns":false,"_monsterinsights_skip_tracking":false,"_monsterinsights_sitenote_active":false,"_monsterinsights_sitenote_note":"","_monsterinsights_sitenote_category":0,"footnotes":""},"class_list":["post-2642","page","type-page","status-publish","has-post-thumbnail","hentry"],"acf":{"hero_title":"","hero_opacity":"10","hero_text":""},"aioseo_notices":[],"_links":{"self":[{"href":"https:\/\/www.ecosystemassessments.net\/es\/wp-json\/wp\/v2\/pages\/2642"}],"collection":[{"href":"https:\/\/www.ecosystemassessments.net\/es\/wp-json\/wp\/v2\/pages"}],"about":[{"href":"https:\/\/www.ecosystemassessments.net\/es\/wp-json\/wp\/v2\/types\/page"}],"author":[{"embeddable":true,"href":"https:\/\/www.ecosystemassessments.net\/es\/wp-json\/wp\/v2\/users\/1"}],"replies":[{"embeddable":true,"href":"https:\/\/www.ecosystemassessments.net\/es\/wp-json\/wp\/v2\/comments?post=2642"}],"version-history":[{"count":2,"href":"https:\/\/www.ecosystemassessments.net\/es\/wp-json\/wp\/v2\/pages\/2642\/revisions"}],"predecessor-version":[{"id":2713,"href":"https:\/\/www.ecosystemassessments.net\/es\/wp-json\/wp\/v2\/pages\/2642\/revisions\/2713"}],"wp:featuredmedia":[{"embeddable":true,"href":"https:\/\/www.ecosystemassessments.net\/es\/wp-json\/wp\/v2\/media\/1335"}],"wp:attachment":[{"href":"https:\/\/www.ecosystemassessments.net\/es\/wp-json\/wp\/v2\/media?parent=2642"}],"curies":[{"name":"wp","href":"https:\/\/api.w.org\/{rel}","templated":true}]}}