{"id":2640,"date":"2022-03-31T09:29:46","date_gmt":"2022-03-31T08:29:46","guid":{"rendered":"http:\/\/www.ecosystemassessments.net\/?page_id=2640"},"modified":"2022-05-05T14:45:28","modified_gmt":"2022-05-05T13:45:28","slug":"descripcion-de-los-asociados","status":"publish","type":"page","link":"https:\/\/www.ecosystemassessments.net\/es\/descripcion-de-los-asociados\/","title":{"rendered":"Descripci\u00f3n de los asociados"},"content":{"rendered":"\n<div class=\"wp-block-image\"><figure class=\"alignleft size-large\"><img loading=\"lazy\" decoding=\"async\" width=\"1024\" height=\"564\" src=\"http:\/\/www.ecosystemassessments.net\/content\/\/uploads\/2021\/09\/All-Partners-02.cropped-1-1024x564.jpg\" alt=\"\" class=\"wp-image-1914\" srcset=\"https:\/\/www.ecosystemassessments.net\/content\/\/uploads\/2021\/09\/All-Partners-02.cropped-1-1024x564.jpg 1024w, https:\/\/www.ecosystemassessments.net\/content\/\/uploads\/2021\/09\/All-Partners-02.cropped-1-300x165.jpg 300w, https:\/\/www.ecosystemassessments.net\/content\/\/uploads\/2021\/09\/All-Partners-02.cropped-1-768x423.jpg 768w, https:\/\/www.ecosystemassessments.net\/content\/\/uploads\/2021\/09\/All-Partners-02.cropped-1.jpg 1189w\" sizes=\"(max-width: 1024px) 100vw, 1024px\" \/><\/figure><\/div>\n\n\n\n<div style=\"height:29px\" aria-hidden=\"true\" class=\"wp-block-spacer\"><\/div>\n\n\n\n<p>La Iniciativa NEA act\u00faa en colaboraci\u00f3n con organizaciones de todo el mundo para prestar apoyo a las NEA y llevarlas a cabo. Esto incluye a los pa\u00edses asociados que realizan las evaluaciones, a los miembros del consorcio que apoyan la ejecuci\u00f3n y a los donantes que proporcionan asistencia econ\u00f3mica.&nbsp;<\/p>\n\n\n\n<div style=\"height:44px\" aria-hidden=\"true\" class=\"wp-block-spacer\"><\/div>\n\n\n\n<h4 class=\"wp-block-heading\"><strong>Miembros del consorcio<\/strong><\/h4>\n\n\n\n<figure class=\"wp-block-gallery columns-1 is-cropped wp-block-gallery-1 is-layout-flex wp-block-gallery-is-layout-flex\"><ul class=\"blocks-gallery-grid\"><li class=\"blocks-gallery-item\"><figure><img loading=\"lazy\" decoding=\"async\" width=\"1024\" height=\"576\" src=\"http:\/\/www.ecosystemassessments.net\/content\/\/uploads\/2021\/09\/Consortium-Partners-01-1024x576.png\" alt=\"\" data-id=\"1737\" data-full-url=\"http:\/\/www.ecosystemassessments.net\/content\/\/uploads\/2021\/09\/Consortium-Partners-01-e1630852042310.png\" data-link=\"http:\/\/www.ecosystemassessments.net\/partners-overview\/consortium-partners-01\/\" class=\"wp-image-1739\" srcset=\"https:\/\/www.ecosystemassessments.net\/content\/\/uploads\/2021\/09\/Consortium-Partners-01-1024x576.png 1024w, https:\/\/www.ecosystemassessments.net\/content\/\/uploads\/2021\/09\/Consortium-Partners-01-300x169.png 300w, https:\/\/www.ecosystemassessments.net\/content\/\/uploads\/2021\/09\/Consortium-Partners-01-768x432.png 768w, https:\/\/www.ecosystemassessments.net\/content\/\/uploads\/2021\/09\/Consortium-Partners-01.png 1280w\" sizes=\"(max-width: 1024px) 100vw, 1024px\" \/><\/figure><\/li><\/ul><\/figure>\n\n\n\n<p>La Iniciativa NEA del UNEP-WCMC forma parte de un consorcio con el Programa de las Naciones Unidas para el Desarrollo (PNUD) y la Organizaci\u00f3n de las Naciones Unidas para la Educaci\u00f3n, la Ciencia y la Cultura (UNESCO) en el marco de la Red de Biodiversidad y Servicios de los Ecosistemas (BES-Net).&nbsp;<br><br>A trav\u00e9s de BES-Net, el PNUD contribuye a la creaci\u00f3n de capacidades a escala nacional para realizar evaluaciones nacionales de ecosistemas en colaboraci\u00f3n con gobiernos y organizaciones asociadas de todo el mundo. Este trabajo complementa la <a href=\"https:\/\/ipbes.net\/global-assessment\" target=\"_blank\" rel=\"noreferrer noopener\">evaluaci\u00f3n mundial de la IPBES<\/a> y emplea la <a href=\"https:\/\/ipbes.net\/guide-production-assessments\" target=\"_blank\" rel=\"noreferrer noopener\">gu\u00eda<\/a> de la IPBES en materia de producci\u00f3n de evaluaciones. En particular, el PNUD apoya a los pa\u00edses asociados a la hora de promover la participaci\u00f3n de las partes interesadas en el proceso de evaluaci\u00f3n utilizando la metodolog\u00eda del tri\u00e1logo, que potencia el di\u00e1logo a tres bandas entre las entidades de la ciencia, la pol\u00edtica y la pr\u00e1ctica en torno a las cuestiones clave que abordan las evaluaciones.&nbsp;<br><br>La Secci\u00f3n de Sistemas de Conocimiento Locales e Ind\u00edgenas (<a href=\"https:\/\/en.unesco.org\/links\" target=\"_blank\" rel=\"noreferrer noopener\">LINKS<\/a>) de la UNESCO es la coordinadora de conocimientos ind\u00edgenas y locales para la <a href=\"https:\/\/www.besnet.world\/\" target=\"_blank\" rel=\"noreferrer noopener\">iniciativa BES-Net<\/a>. LINKS forma parte de la Divisi\u00f3n de Pol\u00edticas Cient\u00edficas y Fortalecimiento de Capacidades del Sector de Ciencias Exactas y Naturales. LINKS tambi\u00e9n alberga la Unidad de Apoyo T\u00e9cnico de la IPBES en materia de conocimientos ind\u00edgenas y locales. LINKS promueve los conocimientos ind\u00edgenas y locales como un importante caudal de pruebas y facilita la inclusi\u00f3n de los pueblos ind\u00edgenas y las comunidades locales en los procesos cient\u00edficos y normativos mundiales sobre el clima. Este programa ha tenido un peso importante a la hora de garantizar que los pueblos ind\u00edgenas y las comunidades locales se incluyan junto con sus conocimientos en los foros contempor\u00e1neos de ciencia, pol\u00edtica y sociedad sobre cuestiones como la biodiversidad y la gesti\u00f3n y evaluaci\u00f3n de los ecosistemas (Convenio sobre la Diversidad Biol\u00f3gica [CDB], IPBES), la evaluaci\u00f3n de los efectos del cambio clim\u00e1tico y las medidas de adaptaci\u00f3n a este (Grupo Intergubernamental de Expertos sobre el Cambio Clim\u00e1tico [IPCC], Convenci\u00f3n Marco de las Naciones Unidas sobre el Cambio Clim\u00e1tico [CMNUCC]), la reducci\u00f3n del riesgo de desastres (Oficina de las Naciones Unidas para la Reducci\u00f3n del Riesgo de Desastres [UNDRR]) y el desarrollo sostenible (R\u00edo+20, Future Earth).&nbsp;<\/p>\n\n\n\n<div style=\"height:64px\" aria-hidden=\"true\" class=\"wp-block-spacer\"><\/div>\n\n\n\n<h4 class=\"wp-block-heading\"><strong>Pa\u00edses asociados<\/strong><\/h4>\n\n\n\n<p>La Iniciativa NEA trabaja actualmente con tres grupos de pa\u00edses de los cinco continentes que est\u00e1n realizando evaluaciones nacionales de ecosistemas:&nbsp;<\/p>\n\n\n\n<div style=\"height:40px\" aria-hidden=\"true\" class=\"wp-block-spacer\"><\/div>\n\n\n\n<h5 class=\"wp-block-heading\"><em>Pa\u00edses del tramo I<\/em><\/h5>\n\n\n\n<figure class=\"wp-block-image size-large\"><img loading=\"lazy\" decoding=\"async\" width=\"935\" height=\"251\" src=\"http:\/\/www.ecosystemassessments.net\/content\/\/uploads\/2021\/09\/Tranche-1-Group-01.1.png\" alt=\"\" class=\"wp-image-1751\" srcset=\"https:\/\/www.ecosystemassessments.net\/content\/\/uploads\/2021\/09\/Tranche-1-Group-01.1.png 935w, https:\/\/www.ecosystemassessments.net\/content\/\/uploads\/2021\/09\/Tranche-1-Group-01.1-300x81.png 300w, https:\/\/www.ecosystemassessments.net\/content\/\/uploads\/2021\/09\/Tranche-1-Group-01.1-768x206.png 768w\" sizes=\"(max-width: 935px) 100vw, 935px\" \/><\/figure>\n\n\n\n<p>En 2017, el Camer\u00fan, Colombia, Etiop\u00eda y Viet\u202fNam se sumaron a la Iniciativa NEA con el fin de llevar a cabo su evaluaci\u00f3n nacional de ecosistemas. Los cuatro pa\u00edses presentar\u00e1n oficialmente sus evaluaciones en 2021 y pasar\u00e1n a la fase de <a rel=\"noreferrer noopener\" href=\"https:\/\/www.ecosystemassessments.net\/process\/endorsement-and-update\/\" target=\"_blank\"><em>utilizaci\u00f3n de los hallazgos de las evaluaciones<\/em><\/a> para respaldar las pol\u00edticas y decisiones en los sectores pertinentes.&nbsp;<\/p>\n\n\n\n<div style=\"height:100px\" aria-hidden=\"true\" class=\"wp-block-spacer\"><\/div>\n\n\n\n<h5 class=\"wp-block-heading\"><em>Pa\u00edses del tramo II<\/em><\/h5>\n\n\n\n<figure class=\"wp-block-image size-large\"><img loading=\"lazy\" decoding=\"async\" width=\"1024\" height=\"227\" src=\"http:\/\/www.ecosystemassessments.net\/content\/\/uploads\/2021\/09\/Tranche-2-Group-01.1-1024x227.png\" alt=\"\" class=\"wp-image-1764\" srcset=\"https:\/\/www.ecosystemassessments.net\/content\/\/uploads\/2021\/09\/Tranche-2-Group-01.1-1024x227.png 1024w, https:\/\/www.ecosystemassessments.net\/content\/\/uploads\/2021\/09\/Tranche-2-Group-01.1-300x66.png 300w, https:\/\/www.ecosystemassessments.net\/content\/\/uploads\/2021\/09\/Tranche-2-Group-01.1-768x170.png 768w, https:\/\/www.ecosystemassessments.net\/content\/\/uploads\/2021\/09\/Tranche-2-Group-01.1.png 1178w\" sizes=\"(max-width: 1024px) 100vw, 1024px\" \/><\/figure>\n\n\n\n<p>En 2018, Azerbaiy\u00e1n, Bosnia y Herzegovina, Camboya y Granada se incorporaron a la Iniciativa NEA con la intenci\u00f3n de realizar su evaluaci\u00f3n nacional de ecosistemas. Estos pa\u00edses se encuentran actualmente en la segunda fase de su proceso de evaluaci\u00f3n: <a rel=\"noreferrer noopener\" href=\"https:\/\/ecosystem.staging.wordpress-linode.linode.unep-wcmc.org\/process\/expert-evaluation\/\" target=\"_blank\"><em>evaluaci\u00f3n de conocimientos<\/em><\/a> sobre biodiversidad y servicios de los ecosistemas con vistas a abordar preguntas clave identificadas como prioritarias por las partes interesadas en la evaluaci\u00f3n.&nbsp;<\/p>\n\n\n\n<div style=\"height:100px\" aria-hidden=\"true\" class=\"wp-block-spacer\"><\/div>\n\n\n\n<h5 class=\"wp-block-heading\"><em>Pa\u00edses del tramo III<\/em><\/h5>\n\n\n\n<figure class=\"wp-block-image size-large\"><img loading=\"lazy\" decoding=\"async\" width=\"1024\" height=\"370\" src=\"http:\/\/www.ecosystemassessments.net\/content\/\/uploads\/2021\/09\/Tranche-3-Group-01-1024x370.png\" alt=\"\" class=\"wp-image-1767\" srcset=\"https:\/\/www.ecosystemassessments.net\/content\/\/uploads\/2021\/09\/Tranche-3-Group-01-1024x370.png 1024w, https:\/\/www.ecosystemassessments.net\/content\/\/uploads\/2021\/09\/Tranche-3-Group-01-300x108.png 300w, https:\/\/www.ecosystemassessments.net\/content\/\/uploads\/2021\/09\/Tranche-3-Group-01-768x277.png 768w, https:\/\/www.ecosystemassessments.net\/content\/\/uploads\/2021\/09\/Tranche-3-Group-01.png 1280w\" sizes=\"(max-width: 1024px) 100vw, 1024px\" \/><\/figure>\n\n\n\n<p>La Rep\u00fablica Dominicana, Malawi y Tailandia se adhirieron a la Iniciativa NEA en 2020 para desarrollar su evaluaci\u00f3n nacional de ecosistemas. En la actualidad, los tres pa\u00edses est\u00e1n reuniendo a sus equipos de evaluaci\u00f3n e iniciando la primera fase del proceso de evaluaci\u00f3n: el <a rel=\"noreferrer noopener\" href=\"https:\/\/www.ecosystemassessments.net\/process\/scoping-stage\" target=\"_blank\"><em>an\u00e1lisis inicial<\/em><\/a>. A trav\u00e9s de la participaci\u00f3n de las partes interesadas, la Rep\u00fablica Dominicana, Malawi y Tailandia identificar\u00e1n las principales prioridades de la evaluaci\u00f3n, incluidas las preguntas clave que se abordar\u00e1n.&nbsp;<\/p>\n\n\n\n<div style=\"height:100px\" aria-hidden=\"true\" class=\"wp-block-spacer\"><\/div>\n\n\n\n<h5 class=\"wp-block-heading\">Apoyo a los pa\u00edses del sur de \u00c1frica&nbsp;<\/h5>\n\n\n\n<p>La Iniciativa NEA presta apoyo a Botswana, Zambia y Zimbabwe para que realicen un <a rel=\"noreferrer noopener\" href=\"https:\/\/www.ecosystemassessments.net\/process\/scoping-stage\" target=\"_blank\"><em>an\u00e1lisis inicial<\/em><\/a> de la necesidad e impacto potenciales de realizar una evaluaci\u00f3n nacional de ecosistemas. Esta labor se est\u00e1 llevando a cabo con la ayuda de la Agencia Noruega de Medio Ambiente.&nbsp;<\/p>\n\n\n\n<div style=\"height:7px\" aria-hidden=\"true\" class=\"wp-block-spacer\"><\/div>\n\n\n\n<div class=\"wp-block-buttons is-layout-flex wp-block-buttons-is-layout-flex\">\n<div class=\"wp-block-button\"><a class=\"wp-block-button__link\" href=\"\/news-soutehrnafricascoping-april2021\/\">Leer m\u00e1s<\/a><\/div>\n<\/div>\n\n\n\n<div style=\"height:22px\" aria-hidden=\"true\" class=\"wp-block-spacer\"><\/div>\n\n\n\n<hr class=\"wp-block-separator\"\/>\n\n\n\n<div style=\"height:45px\" aria-hidden=\"true\" class=\"wp-block-spacer\"><\/div>\n\n\n\n<h4 class=\"wp-block-heading\"><strong>Los donantes<\/strong><\/h4>\n\n\n\n<p>La Iniciativa NEA cuenta con el respaldo econ\u00f3mico de la Iniciativa Internacional para el Clima (IKI) del Ministerio Federal de Medio Ambiente, Conservaci\u00f3n de la Naturaleza y Seguridad Nuclear de la Rep\u00fablica Federal de Alemania. El Fondo Japon\u00e9s para la Biodiversidad, la Agencia Noruega de Medio Ambiente y el programa SwedBio del Stockholm Resilience Center proporcionan apoyo adicional.&nbsp;<\/p>\n\n\n\n<figure class=\"wp-block-gallery columns-1 is-cropped wp-block-gallery-2 is-layout-flex wp-block-gallery-is-layout-flex\"><ul class=\"blocks-gallery-grid\"><li class=\"blocks-gallery-item\"><figure><img loading=\"lazy\" decoding=\"async\" width=\"986\" height=\"615\" src=\"http:\/\/www.ecosystemassessments.net\/content\/\/uploads\/2021\/09\/Donors-04-full.png\" alt=\"\" data-id=\"1846\" data-full-url=\"http:\/\/www.ecosystemassessments.net\/content\/\/uploads\/2021\/09\/Donors-04-full.png\" data-link=\"http:\/\/www.ecosystemassessments.net\/about\/who-we-are\/donors-04-full\/\" class=\"wp-image-1848\" srcset=\"https:\/\/www.ecosystemassessments.net\/content\/\/uploads\/2021\/09\/Donors-04-full.png 986w, https:\/\/www.ecosystemassessments.net\/content\/\/uploads\/2021\/09\/Donors-04-full-300x187.png 300w, https:\/\/www.ecosystemassessments.net\/content\/\/uploads\/2021\/09\/Donors-04-full-768x479.png 768w\" sizes=\"(max-width: 986px) 100vw, 986px\" \/><\/figure><\/li><\/ul><\/figure>\n\n\n\n<div style=\"height:81px\" aria-hidden=\"true\" class=\"wp-block-spacer\"><\/div>\n\n\n\n<h4 class=\"wp-block-heading\"><strong>Asociado t\u00e9cnico<\/strong>&nbsp;<\/h4>\n\n\n\n<h5 class=\"wp-block-heading\">Helmholtz Centre for Environmental Research &#8211; UFZ<\/h5>\n\n\n\n<p>El Helmholtz Centre for Environmental Research (UFZ) colabora con la Iniciativa de Evaluaci\u00f3n Nacional de Ecosistemas en calidad de asociado t\u00e9cnico con el fin de prestar apoyo a los pa\u00edses asociados para el desarrollo o fortalecimiento de plataformas cient\u00edfico-normativas nacionales en materia de diversidad biol\u00f3gica y servicios de los ecosistemas<\/p>\n\n\n\n<figure class=\"wp-block-image size-large\"><img loading=\"lazy\" decoding=\"async\" width=\"1024\" height=\"297\" src=\"http:\/\/www.ecosystemassessments.net\/content\/\/uploads\/2021\/09\/UFZ-1024x297.jpg\" alt=\"\" class=\"wp-image-1578\" srcset=\"https:\/\/www.ecosystemassessments.net\/content\/\/uploads\/2021\/09\/UFZ-1024x297.jpg 1024w, https:\/\/www.ecosystemassessments.net\/content\/\/uploads\/2021\/09\/UFZ-300x87.jpg 300w, https:\/\/www.ecosystemassessments.net\/content\/\/uploads\/2021\/09\/UFZ-768x223.jpg 768w, https:\/\/www.ecosystemassessments.net\/content\/\/uploads\/2021\/09\/UFZ.jpg 1387w\" sizes=\"(max-width: 1024px) 100vw, 1024px\" \/><\/figure>\n","protected":false},"excerpt":{"rendered":"La Iniciativa NEA act\u00faa en colaboraci\u00f3n con organizaciones de todo el mundo para prestar apoyo a las NEA y llevarlas a cabo. Esto incluye a los pa\u00edses asociados que realizan las evaluaciones, a los miembros del consorcio que apoyan la ejecuci\u00f3n y a los donantes que proporcionan asistencia econ\u00f3mica.&nbsp; Miembros del consorcio La Iniciativa NEA&#8230; \n","protected":false},"author":1,"featured_media":0,"parent":0,"menu_order":0,"comment_status":"closed","ping_status":"closed","template":"page-no-hero.php","meta":{"_acf_changed":false,"om_disable_all_campaigns":false,"_monsterinsights_skip_tracking":false,"_monsterinsights_sitenote_active":false,"_monsterinsights_sitenote_note":"","_monsterinsights_sitenote_category":0,"footnotes":""},"class_list":["post-2640","page","type-page","status-publish","hentry"],"acf":{"back_button_url":"","back_button_text":"","hero_title":"","hero_opacity":"10","hero_text":""},"aioseo_notices":[],"_links":{"self":[{"href":"https:\/\/www.ecosystemassessments.net\/es\/wp-json\/wp\/v2\/pages\/2640"}],"collection":[{"href":"https:\/\/www.ecosystemassessments.net\/es\/wp-json\/wp\/v2\/pages"}],"about":[{"href":"https:\/\/www.ecosystemassessments.net\/es\/wp-json\/wp\/v2\/types\/page"}],"author":[{"embeddable":true,"href":"https:\/\/www.ecosystemassessments.net\/es\/wp-json\/wp\/v2\/users\/1"}],"replies":[{"embeddable":true,"href":"https:\/\/www.ecosystemassessments.net\/es\/wp-json\/wp\/v2\/comments?post=2640"}],"version-history":[{"count":2,"href":"https:\/\/www.ecosystemassessments.net\/es\/wp-json\/wp\/v2\/pages\/2640\/revisions"}],"predecessor-version":[{"id":2712,"href":"https:\/\/www.ecosystemassessments.net\/es\/wp-json\/wp\/v2\/pages\/2640\/revisions\/2712"}],"wp:attachment":[{"href":"https:\/\/www.ecosystemassessments.net\/es\/wp-json\/wp\/v2\/media?parent=2640"}],"curies":[{"name":"wp","href":"https:\/\/api.w.org\/{rel}","templated":true}]}}