{"id":2633,"date":"2022-03-31T09:29:23","date_gmt":"2022-03-31T08:29:23","guid":{"rendered":"http:\/\/www.ecosystemassessments.net\/?page_id=2633"},"modified":"2023-12-11T15:27:55","modified_gmt":"2023-12-11T15:27:55","slug":"red-de-evaluaciones-submundiales","status":"publish","type":"page","link":"https:\/\/www.ecosystemassessments.net\/es\/red-de-evaluaciones-submundiales\/","title":{"rendered":"Red Subglobal de Evaluaciones"},"content":{"rendered":"\n<figure class=\"wp-block-image size-large\"><img loading=\"lazy\" decoding=\"async\" width=\"1049\" height=\"600\" src=\"http:\/\/www.ecosystemassessments.net\/content\/\/uploads\/2021\/09\/SGAN-small.png-edited.png\" alt=\"\" class=\"wp-image-1668\" srcset=\"https:\/\/www.ecosystemassessments.net\/content\/\/uploads\/2021\/09\/SGAN-small.png-edited.png 1049w, https:\/\/www.ecosystemassessments.net\/content\/\/uploads\/2021\/09\/SGAN-small.png-edited-300x172.png 300w, https:\/\/www.ecosystemassessments.net\/content\/\/uploads\/2021\/09\/SGAN-small.png-edited-1024x586.png 1024w, https:\/\/www.ecosystemassessments.net\/content\/\/uploads\/2021\/09\/SGAN-small.png-edited-768x439.png 768w\" sizes=\"(max-width: 1049px) 100vw, 1049px\" \/><\/figure>\n\n\n\n<p>La Red Subglobal de Evaluaciones (SGAN, por sus siglas en ingl\u00e9s) tiene como objetivo desarrollar la capacidad de sus miembros, incluidos los profesionales, los investigadores y los encargados de formular pol\u00edticas, para llevar a cabo y utilizar evaluaciones de ecosistemas.\u00a0<\/p>\n\n\n\n<p>La SGAN busca convocar a una comunidad para el intercambio de pr\u00e1cticas que cree capacidad y comparta experiencias en torno a las evaluaciones submundiales de ecosistemas. Los miembros de la red pueden ser profesionales, investigadores y tomadores de decisi\u00f3n.\u00a0<br><\/p>\n\n\n\n<hr class=\"wp-block-separator\"\/>\n\n\n\n<p><br>En 2007, el Programa de las Naciones Unidas para el Medio Ambiente (PNUMA), en colaboraci\u00f3n con un consorcio de asociados, reuni\u00f3 a la SGAN para proporcionar apoyo continuo a las evaluaciones submundiales que se llevaron a cabo durante el curso de la Evaluaci\u00f3n de los Ecosistemas del Milenio o en su seguimiento.&nbsp;<\/p>\n\n\n\n<p>El UNEP-WCMC se cocomplace por volver a reunir a los miembros y dar la bienvenida a nuevos asociados de la SGAN. El objetivo es potenciar las actividades de la red a trav\u00e9s de las siguientes medidas:<\/p>\n\n\n\n<ul class=\"wp-block-list\"><li>Prestar apoyo a las evaluaciones nacionales de ecosistemas.&nbsp;<\/li><li>Incentivar y promover el intercambio de conocimientos entre evaluaciones submundiales.&nbsp;<\/li><li>Ofrecer oportunidades de formaci\u00f3n relacionadas con las herramientas, los enfoques y los procesos de evaluaci\u00f3n.&nbsp;<\/li><\/ul>\n\n\n\n<p>Al reunir a la Iniciativa de Evaluaci\u00f3n Nacional de Ecosistemas y a la Red Subglobal de Evaluaciones, UNEP-WCMC pretende aumentar el apoyo a los pa\u00edses que realizan evaluaciones submundiales de los ecosistemas y fomentar el intercambio de conocimientos y la creaci\u00f3n de capacidades entre quienes participan en las evaluaciones.\u00a0<\/p>\n\n\n\n<div style=\"height:56px\" aria-hidden=\"true\" class=\"wp-block-spacer\"><\/div>\n\n\n\n<p><strong>Haga clic en el bot\u00f3n siguiente para adherirse a la Red Subglobal de Evaluaciones y mantenerse informado de los \u00faltimos eventos y recursos:<\/strong><\/p>\n\n\n\n<div class=\"wp-block-buttons is-layout-flex wp-block-buttons-is-layout-flex\">\n<div class=\"wp-block-button\"><a class=\"wp-block-button__link\" href=\"https:\/\/forms.office.com\/Pages\/ResponsePage.aspx?id=WLiqL_TRr0iG9khhltWWncCXPKb-Q79HvSHnUblbBPtUQ0ZWU1RPV1JQM0owTlJJN0NDSVU2Vk1RMi4u\" target=\"_blank\" rel=\"noreferrer noopener\">Sumarse a la Red Subglobal de Evaluaciones<\/a><\/div>\n\n\n\n<div class=\"wp-block-button\"><a class=\"wp-block-button__link\" href=\"https:\/\/www.ecosystemassessments.net\/sgan-webinars\/\" target=\"_blank\" rel=\"noreferrer noopener\">Acceda a seminarios web anteriores<\/a><\/div>\n<\/div>\n\n\n\n<div style=\"height:15px\" aria-hidden=\"true\" class=\"wp-block-spacer\"><\/div>\n\n\n\n<div style=\"height:19px\" aria-hidden=\"true\" class=\"wp-block-spacer\"><\/div>\n\n\n\n<figure class=\"block-full-width-image\">\n  <img decoding=\"async\"\n    src=\"https:\/\/www.ecosystemassessments.net\/content\/\/uploads\/2021\/09\/SGAN-IMAGE-03-LONG.png\"\n    alt=\"\"\n    class=\"block-full-width-image__image\"\n  >\n  <\/figure>\n","protected":false},"excerpt":{"rendered":"La Red Subglobal de Evaluaciones (SGAN, por sus siglas en ingl\u00e9s) tiene como objetivo desarrollar la capacidad de sus miembros, incluidos los profesionales, los investigadores y los encargados de formular pol\u00edticas, para llevar a cabo y utilizar evaluaciones de ecosistemas.\u00a0 La SGAN busca convocar a una comunidad para el intercambio de pr\u00e1cticas que cree capacidad&#8230; \n","protected":false},"author":1,"featured_media":1335,"parent":0,"menu_order":0,"comment_status":"closed","ping_status":"closed","template":"","meta":{"_acf_changed":false,"om_disable_all_campaigns":false,"_monsterinsights_skip_tracking":false,"_monsterinsights_sitenote_active":false,"_monsterinsights_sitenote_note":"","_monsterinsights_sitenote_category":0,"footnotes":""},"class_list":["post-2633","page","type-page","status-publish","has-post-thumbnail","hentry"],"acf":{"back_button_url":"","back_button_text":"","hero_title":"","hero_opacity":"10","hero_text":""},"aioseo_notices":[],"_links":{"self":[{"href":"https:\/\/www.ecosystemassessments.net\/es\/wp-json\/wp\/v2\/pages\/2633"}],"collection":[{"href":"https:\/\/www.ecosystemassessments.net\/es\/wp-json\/wp\/v2\/pages"}],"about":[{"href":"https:\/\/www.ecosystemassessments.net\/es\/wp-json\/wp\/v2\/types\/page"}],"author":[{"embeddable":true,"href":"https:\/\/www.ecosystemassessments.net\/es\/wp-json\/wp\/v2\/users\/1"}],"replies":[{"embeddable":true,"href":"https:\/\/www.ecosystemassessments.net\/es\/wp-json\/wp\/v2\/comments?post=2633"}],"version-history":[{"count":4,"href":"https:\/\/www.ecosystemassessments.net\/es\/wp-json\/wp\/v2\/pages\/2633\/revisions"}],"predecessor-version":[{"id":6676,"href":"https:\/\/www.ecosystemassessments.net\/es\/wp-json\/wp\/v2\/pages\/2633\/revisions\/6676"}],"wp:featuredmedia":[{"embeddable":true,"href":"https:\/\/www.ecosystemassessments.net\/es\/wp-json\/wp\/v2\/media\/1335"}],"wp:attachment":[{"href":"https:\/\/www.ecosystemassessments.net\/es\/wp-json\/wp\/v2\/media?parent=2633"}],"curies":[{"name":"wp","href":"https:\/\/api.w.org\/{rel}","templated":true}]}}